{"id":1742,"date":"2023-04-18T10:19:58","date_gmt":"2023-04-18T11:19:58","guid":{"rendered":"https:\/\/monicaottone.com\/holistic-point\/"},"modified":"2024-01-26T14:35:44","modified_gmt":"2024-01-26T14:35:44","slug":"holistic-point","status":"publish","type":"page","link":"https:\/\/monicaottone.com\/it\/holistic-point\/","title":{"rendered":"Holistic Point"},"content":{"rendered":"<p>[et_pb_section fb_built=\"1\" _builder_version=\"4.23.4\" _module_preset=\"default\" background_color=\"rgba(255,255,255,0)\" custom_padding=\"5px|||||\" da_disable_devices=\"off|off|off\" collapsed=\"on\" global_colors_info=\"{}\" da_is_popup=\"off\" da_exit_intent=\"off\" da_has_close=\"on\" da_alt_close=\"off\" da_dark_close=\"off\" da_not_modal=\"on\" da_is_singular=\"off\" da_with_loader=\"off\" da_has_shadow=\"on\"][et_pb_row _builder_version=\"4.23.4\" _module_preset=\"default\" global_colors_info=\"{}\"][et_pb_column type=\"4_4\" _builder_version=\"4.20.4\" _module_preset=\"default\" global_colors_info=\"{}\"][et_pb_text _builder_version=\"4.23.4\" _module_preset=\"default\" header_font=\"Times New Roman|||on|||||\" header_font_size=\"50px\" global_colors_info=\"{}\"]<\/p>\n<h1 style=\"text-align: center;\">\u00a0<\/h1>\n<h1 style=\"text-align: center;\">HOLISTIC POINT<\/h1>\n<p style=\"text-align: center;\">Holistic Point \u00e8 stato il primo ed unico studio onnicomprensivo di Cabo Verde dedicato al benessere psicobiologico.<\/p>\n<p style=\"text-align: center;\">Un modello di benessere concepito per aiutare le persone ad assumere il controllo di s\u00e8, focalizzandosi su ci\u00f2 che \u00e8 importante per loro in questo momento e comprendendo il CORPO, la MENTE e l'ANIMA.<\/p>\n<p style=\"text-align: center;\">Attivo nella Rua Pedonal di Santa Maria per tutto il 2023, oggi raggiunge in presenza i suoi clienti, turisti e residenti, in varie sedi sull'isola.<\/p>\n<p style=\"text-align: center;\">\n<p>[\/et_pb_text][et_pb_video src=\"https:\/\/www.youtube.com\/watch?v=muB-RikgsS4\" image_src=\"https:\/\/monicaottone.com\/wp-content\/uploads\/2023\/04\/header-video-holistic-point.jpg\" _builder_version=\"4.21.0\" _module_preset=\"default\" global_colors_info=\"{}\"][\/et_pb_video][\/et_pb_column][\/et_pb_row][\/et_pb_section][et_pb_section fb_built=\"1\" prev_background_color=\"rgba(255,255,255,0)\" admin_label=\"Features\" _builder_version=\"4.19.3\" background_color=\"#4ca3b6\" use_background_color_gradient=\"on\" background_color_gradient_stops=\"#4ca3b6 1%|#4ca3b6 100%\" background_color_gradient_start=\"#32bcf2\" background_color_gradient_end=\"#7dd1f1\" background_enable_image=\"off\" background_blend=\"overlay\" custom_padding=\"60px||0px|||\" top_divider_style=\"wave2\" top_divider_height=\"150px\" top_divider_flip=\"horizontal\" da_disable_devices=\"off|off|off\" locked=\"off\" collapsed=\"off\" global_colors_info=\"{}\" da_is_popup=\"off\" da_exit_intent=\"off\" da_has_close=\"on\" da_alt_close=\"off\" da_dark_close=\"off\" da_not_modal=\"on\" da_is_singular=\"off\" da_with_loader=\"off\" da_has_shadow=\"on\"][et_pb_row column_structure=\"2_5,3_5\" _builder_version=\"4.16\" custom_margin=\"-9px|auto||auto||\" custom_padding=\"5px|||||\" animation_style=\"fade\" global_colors_info=\"{}\"][et_pb_column type=\"2_5\" _builder_version=\"4.16\" custom_padding=\"|||\" global_colors_info=\"{}\" custom_padding__hover=\"|||\"][et_pb_image src=\"https:\/\/monicaottone.com\/wp-content\/uploads\/2022\/12\/logo-holistic-point-monica-ottone.webp\" title_text=\"logo holistic point monica ottone\" align=\"center\" align_tablet=\"center\" align_phone=\"center\" align_last_edited=\"on|desktop\" admin_label=\"Illustration\" _builder_version=\"4.20.4\" custom_margin=\"42px|||||\" animation_style=\"fade\" global_colors_info=\"{}\"][\/et_pb_image][\/et_pb_column][et_pb_column type=\"3_5\" _builder_version=\"4.16\" custom_padding=\"7%|||\" global_colors_info=\"{}\" custom_padding__hover=\"|||\"][et_pb_text _builder_version=\"4.20.4\" _module_preset=\"default\" header_2_font=\"Times New Roman||||||||\" header_2_text_align=\"center\" header_2_text_color=\"#FFFFFF\" global_colors_info=\"{}\"]<\/p>\n<h2><b>MISSIONE<\/b><\/h2>\n<p>[\/et_pb_text][et_pb_text _builder_version=\"4.20.4\" text_font=\"Lato||||||||\" text_text_color=\"#7f808c\" text_line_height=\"1.8em\" animation_style=\"slide\" animation_direction=\"top\" animation_intensity_slide=\"5%\" animation_starting_opacity=\"100%\" global_colors_info=\"{}\"]<\/p>\n<p><span style=\"color: #ffffff;\"><span class=\"fe5nidar khvhiq1o r5qsrrlp i5tg98hk f9ovudaz przvwfww gx1rr48f gfz4du6o r7fjleex nz2484kf svot0ezm dcnh1tix sxl192xd t3g6t33p\"><span class=\"mpj7bzys xzlurrtv\">\u2705 <\/span><\/span>LIBERARE IL CORPO<\/span><br \/><span style=\"color: #ffffff;\"><span class=\"fe5nidar khvhiq1o r5qsrrlp i5tg98hk f9ovudaz przvwfww gx1rr48f gfz4du6o r7fjleex nz2484kf svot0ezm dcnh1tix sxl192xd t3g6t33p\"><span class=\"mpj7bzys xzlurrtv\">\u2705<\/span><\/span> POTENZIARE LA MENTE<\/span><br \/><span style=\"color: #ffffff;\"><span class=\"fe5nidar khvhiq1o r5qsrrlp i5tg98hk f9ovudaz przvwfww gx1rr48f gfz4du6o r7fjleex nz2484kf svot0ezm dcnh1tix sxl192xd t3g6t33p\"><span class=\"mpj7bzys xzlurrtv\">\u2705<\/span><\/span> MASSIMIZZARE L'ENERGIA VITALE ED IL POTERE DI AUTOCURA<\/span><\/p>\n<p>[\/et_pb_text][et_pb_divider color=\"#88d4f2\" divider_weight=\"4px\" _builder_version=\"4.16\" max_width=\"60px\" height=\"4px\" animation_style=\"slide\" animation_direction=\"top\" animation_intensity_slide=\"5%\" animation_starting_opacity=\"100%\" global_colors_info=\"{}\"][\/et_pb_divider][et_pb_text _builder_version=\"4.20.4\" _module_preset=\"default\" header_2_font=\"Times New Roman||||||||\" header_2_text_align=\"center\" header_2_text_color=\"#FFFFFF\" global_colors_info=\"{}\" content__hover_enabled=\"on|desktop\" content__hover=\" <\/p>\n<h2><b>VISION<\/b><\/h2>\n<p> \"]<\/p>\n<h2><b>VISIONE<\/b><\/h2>\n<p>[\/et_pb_text][et_pb_text _builder_version=\"4.23.4\" text_font=\"Lato||||||||\" text_text_color=\"#7f808c\" text_line_height=\"1.8em\" animation_style=\"slide\" animation_direction=\"top\" animation_intensity_slide=\"5%\" animation_starting_opacity=\"100%\" global_colors_info=\"{}\"]<em><span style=\"color: #ffffff;\">ARRICCHIRE LE VOSTRE VACANZE  O SOGGIORNO A CABO VERDE CON TUTTO IL BENESSERE E L'EQUILIBRIO CHE DESIDERATE PER PORTARLO A CASA CON VOI<\/span><\/em>[\/et_pb_text][\/et_pb_column][\/et_pb_row][et_pb_row _builder_version=\"4.20.4\" _module_preset=\"default\" global_colors_info=\"{}\"][et_pb_column type=\"4_4\" _builder_version=\"4.20.4\" _module_preset=\"default\" global_colors_info=\"{}\"][et_pb_divider _builder_version=\"4.20.4\" _module_preset=\"default\" custom_margin=\"||-10px|||\" global_colors_info=\"{}\"][\/et_pb_divider][\/et_pb_column][\/et_pb_row][\/et_pb_section][et_pb_section fb_built=\"1\" prev_background_color=\"#4ca3b6\" disabled_on=\"on|on|off\" admin_label=\"Features\" _builder_version=\"4.20.4\" background_color=\"rgba(0,147,181,0.33)\" background_enable_image=\"off\" background_blend=\"overlay\" custom_padding=\"4px||45px|||\" top_divider_style=\"wave2\" top_divider_height=\"150px\" top_divider_flip=\"horizontal\" da_disable_devices=\"off|off|off\" locked=\"off\" collapsed=\"on\" global_colors_info=\"{}\" da_is_popup=\"off\" da_exit_intent=\"off\" da_has_close=\"on\" da_alt_close=\"off\" da_dark_close=\"off\" da_not_modal=\"on\" da_is_singular=\"off\" da_with_loader=\"off\" da_has_shadow=\"on\"][et_pb_row _builder_version=\"4.20.4\" _module_preset=\"default\" custom_margin=\"-6px|auto||auto||\" global_colors_info=\"{}\"][et_pb_column type=\"4_4\" _builder_version=\"4.20.4\" _module_preset=\"default\" global_colors_info=\"{}\"][et_pb_text _builder_version=\"4.23.4\" _module_preset=\"default\" header_2_font=\"Times New Roman||||||||\" header_2_text_align=\"center\" header_2_text_color=\"#FFFFFF\" hover_enabled=\"0\" global_colors_info=\"{}\" sticky_enabled=\"0\"]<\/p>\n<h2><b>PERCHE' SCEGLIERE HOLISTIC POINT IN PRESENZA?<\/b><\/h2>\n<p>[\/et_pb_text][\/et_pb_column][\/et_pb_row][et_pb_row column_structure=\"1_2,1_2\" _builder_version=\"4.20.4\" _module_preset=\"default\" global_colors_info=\"{}\"][et_pb_column type=\"1_2\" _builder_version=\"4.20.4\" _module_preset=\"default\" global_colors_info=\"{}\"][et_pb_text _builder_version=\"4.23.4\" _module_preset=\"default\" header_2_font=\"Times New Roman||||||||\" header_2_text_align=\"center\" header_2_text_color=\"#FFFFFF\" hover_enabled=\"0\" global_colors_info=\"{}\" sticky_enabled=\"0\"]<\/p>\n<h2><b>COSA FACCIAMO:<\/b><\/h2>\n<p>[\/et_pb_text][\/et_pb_column][et_pb_column type=\"1_2\" _builder_version=\"4.20.4\" _module_preset=\"default\" global_colors_info=\"{}\"][et_pb_text _builder_version=\"4.23.4\" _module_preset=\"default\" header_2_font=\"Times New Roman||||||||\" header_2_text_align=\"center\" header_2_text_color=\"#FFFFFF\" hover_enabled=\"0\" global_colors_info=\"{}\" sticky_enabled=\"0\"]<\/p>\n<h2><b>I BENEFICI PER TE:<\/b><\/h2>\n<p>[\/et_pb_text][\/et_pb_column][\/et_pb_row][et_pb_row column_structure=\"1_4,1_4,1_4,1_4\" make_equal=\"on\" _builder_version=\"4.23.4\" _module_preset=\"default\" custom_margin_last_edited=\"off|desktop\" hover_enabled=\"0\" global_colors_info=\"{}\" custom_margin__hover_enabled=\"off|desktop\" sticky_enabled=\"0\"][et_pb_column type=\"1_4\" _builder_version=\"4.23.4\" _module_preset=\"default\" background_color=\"#FFFFFF\" hover_enabled=\"0\" border_radii=\"on|5px|5px|5px|5px\" global_colors_info=\"{}\" sticky_enabled=\"0\"][et_pb_text _builder_version=\"4.23.4\" _module_preset=\"default\" text_font=\"||on||||||\" text_text_color=\"#000000\" text_font_size=\"17px\" text_letter_spacing=\"1px\" text_orientation=\"center\" custom_padding=\"15px|15px|15px|15px|false|false\" hover_enabled=\"0\" global_colors_info=\"{}\" sticky_enabled=\"0\"]<\/p>\n<p>MOVIMENTO CON<\/p>\n<p>GYROTONIC EXPANSION SYSTEM\u00ae<\/p>\n<p>KUNDALINI YOGA<\/p>\n<p>DANZA TERAPIA\u00a0<\/p>\n<p>[\/et_pb_text][\/et_pb_column][et_pb_column type=\"1_4\" _builder_version=\"4.20.4\" _module_preset=\"default\" background_color=\"#FFFFFF\" border_radii=\"on|5px|5px|5px|5px\" global_colors_info=\"{}\"][et_pb_text _builder_version=\"4.23.4\" _module_preset=\"default\" text_font=\"||on||||||\" text_text_color=\"#000000\" text_font_size=\"17px\" text_letter_spacing=\"1px\" header_font=\"||on||||||\" text_orientation=\"center\" custom_padding=\"25px|15px|15px|15px|false|false\" hover_enabled=\"0\" global_colors_info=\"{}\" sticky_enabled=\"0\"]<\/p>\n<p>TRATTAMENTI<\/p>\n<p>FISICI<\/p>\n<p>OLISTICI<\/p>\n<p>[\/et_pb_text][\/et_pb_column][et_pb_column type=\"1_4\" _builder_version=\"4.20.4\" _module_preset=\"default\" background_color=\"#FFFFFF\" border_radii=\"on|5px|5px|5px|5px\" global_colors_info=\"{}\"][et_pb_text _builder_version=\"4.23.4\" _module_preset=\"default\" text_text_color=\"#000000\" text_font_size=\"17px\" text_letter_spacing=\"1px\" text_orientation=\"center\" custom_padding=\"38px|15px|15px|15px|false|false\" hover_enabled=\"0\" global_colors_info=\"{}\" sticky_enabled=\"0\"]<\/p>\n<p><strong>RIABILITAZIONE &amp; FUNZIONE<\/strong><\/p>\n<p>[\/et_pb_text][\/et_pb_column][et_pb_column type=\"1_4\" _builder_version=\"4.20.4\" _module_preset=\"default\" background_color=\"#FFFFFF\" border_radii=\"on|5px|5px|5px|5px\" global_colors_info=\"{}\"][et_pb_text _builder_version=\"4.23.4\" _module_preset=\"default\" text_text_color=\"#000000\" text_font_size=\"17px\" text_letter_spacing=\"1px\" text_orientation=\"center\" custom_padding=\"26px|15px|15px|15px|false|false\" hover_enabled=\"0\" global_colors_info=\"{}\" sticky_enabled=\"0\"]<\/p>\n<p><strong>PRESTAZIONI &amp; FORMA<\/strong><\/p>\n<p>[\/et_pb_text][\/et_pb_column][\/et_pb_row][et_pb_row column_structure=\"1_4,1_4,1_4,1_4\" make_equal=\"on\" _builder_version=\"4.20.4\" _module_preset=\"default\" custom_margin_last_edited=\"off|desktop\" global_colors_info=\"{}\" custom_margin__hover_enabled=\"off|desktop\"][et_pb_column type=\"1_4\" _builder_version=\"4.20.4\" _module_preset=\"default\" background_color=\"#FFFFFF\" border_radii=\"on|5px|5px|5px|5px\" global_colors_info=\"{}\"][et_pb_text _builder_version=\"4.23.4\" _module_preset=\"default\" text_font=\"||on||||||\" text_text_color=\"#000000\" text_font_size=\"17px\" text_letter_spacing=\"1px\" text_orientation=\"center\" custom_padding=\"35px|15px|15px|15px|false|false\" hover_enabled=\"0\" global_colors_info=\"{}\" sticky_enabled=\"0\"]<\/p>\n<p>TECNICHE ENERGETICHE DI GUARIGIONE<\/p>\n<p>[\/et_pb_text][\/et_pb_column][et_pb_column type=\"1_4\" _builder_version=\"4.20.4\" _module_preset=\"default\" background_color=\"#FFFFFF\" border_radii=\"on|5px|5px|5px|5px\" global_colors_info=\"{}\"][et_pb_text _builder_version=\"4.23.4\" _module_preset=\"default\" text_font=\"||on||||||\" text_text_color=\"#000000\" text_font_size=\"17px\" text_letter_spacing=\"1px\" text_orientation=\"center\" custom_padding=\"15px|15px|15px|15px|false|false\" hover_enabled=\"0\" global_colors_info=\"{}\" sticky_enabled=\"0\"]<\/p>\n<p style=\"text-align: center;\"><strong>LIFESTYLE:<\/strong><br \/>- NUTRIZIONE<br \/>- IDRATAZIONE<br \/>- ENERGIA QUANTICA<\/p>\n<p>[\/et_pb_text][\/et_pb_column][et_pb_column type=\"1_4\" _builder_version=\"4.20.4\" _module_preset=\"default\" background_color=\"#FFFFFF\" border_radii=\"on|5px|5px|5px|5px\" global_colors_info=\"{}\"][et_pb_text _builder_version=\"4.23.4\" _module_preset=\"default\" text_text_color=\"#000000\" text_font_size=\"17px\" text_letter_spacing=\"1px\" text_orientation=\"center\" custom_padding=\"39px|15px|15px|15px|false|false\" hover_enabled=\"0\" global_colors_info=\"{}\" sticky_enabled=\"0\"]<\/p>\n<p><strong>DETOX &amp; PERDITA DI PESO<\/strong><\/p>\n<p>[\/et_pb_text][\/et_pb_column][et_pb_column type=\"1_4\" _builder_version=\"4.20.4\" _module_preset=\"default\" background_color=\"#FFFFFF\" border_radii=\"on|5px|5px|5px|5px\" global_colors_info=\"{}\"][et_pb_text _builder_version=\"4.20.4\" _module_preset=\"default\" text_text_color=\"#000000\" text_font_size=\"17px\" text_letter_spacing=\"1px\" text_orientation=\"center\" custom_padding=\"36px|15px|15px|15px|false|false\" global_colors_info=\"{}\"]<\/p>\n<p><strong>CAMBIAMENTI POSITIVI DI VITA<\/strong><\/p>\n<p>[\/et_pb_text][\/et_pb_column][\/et_pb_row][et_pb_row column_structure=\"1_2,1_2\" make_equal=\"on\" _builder_version=\"4.20.4\" _module_preset=\"default\" custom_margin_last_edited=\"off|desktop\" global_colors_info=\"{}\" custom_margin__hover_enabled=\"off|desktop\"][et_pb_column type=\"1_2\" _builder_version=\"4.20.4\" _module_preset=\"default\" background_color=\"#FFFFFF\" border_radii=\"on|5px|5px|5px|5px\" global_colors_info=\"{}\"][et_pb_text _builder_version=\"4.23.4\" _module_preset=\"default\" text_font=\"||on||||||\" text_text_color=\"#000000\" text_font_size=\"17px\" text_letter_spacing=\"1px\" text_orientation=\"center\" custom_padding=\"15px|15px|15px|15px|false|false\" hover_enabled=\"0\" global_colors_info=\"{}\" sticky_enabled=\"0\"]<\/p>\n<p>CONSULENZE DEL BENESSERE, COACHING, MEDITAZIONE E MINDFULLNESS<\/p>\n<p>[\/et_pb_text][\/et_pb_column][et_pb_column type=\"1_2\" _builder_version=\"4.20.4\" _module_preset=\"default\" background_color=\"#FFFFFF\" border_radii=\"on|5px|5px|5px|5px\" global_colors_info=\"{}\"][et_pb_text _builder_version=\"4.23.4\" _module_preset=\"default\" text_text_color=\"#000000\" text_font_size=\"17px\" text_letter_spacing=\"1px\" text_orientation=\"center\" custom_padding=\"15px|15px|15px|15px|false|false\" hover_enabled=\"0\" global_colors_info=\"{}\" sticky_enabled=\"0\"]<\/p>\n<p><strong>RIDUZIONE DELLO STRESS<\/strong><\/p>\n<p>[\/et_pb_text][\/et_pb_column][\/et_pb_row][\/et_pb_section][et_pb_section fb_built=\"1\" prev_background_color=\"rgba(0,147,181,0.33)\" disabled_on=\"on|on|on\" admin_label=\"Features\" _builder_version=\"4.23.4\" background_color=\"#4ca3b6\" use_background_color_gradient=\"on\" background_color_gradient_stops=\"#4ca3b6 1%|#4ca3b6 100%\" background_color_gradient_start=\"#32bcf2\" background_color_gradient_end=\"#7dd1f1\" background_enable_image=\"off\" background_blend=\"overlay\" custom_padding=\"4px||45px|||\" top_divider_style=\"wave2\" top_divider_height=\"150px\" top_divider_flip=\"horizontal\" hover_enabled=\"0\" da_disable_devices=\"off|off|off\" locked=\"off\" collapsed=\"on\" global_colors_info=\"{}\" disabled=\"on\" sticky_enabled=\"0\" da_is_popup=\"off\" da_exit_intent=\"off\" da_has_close=\"on\" da_alt_close=\"off\" da_dark_close=\"off\" da_not_modal=\"on\" da_is_singular=\"off\" da_with_loader=\"off\" da_has_shadow=\"on\"][et_pb_row _builder_version=\"4.20.4\" _module_preset=\"default\" custom_margin=\"-6px|auto||auto||\" global_colors_info=\"{}\"][et_pb_column type=\"4_4\" _builder_version=\"4.20.4\" _module_preset=\"default\" global_colors_info=\"{}\"][et_pb_text _builder_version=\"4.20.4\" _module_preset=\"default\" header_2_font=\"Times New Roman||||||||\" header_2_text_align=\"center\" header_2_text_color=\"#FFFFFF\" global_colors_info=\"{}\"]<\/p>\n<h2><b>PERCH\u00c9 SCEGLIERE HOLISTIC POINT?<\/b><\/h2>\n<p>[\/et_pb_text][\/et_pb_column][\/et_pb_row][et_pb_row _builder_version=\"4.20.4\" _module_preset=\"default\" global_colors_info=\"{}\"][et_pb_column type=\"4_4\" _builder_version=\"4.20.4\" _module_preset=\"default\" global_colors_info=\"{}\"][et_pb_image src=\"https:\/\/monicaottone.com\/wp-content\/uploads\/2023\/04\/what-we-do.jpg\" title_text=\"what we do\" align=\"center\" _builder_version=\"4.20.4\" _module_preset=\"default\" global_colors_info=\"{}\"][\/et_pb_image][et_pb_image src=\"https:\/\/monicaottone.com\/wp-content\/uploads\/2023\/04\/your-benefit.jpg\" title_text=\"your benefit\" align=\"center\" _builder_version=\"4.20.4\" _module_preset=\"default\" global_colors_info=\"{}\"][\/et_pb_image][\/et_pb_column][\/et_pb_row][\/et_pb_section][et_pb_section fb_built=\"1\" _builder_version=\"4.20.4\" _module_preset=\"default\" background_color=\"#4ca3b6\" da_disable_devices=\"off|off|off\" collapsed=\"on\" global_colors_info=\"{}\" da_is_popup=\"off\" da_exit_intent=\"off\" da_has_close=\"on\" da_alt_close=\"off\" da_dark_close=\"off\" da_not_modal=\"on\" da_is_singular=\"off\" da_with_loader=\"off\" da_has_shadow=\"on\"][et_pb_row _builder_version=\"4.20.4\" _module_preset=\"default\" global_colors_info=\"{}\"][et_pb_column type=\"4_4\" _builder_version=\"4.20.4\" _module_preset=\"default\" global_colors_info=\"{}\"][et_pb_text _builder_version=\"4.20.4\" _module_preset=\"default\" header_2_font=\"Times New Roman|||on|||||\" header_2_text_color=\"#FFFFFF\" header_2_font_size=\"46px\" global_colors_info=\"{}\"]<\/p>\n<h2 style=\"text-align: center;\">i nostri servizi<\/h2>\n<p>[\/et_pb_text][\/et_pb_column][\/et_pb_row][et_pb_row column_structure=\"1_2,1_2\" _builder_version=\"4.20.4\" _module_preset=\"default\" custom_margin=\"52px|auto||auto||\" global_colors_info=\"{}\"][et_pb_column type=\"1_2\" _builder_version=\"4.20.4\" _module_preset=\"default\" background_color=\"#FFFFFF\" link_option_url=\"https:\/\/monicaottone.com\/gyrotonic-expansion-system\/\" border_radii=\"on|8px|8px|8px|8px\" global_colors_info=\"{}\"][et_pb_text _builder_version=\"4.21.0\" _dynamic_attributes=\"link_option_url\" _module_preset=\"default\" custom_padding=\"40px|30px|30px|30px|false|false\" link_option_url=\"@ET-DC@eyJkeW5hbWljIjp0cnVlLCJjb250ZW50IjoicG9zdF9saW5rX3VybF9wYWdlIiwic2V0dGluZ3MiOnsicG9zdF9pZCI6IjI2MyJ9fQ==@\" global_colors_info=\"{}\"]<\/p>\n<h3 style=\"text-align: center;\">GYROTONIC EXPANSION SYSTEM\u00ae<\/h3>\n<p>[\/et_pb_text][\/et_pb_column][et_pb_column type=\"1_2\" _builder_version=\"4.20.4\" _module_preset=\"default\" background_color=\"#FFFFFF\" link_option_url=\"https:\/\/monicaottone.com\/manual-treatments\/\" border_radii=\"on|8px|8px|8px|8px\" global_colors_info=\"{}\"][et_pb_text _builder_version=\"4.21.0\" _dynamic_attributes=\"link_option_url\" _module_preset=\"default\" custom_padding=\"40px|30px|30px|30px|false|false\" link_option_url=\"@ET-DC@eyJkeW5hbWljIjp0cnVlLCJjb250ZW50IjoicG9zdF9saW5rX3VybF9wYWdlIiwic2V0dGluZ3MiOnsicG9zdF9pZCI6IjQ5MiJ9fQ==@\" global_colors_info=\"{}\"]<\/p>\n<h3 style=\"text-align: center;\">PERCORSI DI HEALTH COACHING\u00a0<\/h3>\n<p>[\/et_pb_text][\/et_pb_column][\/et_pb_row][et_pb_row column_structure=\"1_2,1_2\" _builder_version=\"4.20.4\" _module_preset=\"default\" custom_margin=\"-6px|auto||auto||\" custom_padding=\"20px|||||\" global_colors_info=\"{}\"][et_pb_column type=\"1_2\" _builder_version=\"4.20.4\" _module_preset=\"default\" background_color=\"#FFFFFF\" link_option_url=\"https:\/\/monicaottone.com\/physical-treatments\/\" border_radii=\"on|8px|8px|8px|8px\" global_colors_info=\"{}\"][et_pb_text _builder_version=\"4.21.0\" _dynamic_attributes=\"link_option_url\" _module_preset=\"default\" custom_padding=\"40px|30px|30px|30px|false|false\" link_option_url=\"@ET-DC@eyJkeW5hbWljIjp0cnVlLCJjb250ZW50IjoicG9zdF9saW5rX3VybF9wYWdlIiwic2V0dGluZ3MiOnsicG9zdF9pZCI6Ijg2NiJ9fQ==@\" global_colors_info=\"{}\"]<\/p>\n<h3 style=\"text-align: center;\">TERAPIE LIGHT TOUCH<\/h3>\n<p>[\/et_pb_text][\/et_pb_column][et_pb_column type=\"1_2\" _builder_version=\"4.20.4\" _module_preset=\"default\" background_color=\"#FFFFFF\" link_option_url=\"https:\/\/monicaottone.com\/mindfullness-and-meditation\/\" border_radii=\"on|8px|8px|8px|8px\" global_colors_info=\"{}\"][et_pb_text _builder_version=\"4.21.0\" _dynamic_attributes=\"link_option_url\" _module_preset=\"default\" custom_padding=\"40px|30px|30px|30px|false|false\" link_option_url=\"@ET-DC@eyJkeW5hbWljIjp0cnVlLCJjb250ZW50IjoicG9zdF9saW5rX3VybF9wYWdlIiwic2V0dGluZ3MiOnsicG9zdF9pZCI6IjM3NCJ9fQ==@\" global_colors_info=\"{}\"]<\/p>\n<h3 style=\"text-align: center;\">CONSULENZE SUL BENESSERE<\/h3>\n<p>[\/et_pb_text][\/et_pb_column][\/et_pb_row][et_pb_row column_structure=\"1_2,1_2\" _builder_version=\"4.20.4\" _module_preset=\"default\" custom_margin=\"-6px|auto||auto||\" custom_padding=\"20px|||||\" global_colors_info=\"{}\"][et_pb_column type=\"1_2\" _builder_version=\"4.20.4\" _module_preset=\"default\" background_color=\"#FFFFFF\" link_option_url=\"https:\/\/monicaottone.com\/physical-treatments\/\" border_radii=\"on|8px|8px|8px|8px\" global_colors_info=\"{}\"][et_pb_text _builder_version=\"4.21.0\" _dynamic_attributes=\"link_option_url\" _module_preset=\"default\" custom_padding=\"40px|30px|30px|30px|false|false\" link_option_url=\"@ET-DC@eyJkeW5hbWljIjp0cnVlLCJjb250ZW50IjoicG9zdF9saW5rX3VybF9wYWdlIiwic2V0dGluZ3MiOnsicG9zdF9pZCI6IjI1NjUifX0=@\" global_colors_info=\"{}\"]<\/p>\n<h3 style=\"text-align: center;\">ATTIVITA' IN CLASSI<\/h3>\n<p>[\/et_pb_text][\/et_pb_column][et_pb_column type=\"1_2\" _builder_version=\"4.20.4\" _module_preset=\"default\" background_color=\"#FFFFFF\" link_option_url=\"https:\/\/monicaottone.com\/mindfullness-and-meditation\/\" border_radii=\"on|8px|8px|8px|8px\" global_colors_info=\"{}\"][et_pb_text _builder_version=\"4.21.0\" _dynamic_attributes=\"link_option_url\" _module_preset=\"default\" custom_padding=\"40px|30px|30px|30px|false|false\" link_option_url=\"@ET-DC@eyJkeW5hbWljIjp0cnVlLCJjb250ZW50IjoicG9zdF9saW5rX3VybF9wYWdlIiwic2V0dGluZ3MiOnsicG9zdF9pZCI6IjExMDcifX0=@\" global_colors_info=\"{}\"]<\/p>\n<h3 style=\"text-align: center;\">SOLUZIONI LIFESTYLE<\/h3>\n<p>[\/et_pb_text][\/et_pb_column][\/et_pb_row][\/et_pb_section]<\/p>\n","protected":false},"excerpt":{"rendered":"<p>\u00a0 HOLISTIC POINT Holistic Point \u00e8 stato il primo ed unico studio onnicomprensivo di Cabo Verde dedicato al benessere psicobiologico. Un modello di benessere concepito per aiutare le persone ad assumere il controllo di s\u00e8, focalizzandosi su ci\u00f2 che \u00e8 importante per loro in questo momento e comprendendo il CORPO, la MENTE e l'ANIMA. Attivo [&hellip;]<\/p>\n","protected":false},"author":1,"featured_media":0,"parent":0,"menu_order":0,"comment_status":"closed","ping_status":"closed","template":"","meta":{"_et_pb_use_builder":"on","_et_pb_old_content":"","_et_gb_content_width":"","footnotes":""},"class_list":["post-1742","page","type-page","status-publish","hentry"],"_links":{"self":[{"href":"https:\/\/monicaottone.com\/it\/wp-json\/wp\/v2\/pages\/1742","targetHints":{"allow":["GET"]}}],"collection":[{"href":"https:\/\/monicaottone.com\/it\/wp-json\/wp\/v2\/pages"}],"about":[{"href":"https:\/\/monicaottone.com\/it\/wp-json\/wp\/v2\/types\/page"}],"author":[{"embeddable":true,"href":"https:\/\/monicaottone.com\/it\/wp-json\/wp\/v2\/users\/1"}],"replies":[{"embeddable":true,"href":"https:\/\/monicaottone.com\/it\/wp-json\/wp\/v2\/comments?post=1742"}],"version-history":[{"count":18,"href":"https:\/\/monicaottone.com\/it\/wp-json\/wp\/v2\/pages\/1742\/revisions"}],"predecessor-version":[{"id":5529,"href":"https:\/\/monicaottone.com\/it\/wp-json\/wp\/v2\/pages\/1742\/revisions\/5529"}],"wp:attachment":[{"href":"https:\/\/monicaottone.com\/it\/wp-json\/wp\/v2\/media?parent=1742"}],"curies":[{"name":"wp","href":"https:\/\/api.w.org\/{rel}","templated":true}]}}