{"id":1840,"date":"2023-04-06T15:39:15","date_gmt":"2023-04-06T16:39:15","guid":{"rendered":"https:\/\/monicaottone.com\/holistic-point\/trattamenti-fisici\/tappeto-di-gemme-curative-a-base-di-raggi-infrarossi-lontano-fir\/"},"modified":"2024-04-06T13:10:23","modified_gmt":"2024-04-06T14:10:23","slug":"tappeto-di-gemme-curative-a-base-di-raggi-infrarossi-lontano-fir","status":"publish","type":"page","link":"https:\/\/monicaottone.com\/it\/holistic-point\/trattamenti-fisici\/tappeto-di-gemme-curative-a-base-di-raggi-infrarossi-lontano-fir\/","title":{"rendered":"TAPPETO DI GEMME CURATIVE A BASE DI RAGGI INFRAROSSI LONTANO (FIR)"},"content":{"rendered":"<p>[et_pb_section fb_built=\"1\" admin_label=\"Header\" _builder_version=\"4.20.0\" _module_preset=\"default\" da_disable_devices=\"off|off|off\" collapsed=\"on\" global_colors_info=\"{}\" da_is_popup=\"off\" da_exit_intent=\"off\" da_has_close=\"on\" da_alt_close=\"off\" da_dark_close=\"off\" da_not_modal=\"on\" da_is_singular=\"off\" da_with_loader=\"off\" da_has_shadow=\"on\"][et_pb_row _builder_version=\"4.20.0\" _module_preset=\"default\" max_width=\"800px\" global_colors_info=\"{}\"][et_pb_column type=\"4_4\" _builder_version=\"4.20.0\" _module_preset=\"default\" global_colors_info=\"{}\"][et_pb_text _builder_version=\"4.19.3\" _module_preset=\"5982cc30-7512-49f1-a4ce-df4d3d05e730\" header_font=\"Times New Roman||||||||\" text_orientation=\"center\" custom_margin=\"||10px||false|false\" global_colors_info=\"{}\"]<\/p>\n<h1>TAPPETO CURATIVO DI PIETRE DURE - SPETTRO INFRAROSSO LONTANO<\/h1>\n<p>[\/et_pb_text][et_pb_text _builder_version=\"4.20.4\" _module_preset=\"62f7b9dd-898a-41cc-82f7-065a07db7367\" locked=\"off\" global_colors_info=\"{}\"]<\/p>\n<p>Il cuore della tecnologia <b>FIR del tappeto curativo<\/b> \u00e8 una combinazione potente di:<\/p>\n<ul>\n<li>Onde infrarosse del campo lontano e ioni negativi generati grazie alle propriet\u00e0 conduttive di purissime pietre minerali<\/li>\n<li aria-level=\"1\">Campi elettromagnetici pulsati a bassa intensit\u00e0 - PEMF<\/li>\n<li aria-level=\"1\">Emissione di fotoni di luce rossa<\/li>\n<\/ul>\n<p>Tutti questi agenti curativi sono combinati in un unico prodotto, di facile utilizzo con effetti molto benefici.<\/p>\n<p>Una sessione FIR Pemf \u00e8 un modo sicuro e naturale per migliorare la sintomatologia e trovare sollievo in caso di:<\/p>\n<ul>\n<li>Affaticamento e stanchezza<\/li>\n<li>Sovrallenamento, crampi e stiramenti<\/li>\n<li>Gambe pesanti<\/li>\n<li>Rigidit\u00e0 e mal di schiena<\/li>\n<li>Dolori muscolari ed articolari<\/li>\n<li>Invecchiamento, insonnia e stress<\/li>\n<\/ul>\n<p>Non solo, gi\u00e0 dopo poche sessioni, vengono osservati e riportati: aspetto pi\u00f9 compatto e giovaa\u00ecnile, riduzione generale dell'infiammazione e rilassamento.<\/p>\n<p>[\/et_pb_text][\/et_pb_column][\/et_pb_row][\/et_pb_section][et_pb_section fb_built=\"1\" admin_label=\"About\" _builder_version=\"4.19.3\" _module_preset=\"default\" background_color=\"gcid-cc1e7daa-e7a2-44d1-a6d4-86221a549f5c\" custom_padding=\"0px||0px||true|false\" da_disable_devices=\"off|off|off\" locked=\"off\" collapsed=\"on\" global_colors_info=\"{%22gcid-cc1e7daa-e7a2-44d1-a6d4-86221a549f5c%22:%91%22background_color%22%93}\" da_is_popup=\"off\" da_exit_intent=\"off\" da_has_close=\"on\" da_alt_close=\"off\" da_dark_close=\"off\" da_not_modal=\"on\" da_is_singular=\"off\" da_with_loader=\"off\" da_has_shadow=\"on\"][et_pb_row column_structure=\"1_2,1_2\" use_custom_gutter=\"on\" gutter_width=\"1\" make_equal=\"on\" _builder_version=\"4.19.3\" _module_preset=\"default\" width=\"100%\" max_width=\"none\" custom_padding=\"0px||0px||true|false\" global_colors_info=\"{}\"][et_pb_column type=\"1_2\" _builder_version=\"4.20.0\" _module_preset=\"default\" custom_padding=\"8%|8%|8%|8%|true|true\" global_colors_info=\"{}\"][et_pb_text _builder_version=\"4.19.3\" _module_preset=\"9298c4ae-175d-4eb7-8b55-bb7129c2e90b\" header_2_font=\"Times New Roman|||on|||||\" header_2_text_color=\"#FFFFFF\" custom_margin=\"||10px||false|false\" global_colors_info=\"{}\"]<\/p>\n<h2>La nostra scelta<\/h2>\n<p>[\/et_pb_text][et_pb_text _builder_version=\"4.19.3\" _module_preset=\"62f7b9dd-898a-41cc-82f7-065a07db7367\" text_text_color=\"#FFFFFF\" global_colors_info=\"{}\"]<\/p>\n<p>il tappeto curativo MediCrystal Gemstone offre una combinazione di 3 principali effetti benefici:<\/p>\n<p>1) emissione di biofotoni da luce rossa<br \/>2) luce infrarossa lontana generata dal calore<br \/>3) produzione di ioni negativi<\/p>\n<p>Grazie a questa tripla azione, una seduta sul tappeto genera un grande beneficio a tutto l'organismo.<br \/>La <span style=\"color: #000000;\"><b>tormalina<\/b><\/span>, <span style=\"color: #d58477;\"><b>l'agata<\/b><\/span>, <span style=\"color: #70ad47;\"><b>la giada<\/b><\/span> e <span style=\"color: #5e1fb1;\"><b>l'ametista<\/b><\/span> del nostro tappeto sono pietre semi-preziose 100% naturali e intessute a mano per conferire sia il miglior confort, che l'esposizione ottimale. Queste gemme hanno propriet\u00e0 molto simili fra loro e noi abbiamo scelto la miglior combinazione di tutte e 4.<\/p>\n<p>[\/et_pb_text][\/et_pb_column][et_pb_column type=\"1_2\" _builder_version=\"4.19.3\" _module_preset=\"default\" background_image=\"https:\/\/monicaottone.com\/wp-content\/uploads\/2023\/04\/PIETRE-GEM-MAT-HOLISTIC-POINT.webp\" global_colors_info=\"{}\"][et_pb_divider show_divider=\"off\" _builder_version=\"4.20.0\" _module_preset=\"default\" height_tablet=\"60vw\" height_phone=\"60vw\" height_last_edited=\"on|desktop\" global_colors_info=\"{}\"][\/et_pb_divider][\/et_pb_column][\/et_pb_row][\/et_pb_section][et_pb_section fb_built=\"1\" admin_label=\"Mission\" _builder_version=\"4.20.0\" _module_preset=\"default\" custom_padding=\"0px||0px||true|false\" da_disable_devices=\"off|off|off\" locked=\"off\" collapsed=\"on\" global_colors_info=\"{}\" da_is_popup=\"off\" da_exit_intent=\"off\" da_has_close=\"on\" da_alt_close=\"off\" da_dark_close=\"off\" da_not_modal=\"on\" da_is_singular=\"off\" da_with_loader=\"off\" da_has_shadow=\"on\"][et_pb_row column_structure=\"1_2,1_2\" use_custom_gutter=\"on\" gutter_width=\"1\" make_equal=\"on\" _builder_version=\"4.19.3\" _module_preset=\"default\" width=\"100%\" max_width=\"none\" custom_padding=\"0px||0px||true|false\" global_colors_info=\"{}\"][et_pb_column type=\"1_2\" _builder_version=\"4.19.3\" _module_preset=\"default\" background_image=\"https:\/\/monicaottone.com\/wp-content\/uploads\/2023\/04\/GEM-MAT-VIEW.webp\" global_colors_info=\"{}\"][et_pb_divider show_divider=\"off\" _builder_version=\"4.20.0\" _module_preset=\"default\" height_tablet=\"60vw\" height_phone=\"60vw\" height_last_edited=\"on|desktop\" global_colors_info=\"{}\"][\/et_pb_divider][\/et_pb_column][et_pb_column type=\"1_2\" _builder_version=\"4.20.0\" _module_preset=\"default\" custom_padding=\"8%|8%|8%|8%|true|true\" global_colors_info=\"{}\"][et_pb_text _builder_version=\"4.20.4\" _module_preset=\"62f7b9dd-898a-41cc-82f7-065a07db7367\" locked=\"off\" global_colors_info=\"{}\"]<\/p>\n<p><span style=\"color: #5e1fb1;\"><b>L'ametista<\/b><\/span> \u00e8 considerata la pietra curativa principale perch\u00e9, quando preriscaldata, emette onde in un intervallo di frquenze considerato bio-compatibile e bio-risonante, pertanto \u00e8 il cristallo di elezione per generare raggi infrarossi. Si ritiene che <span style=\"color: #5e1fb1;\"><b>l'ametista<\/b><\/span> sia efficace nel potenziare il sistema immunitario, migliorare la funzione endocrina, promuovere la salute dell'apparato digerente, ridurre il mal di testa, regolare gli ormoni e molto altro.<\/p>\n<p>I dischi di <span style=\"color: #000000;\"><b>tormalina<\/b><\/span> nera naturale sono ottimali per la generazione di anioni (ioni negativi) in numero compreso tra 700 e 500. Gli ioni negativi nel flusso sanguigno accelerano il rilascio di ossigeno a cellule e tessuti e promuovono l'ossidazione della serotonina.<\/p>\n<p>Si pensa che <strong>la tormalina<\/strong> aiuti a rilassare le tensioni, utile per correggere problemi spinali, a bilanciare le componenti yin e yan nel corpo, aumentare il flusso di energia e tutto ci\u00f2 la rende indicata per rimuovere blocchi. E' stato osservato che i suoi benefici effetti si riscontrano sull'umore, la percezione del dolore e la sessualit\u00e0.<\/p>\n<p>[\/et_pb_text][\/et_pb_column][\/et_pb_row][\/et_pb_section][et_pb_section fb_built=\"1\" admin_label=\"Testimonials\" _builder_version=\"4.19.3\" _module_preset=\"default\" background_color=\"RGBA(255,255,255,0)\" da_disable_devices=\"off|off|off\" collapsed=\"on\" global_colors_info=\"{}\" da_is_popup=\"off\" da_exit_intent=\"off\" da_has_close=\"on\" da_alt_close=\"off\" da_dark_close=\"off\" da_not_modal=\"on\" da_is_singular=\"off\" da_with_loader=\"off\" da_has_shadow=\"on\"][et_pb_row _builder_version=\"4.20.4\" _module_preset=\"default\" width=\"85%\" custom_padding=\"4px|||||\" locked=\"off\" global_colors_info=\"{}\"][et_pb_column type=\"4_4\" _builder_version=\"4.20.4\" _module_preset=\"default\" global_colors_info=\"{}\"][et_pb_text _builder_version=\"4.20.4\" _module_preset=\"62f7b9dd-898a-41cc-82f7-065a07db7367\" custom_margin_tablet=\"\" custom_margin_phone=\"-30px||||false|false\" custom_margin_last_edited=\"on|phone\" locked=\"off\" global_colors_info=\"{}\"]<\/p>\n<p><span style=\"color: #d58477;\"><b>Le agate rosse<\/b><\/span> sono state impiegate come pietre terapeutiche sin dall'antichit\u00e0. Questa pietra dura agisce sul sistema linfatico ed immunitario, allevia il dolore fisico, tonifica i muscoli supportando gli sportivi. Agisce positivamente in caso di emicrania, disturbi della pelle, degli occhi e delle orecchie, protegge le funzioni cerebrali ed accelera il metabolismo in caso di ipotiroidismo. E' anche un'eccellente pietra curativa in caso di idete dimagranti aiutando a bruciare calorie.<br \/>A livello mentale, questa pietra vulcanica offre un senso di sicurezza e protezione che \u00e8 raro incontrare in altri cristalli minerali. Si ritiene che renda chi la indossa pi\u00f9 sicuro dei suoi mezzi. Molto utile per allontanare paure ed incubi.<\/p>\n<p>Con una lunga storia come talismano protettivo, <b><span style=\"color: #70ad47;\">la pietra di giada<\/span><\/b> \u00e8 sempre stata impiegata come porta fortuna. Si pensa che l'universo versi ogni cosa buona attraverso questa gemma generosa. Oltre ad essere un amuleto per la buona sorte, questa pietra particolare ha un ampio spettro di propriet\u00e0 curative, dal lato emozionale a quello spirituale ed anche fisico, oltre a essere connessa al chakra del cuore. Coloro che sono pronti ad allontanare l'energia negativa ed entrare in armonia con l'universo, adoreranno gli stati d'animo brillanti e soavi che conferisce. Il chakra del cuore \u00e8 dove risiedono la nostra fiducia, compassione ed amore: con <b><span style=\"color: #70ad47;\">la giada<\/span><\/b> il cuore va oltre l'amore romantico, connettendoci al nostro rapporto con l'universo e coloro che ne fanno parte.<\/p>\n<p>[\/et_pb_text][\/et_pb_column][\/et_pb_row][\/et_pb_section][et_pb_section fb_built=\"1\" admin_label=\"Footer\" module_id=\"contatti\" module_class=\"contatti\" _builder_version=\"4.20.4\" background_color=\"#345168\" use_background_color_gradient=\"on\" background_color_gradient_stops=\"#345168 5%|rgba(219,219,219,0) 100%\" background_color_gradient_overlays_image=\"on\" background_color_gradient_start=\"#345168\" background_color_gradient_start_position=\"5%\" background_color_gradient_end=\"rgba(219,219,219,0)\" background_image=\"https:\/\/monicaottone.com\/wp-content\/uploads\/2023\/03\/vlcsnap-2023-03-22-20h13m56s358.webp\" custom_padding=\"5%||0%||false|false\" bottom_divider_flip=\"horizontal\" da_popup_slug=\"contatti\" da_disable_devices=\"off|off|off\" saved_tabs=\"all\" global_colors_info=\"{}\" theme_builder_area=\"post_content\" da_is_popup=\"off\" da_exit_intent=\"off\" da_has_close=\"on\" da_alt_close=\"off\" da_dark_close=\"off\" da_not_modal=\"on\" da_is_singular=\"off\" da_with_loader=\"off\" da_has_shadow=\"on\"][et_pb_row _builder_version=\"4.16\" locked=\"off\" global_colors_info=\"{}\" theme_builder_area=\"post_content\"][et_pb_column type=\"4_4\" _builder_version=\"4.16\" custom_padding=\"|||\" global_colors_info=\"{}\" custom_padding__hover=\"|||\" theme_builder_area=\"post_content\"][et_pb_text disabled_on=\"off|off|off\" _builder_version=\"4.24.3\" _module_preset=\"default\" text_text_color=\"#FFFFFF\" text_text_shadow_style=\"preset1\" text_text_shadow_color=\"rgba(0,0,0,0)\" global_colors_info=\"{}\" theme_builder_area=\"post_content\"]<\/p>\n<h1 style=\"padding-left: 40px;\"><span style=\"color: #f9f9f9;\"><strong>Contattami per accedere ai servizi di Holistic Point Capo Verde! Non vedo l'ora di conoscerti!<\/strong><\/span><\/h1>\n<p>[\/et_pb_text][et_pb_cta button_url=\"#contatto\" button_text=\"ENTRA IN CONTATTO CON MONICA\" _builder_version=\"4.24.3\" _module_preset=\"default\" header_font=\"|700||on|||||\" header_text_color=\"#000000\" body_font=\"|600|||||||\" body_text_color=\"#000000\" background_enable_color=\"off\" custom_button=\"on\" button_text_size=\"22px\" button_text_color=\"#000000\" button_bg_color=\"#FFFFFF\" button_border_width=\"3px\" button_icon=\"&#xe031;||divi||400\" button_alignment=\"center\" custom_margin=\"-59px||9px|||\" text_shadow_style=\"preset1\" locked=\"off\" global_colors_info=\"{}\" theme_builder_area=\"post_content\"][\/et_pb_cta][\/et_pb_column][\/et_pb_row][\/et_pb_section][et_pb_section fb_built=\"1\" _builder_version=\"4.19.3\" _module_preset=\"default\" background_color=\"#4ca3b6\" da_disable_devices=\"off|off|off\" global_colors_info=\"{}\" da_is_popup=\"off\" da_exit_intent=\"off\" da_has_close=\"on\" da_alt_close=\"off\" da_dark_close=\"off\" da_not_modal=\"on\" da_is_singular=\"off\" da_with_loader=\"off\" da_has_shadow=\"on\"][et_pb_row _builder_version=\"4.19.3\" _module_preset=\"default\" custom_padding=\"||0px|||\" global_colors_info=\"{}\"][et_pb_column type=\"4_4\" _builder_version=\"4.19.3\" _module_preset=\"default\" global_colors_info=\"{}\"][et_pb_text _builder_version=\"4.19.3\" _module_preset=\"default\" text_font=\"Lato||||||||\" text_text_color=\"#FFFFFF\" global_colors_info=\"{}\"]<\/p>\n<p>Ricordiamo che \u00e8 vostra responsabilit\u00e0 consultare un professionista sanitario prima e durante l'utilizzo di questo prodotto, che non \u00e8 commercializzato come dispositivo medico, n\u00e9 \u00e8 inteso per curare alcuna malattia. <\/p>\n<p style=\"text-align: center;\">E' sempre raccomandato di consultare un medico anteriormente all'uso di tappeto di pietre calde. In ogni caso si prega di notare che \u00e8 assolutamente controindicato in caso di: portatori di pacemakers o defibrillatori, ictus o anfina recenti, gravidanza.<\/p>\n<p style=\"text-align: center;\"><strong> <\/strong><\/p>\n<p>[\/et_pb_text][\/et_pb_column][\/et_pb_row][\/et_pb_section][et_pb_section fb_built=\"1\" admin_label=\"Popup - #contatto\" module_id=\"contatto\" module_class=\"popup\" _builder_version=\"4.19.3\" _module_preset=\"default\" background_color=\"#eaeaf3\" width=\"600px\" max_width=\"100%\" da_is_popup=\"on\" da_popup_slug=\"contatto\" da_disable_devices=\"off|off|off\" global_colors_info=\"{}\" theme_builder_area=\"post_content\" da_exit_intent=\"off\" da_has_close=\"on\" da_alt_close=\"off\" da_dark_close=\"off\" da_not_modal=\"on\" da_is_singular=\"off\" da_with_loader=\"off\" da_has_shadow=\"on\"][et_pb_row _builder_version=\"4.19.3\" _module_preset=\"default\" custom_margin=\"-40px|auto||auto||\" global_colors_info=\"{}\" theme_builder_area=\"post_content\"][et_pb_column type=\"4_4\" _builder_version=\"4.19.3\" _module_preset=\"default\" global_colors_info=\"{}\" theme_builder_area=\"post_content\"][et_pb_code _builder_version=\"4.21.0\" _module_preset=\"default\" text_orientation=\"center\" module_alignment=\"center\" global_colors_info=\"{}\" theme_builder_area=\"post_content\"]\n<div class=\"wpcf7 no-js\" id=\"wpcf7-f735-o1\" lang=\"en-US\" dir=\"ltr\" data-wpcf7-id=\"735\">\n<div class=\"screen-reader-response\"><p role=\"status\" aria-live=\"polite\" aria-atomic=\"true\"><\/p> <ul><\/ul><\/div>\n<form action=\"\/it\/wp-json\/wp\/v2\/pages\/1840#wpcf7-f735-o1\" method=\"post\" class=\"wpcf7-form init\" aria-label=\"Contact form\" novalidate=\"novalidate\" data-status=\"init\">\n<div style=\"display: none;\">\n<input type=\"hidden\" name=\"_wpcf7\" value=\"735\" \/>\n<input type=\"hidden\" name=\"_wpcf7_version\" value=\"6.0.5\" \/>\n<input type=\"hidden\" name=\"_wpcf7_locale\" value=\"en_US\" \/>\n<input type=\"hidden\" name=\"_wpcf7_unit_tag\" value=\"wpcf7-f735-o1\" \/>\n<input type=\"hidden\" name=\"_wpcf7_container_post\" value=\"0\" \/>\n<input type=\"hidden\" name=\"_wpcf7_posted_data_hash\" value=\"\" \/>\n<\/div>\n<div class=\"row full-width\">\n\t<p><span class=\"wpcf7-form-control-wrap\" data-name=\"your-email\"><input size=\"40\" maxlength=\"400\" class=\"wpcf7-form-control wpcf7-email wpcf7-validates-as-required wpcf7-text wpcf7-validates-as-email\" aria-required=\"true\" aria-invalid=\"false\" placeholder=\"Email\" value=\"\" type=\"email\" name=\"your-email\" \/><\/span>\n\t<\/p>\n<\/div>\n<div class=\"row\">\n\t<div class=\"half\">\n\t\t<p><span class=\"wpcf7-form-control-wrap\" data-name=\"your-name\"><input size=\"40\" maxlength=\"400\" class=\"wpcf7-form-control wpcf7-text wpcf7-validates-as-required\" aria-required=\"true\" aria-invalid=\"false\" placeholder=\"Full name\" value=\"\" type=\"text\" name=\"your-name\" \/><\/span>\n\t\t<\/p>\n\t<\/div>\n\t<div class=\"half\">\n\t\t<p><span class=\"wpcf7-form-control-wrap\" data-name=\"your-phone\"><input size=\"40\" maxlength=\"400\" class=\"wpcf7-form-control wpcf7-text\" aria-invalid=\"false\" placeholder=\"Phone number\" value=\"\" type=\"text\" name=\"your-phone\" \/><\/span>\n\t\t<\/p>\n\t<\/div>\n<\/div>\n<div class=\"row full-width\">\n\t<p><span class=\"wpcf7-form-control-wrap\" data-name=\"your-message\"><textarea cols=\"40\" rows=\"10\" maxlength=\"2000\" class=\"wpcf7-form-control wpcf7-textarea\" aria-invalid=\"false\" placeholder=\"Message\" name=\"your-message\"><\/textarea><\/span>\n\t<\/p>\n<\/div>\n<p><input class=\"wpcf7-form-control wpcf7-submit has-spinner\" type=\"submit\" value=\"Send message\" \/>\n<\/p><div class=\"wpcf7-response-output\" aria-hidden=\"true\"><\/div>\n<\/form>\n<\/div>\n[\/et_pb_code][\/et_pb_column][\/et_pb_row][\/et_pb_section]<\/p>\n","protected":false},"excerpt":{"rendered":"<p>TAPPETO CURATIVO DI PIETRE DURE - SPETTRO INFRAROSSO LONTANOIl cuore della tecnologia FIR del tappeto curativo \u00e8 una combinazione potente di: Onde infrarosse del campo lontano e ioni negativi generati grazie alle propriet\u00e0 conduttive di purissime pietre minerali Campi elettromagnetici pulsati a bassa intensit\u00e0 - PEMF Emissione di fotoni di luce rossa Tutti questi agenti [&hellip;]<\/p>\n","protected":false},"author":1,"featured_media":0,"parent":1822,"menu_order":0,"comment_status":"closed","ping_status":"closed","template":"","meta":{"_et_pb_use_builder":"on","_et_pb_old_content":"","_et_gb_content_width":"","footnotes":""},"class_list":["post-1840","page","type-page","status-publish","hentry"],"_links":{"self":[{"href":"https:\/\/monicaottone.com\/it\/wp-json\/wp\/v2\/pages\/1840","targetHints":{"allow":["GET"]}}],"collection":[{"href":"https:\/\/monicaottone.com\/it\/wp-json\/wp\/v2\/pages"}],"about":[{"href":"https:\/\/monicaottone.com\/it\/wp-json\/wp\/v2\/types\/page"}],"author":[{"embeddable":true,"href":"https:\/\/monicaottone.com\/it\/wp-json\/wp\/v2\/users\/1"}],"replies":[{"embeddable":true,"href":"https:\/\/monicaottone.com\/it\/wp-json\/wp\/v2\/comments?post=1840"}],"version-history":[{"count":3,"href":"https:\/\/monicaottone.com\/it\/wp-json\/wp\/v2\/pages\/1840\/revisions"}],"predecessor-version":[{"id":6484,"href":"https:\/\/monicaottone.com\/it\/wp-json\/wp\/v2\/pages\/1840\/revisions\/6484"}],"up":[{"embeddable":true,"href":"https:\/\/monicaottone.com\/it\/wp-json\/wp\/v2\/pages\/1822"}],"wp:attachment":[{"href":"https:\/\/monicaottone.com\/it\/wp-json\/wp\/v2\/media?parent=1840"}],"curies":[{"name":"wp","href":"https:\/\/api.w.org\/{rel}","templated":true}]}}