{"id":1849,"date":"2023-04-06T10:22:30","date_gmt":"2023-04-06T11:22:30","guid":{"rendered":"https:\/\/monicaottone.com\/holistic-point\/trattamenti-fisici\/sauna-a-raggi-infrarossi\/"},"modified":"2024-04-06T13:13:22","modified_gmt":"2024-04-06T14:13:22","slug":"sauna-a-raggi-infrarossi","status":"publish","type":"page","link":"https:\/\/monicaottone.com\/it\/holistic-point\/lifestyle\/sauna-a-raggi-infrarossi\/","title":{"rendered":"SAUNA A RAGGI INFRAROSSI"},"content":{"rendered":"<p>[et_pb_section fb_built=\"1\" admin_label=\"Header\" _builder_version=\"4.20.0\" _module_preset=\"default\" custom_padding=\"4px|||||\" da_disable_devices=\"off|off|off\" collapsed=\"on\" global_colors_info=\"{}\" da_is_popup=\"off\" da_exit_intent=\"off\" da_has_close=\"on\" da_alt_close=\"off\" da_dark_close=\"off\" da_not_modal=\"on\" da_is_singular=\"off\" da_with_loader=\"off\" da_has_shadow=\"on\"][et_pb_row _builder_version=\"4.20.0\" _module_preset=\"default\" max_width=\"800px\" global_colors_info=\"{}\"][et_pb_column type=\"4_4\" _builder_version=\"4.20.0\" _module_preset=\"default\" global_colors_info=\"{}\"][et_pb_text _builder_version=\"4.20.4\" _module_preset=\"5982cc30-7512-49f1-a4ce-df4d3d05e730\" header_font=\"Times New Roman||||||||\" header_font_size=\"60px\" text_orientation=\"center\" custom_margin=\"||10px||false|false\" global_colors_info=\"{}\"]<\/p>\n<h1>SAUNA A RAGGI INFRAROSSI<\/h1>\n<p>[\/et_pb_text][et_pb_text _builder_version=\"4.19.3\" _module_preset=\"62f7b9dd-898a-41cc-82f7-065a07db7367\" locked=\"off\" global_colors_info=\"{}\"]<\/p>\n<p style=\"text-align: center;\">L'effetto detox e rilassante \u00e8 assicurato: stimola la sudorazione, migliora la circolazione sanguigna, rilassa i muscoli, purifica la pelle e contribuisce all'eliminazione delle tossine. L'applicazione si basa su principi salutari, refforzando l'organismo e la salute, pertanto aiutando a prevenire malattie, piuttosto che a sopprimerle.<br \/>La scienza medica sta investigando sulle propriet\u00e0 salutari dell'applicazione di raggi IR, per saperne di pi\u00f9 potete informarvi qui:<\/p>\n<p style=\"text-align: center;\"><a href=\"https:\/\/www.ncbi.nlm.nih.gov\/pmc\/articles\/PMC4935255\/\">https:\/\/www.ncbi.nlm.nih.gov\/pmc\/articles\/PMC4935255\/<\/a><br \/><a href=\"https:\/\/www.mayoclinic.org\/healthy-lifestyle\/consumer-health\/expert-answers\/infrared-sauna\/faq-20057954\">La sauna a raggi infrarossi \u00e8 benefica per la salute? - Mayo Clinic<\/a><br \/><a href=\"https:\/\/health.clevelandclinic.org\/infrared-sauna-benefits\/\">Sauna Infrarossa: 6 Benefici per la salute \u2013 Cleveland Clinic<\/a><\/p>\n<p>[\/et_pb_text][\/et_pb_column][\/et_pb_row][\/et_pb_section][et_pb_section fb_built=\"1\" admin_label=\"About\" _builder_version=\"4.19.3\" _module_preset=\"default\" background_color=\"gcid-cc1e7daa-e7a2-44d1-a6d4-86221a549f5c\" custom_padding=\"0px||0px||true|false\" da_disable_devices=\"off|off|off\" locked=\"off\" collapsed=\"on\" global_colors_info=\"{%22gcid-cc1e7daa-e7a2-44d1-a6d4-86221a549f5c%22:%91%22background_color%22%93}\" da_is_popup=\"off\" da_exit_intent=\"off\" da_has_close=\"on\" da_alt_close=\"off\" da_dark_close=\"off\" da_not_modal=\"on\" da_is_singular=\"off\" da_with_loader=\"off\" da_has_shadow=\"on\"][et_pb_row column_structure=\"1_2,1_2\" use_custom_gutter=\"on\" gutter_width=\"1\" make_equal=\"on\" _builder_version=\"4.19.3\" _module_preset=\"default\" width=\"100%\" max_width=\"none\" custom_padding=\"0px||0px||true|false\" global_colors_info=\"{}\"][et_pb_column type=\"1_2\" _builder_version=\"4.20.0\" _module_preset=\"default\" custom_padding=\"8%|8%|8%|8%|true|true\" global_colors_info=\"{}\"][et_pb_text _builder_version=\"4.19.3\" _module_preset=\"9298c4ae-175d-4eb7-8b55-bb7129c2e90b\" header_2_font=\"Times New Roman|||on|||||\" header_2_text_color=\"#FFFFFF\" custom_margin=\"||10px||false|false\" global_colors_info=\"{}\"]<\/p>\n<h2>Principali benefici<\/h2>\n<p>[\/et_pb_text][et_pb_text _builder_version=\"4.19.3\" _module_preset=\"62f7b9dd-898a-41cc-82f7-065a07db7367\" text_text_color=\"#FFFFFF\" global_colors_info=\"{}\"]<\/p>\n<ul>\n<li aria-level=\"1\">Riduce rigidit\u00e0 articolari<\/li>\n<li aria-level=\"1\">Allevia spasmi muscolari<\/li>\n<li aria-level=\"1\">Ristora dolori muscolari<\/li>\n<li aria-level=\"1\">Aumenta il flusso sanguigno<\/li>\n<li aria-level=\"1\">Sostiene la funzione cardiaca<\/li>\n<li aria-level=\"1\">Da sollievo dal dolore<\/li>\n<li aria-level=\"1\">Accelera la guarigione delle lesioni cutanee e dei tessuti molli in genere<\/li>\n<li aria-level=\"1\">Favorisce l'elasticit\u00e0 delle fibre di collagene<\/li>\n<li aria-level=\"1\">Assiste nel riassorbimento di edemi infiltrati<\/li>\n<li aria-level=\"1\">Migliora il rilassamento e la qualit\u00e0 del sonno<\/li>\n<\/ul>\n<p>[\/et_pb_text][\/et_pb_column][et_pb_column type=\"1_2\" _builder_version=\"4.19.3\" _module_preset=\"default\" background_image=\"https:\/\/monicaottone.com\/wp-content\/uploads\/2023\/04\/infrared-sauna-2.jpg\" global_colors_info=\"{}\"][et_pb_divider show_divider=\"off\" _builder_version=\"4.20.0\" _module_preset=\"default\" height_tablet=\"60vw\" height_phone=\"60vw\" height_last_edited=\"on|desktop\" global_colors_info=\"{}\"][\/et_pb_divider][\/et_pb_column][\/et_pb_row][\/et_pb_section][et_pb_section fb_built=\"1\" admin_label=\"Mission\" _builder_version=\"4.20.0\" _module_preset=\"default\" custom_padding=\"0px||0px||true|false\" da_disable_devices=\"off|off|off\" locked=\"off\" collapsed=\"on\" global_colors_info=\"{}\" da_is_popup=\"off\" da_exit_intent=\"off\" da_has_close=\"on\" da_alt_close=\"off\" da_dark_close=\"off\" da_not_modal=\"on\" da_is_singular=\"off\" da_with_loader=\"off\" da_has_shadow=\"on\"][et_pb_row column_structure=\"1_2,1_2\" use_custom_gutter=\"on\" gutter_width=\"1\" make_equal=\"on\" _builder_version=\"4.20.4\" _module_preset=\"default\" width=\"100%\" max_width=\"none\" custom_padding=\"0px||0px||true|false\" global_colors_info=\"{}\"][et_pb_column type=\"1_2\" _builder_version=\"4.20.4\" _module_preset=\"default\" background_image=\"https:\/\/monicaottone.com\/wp-content\/uploads\/2023\/04\/infrared-sauna.webp\" global_colors_info=\"{}\"][et_pb_divider show_divider=\"off\" _builder_version=\"4.20.0\" _module_preset=\"default\" height_tablet=\"60vw\" height_phone=\"60vw\" height_last_edited=\"on|desktop\" global_colors_info=\"{}\"][\/et_pb_divider][\/et_pb_column][et_pb_column type=\"1_2\" _builder_version=\"4.20.0\" _module_preset=\"default\" custom_padding=\"8%|8%|8%|8%|true|true\" global_colors_info=\"{}\"][et_pb_text _builder_version=\"4.19.3\" _module_preset=\"9298c4ae-175d-4eb7-8b55-bb7129c2e90b\" header_font=\"Times New Roman|||on|||||\" header_2_font=\"Times New Roman|||on|||||\" custom_margin=\"||10px||false|false\" locked=\"off\" global_colors_info=\"{}\"]<\/p>\n<h2>La sauna IR \u00e8 pericolosa?<\/h2>\n<p>[\/et_pb_text][et_pb_text _builder_version=\"4.19.3\" _module_preset=\"62f7b9dd-898a-41cc-82f7-065a07db7367\" locked=\"off\" global_colors_info=\"{}\"]<\/p>\n<p>Sebbene la parola raggi possa suscitare dubbi, \u00e8 bene sapere che il principio su cui lavora \u00e8 analogo all'esposizione ai raggi solari, ma senza l'effetto dannoso dei raggi UV. Lo spettro infrarosso \u00e8 sicuro, essendo tra l'altro impiegato nelle incubatrici per neonati per mantenerli al caldo. Molti medici addirittura raccomandano la sauna IR. <\/p>\n<p>I suoi benefici effetti sono noti e riconosciuti, infatti una sessione aiuta ad eliminare tossine, riduce lo stress e migliora la circolazione sanguigna, attiva il sistema immunitario e l'aspetto dell'epidermide. <\/p>\n<p>I bagni termici sono inoltre raccomandati nel trattamento di alcune affezioni dermatologiche come eczemi o psoriasi.<\/p>\n<p>[\/et_pb_text][\/et_pb_column][\/et_pb_row][\/et_pb_section][et_pb_section fb_built=\"1\" admin_label=\"Testimonials\" _builder_version=\"4.20.0\" _module_preset=\"default\" background_color=\"gcid-c0d903dc-93ac-4ecc-8236-73ef6305c15d\" custom_padding=\"||33px|||\" da_disable_devices=\"off|off|off\" collapsed=\"on\" global_colors_info=\"{%22gcid-c0d903dc-93ac-4ecc-8236-73ef6305c15d%22:%91%22background_color%22%93}\" da_is_popup=\"off\" da_exit_intent=\"off\" da_has_close=\"on\" da_alt_close=\"off\" da_dark_close=\"off\" da_not_modal=\"on\" da_is_singular=\"off\" da_with_loader=\"off\" da_has_shadow=\"on\"][et_pb_row _builder_version=\"4.20.0\" _module_preset=\"default\" locked=\"off\" global_colors_info=\"{}\"][et_pb_column type=\"4_4\" _builder_version=\"4.20.0\" _module_preset=\"default\" global_colors_info=\"{}\"][et_pb_text _builder_version=\"4.19.3\" _module_preset=\"9298c4ae-175d-4eb7-8b55-bb7129c2e90b\" header_font=\"Times New Roman|||on|||||\" header_2_font=\"Times New Roman|||on|||||\" custom_margin=\"||10px||false|false\" locked=\"off\" global_colors_info=\"{}\"]<\/p>\n<h2 style=\"text-align: center;\">La nostra scelta<\/h2>\n<p>[\/et_pb_text][et_pb_text _builder_version=\"4.19.3\" _module_preset=\"62f7b9dd-898a-41cc-82f7-065a07db7367\" locked=\"off\" global_colors_info=\"{}\"]<\/p>\n<p>Presso Holistic Point troverete un modello di alta qualit\u00e0 di sauna IR realizzato con legno Hemlock. Questo tipo di legno, perfetto per costruire saune, consente resistenza ed isolamento perfetti. <\/p>\n<p>Abbiamo scelto emettitori a carbone, leggermente meno potenti di quelli in ceramica, perch\u00e8 trasmettono in un'area pi\u00f9 vasta e di conseguenza garantiscono una diffusione pi\u00f9 uniforme del calore. <\/p>\n<p>_ <\/p>\n<p>Il modello di cabina scelto consente anche di ascolatare la vostra musica preferita connettendovi via Bluetooth e di praticare al contempo <b>LA<\/b> <b>C<\/b><b>R<\/b><b>O<\/b><b>M<\/b><b>O<\/b><b>T<\/b><b>E<\/b><b>R<\/b><b>A<\/b><b>P<\/b><b>I<\/b><b>A<\/b>. <\/p>\n<p>Prescritta da molte medicine tradizionali, la cromoterapia si basa sul presupposto che lo spettro cromatico influenza la nostra condizione fisica, perci\u00f2 l'esposizione al colore blu favorir\u00e0 il rilassamento, mentre il rosso potr\u00e0 favorire la circolazione.<\/p>\n<p>[\/et_pb_text][\/et_pb_column][\/et_pb_row][\/et_pb_section][et_pb_section fb_built=\"1\" admin_label=\"Mission\" _builder_version=\"4.19.3\" _module_preset=\"default\" background_color=\"#f2f5f7\" custom_padding=\"0px||0px||true|false\" da_disable_devices=\"off|off|off\" locked=\"off\" collapsed=\"on\" global_colors_info=\"{}\" da_is_popup=\"off\" da_exit_intent=\"off\" da_has_close=\"on\" da_alt_close=\"off\" da_dark_close=\"off\" da_not_modal=\"on\" da_is_singular=\"off\" da_with_loader=\"off\" da_has_shadow=\"on\"][et_pb_row use_custom_gutter=\"on\" gutter_width=\"1\" make_equal=\"on\" _builder_version=\"4.19.3\" _module_preset=\"default\" width=\"100%\" max_width=\"none\" custom_margin=\"-1px|auto||auto||\" custom_padding=\"0px||0px||true|false\" global_colors_info=\"{}\"][et_pb_column type=\"4_4\" _builder_version=\"4.20.0\" _module_preset=\"default\" custom_padding=\"8%|8%|8%|8%|true|true\" global_colors_info=\"{}\"][et_pb_text _builder_version=\"4.19.3\" _module_preset=\"9298c4ae-175d-4eb7-8b55-bb7129c2e90b\" header_font=\"Times New Roman|||on|||||\" header_2_font=\"Times New Roman|||on|||||\" min_height=\"7px\" custom_margin=\"3px||10px||false|false\" custom_padding=\"9px|||||\" locked=\"off\" global_colors_info=\"{}\"]<\/p>\n<h3 style=\"text-align: center;\">Controindicazioni della sauna IR<\/h3>\n<p>[\/et_pb_text][et_pb_text _builder_version=\"4.20.4\" _module_preset=\"62f7b9dd-898a-41cc-82f7-065a07db7367\" text_font=\"Lato||||||||\" text_font_size=\"18px\" locked=\"off\" global_colors_info=\"{}\"]<\/p>\n<p style=\"text-align: center;\">La sauna IR \u00e8 generalmente considerata sicura, tuttavia riportiamo una lista di condizioni in cui non \u00e8 consigliabile sottoporvisi se non dopo aver consultato il proprio medico di fiducia:<\/p>\n<p style=\"text-align: center;\">[\/et_pb_text][et_pb_text _builder_version=\"4.19.3\" _module_preset=\"62f7b9dd-898a-41cc-82f7-065a07db7367\" locked=\"off\" global_colors_info=\"{}\"]<\/p>\n<p style=\"text-align: center;\">Gravidanza - le donne in gravidanza non dovrebbero utilizzare la sauna a infrarossi<\/p>\n<p style=\"text-align: center;\">Bambini sotto i 16 anni<\/p>\n<p style=\"text-align: center;\">Anziani o malati cronici sotto trattamento farmacologico<\/p>\n<p style=\"text-align: center;\">Soggetti con protesi metalliche<\/p>\n<p style=\"text-align: center;\">Inoltre \u00e8 proibito il consumo di alcool prima dell'uso della sauna IR.<\/p>\n<p style=\"text-align: center;\">Presenza di ferite traumatiche, febbre o segni di emorragia<\/p>\n<p>[\/et_pb_text][et_pb_text _builder_version=\"4.20.4\" _module_preset=\"62f7b9dd-898a-41cc-82f7-065a07db7367\" text_font=\"Lato||||||||\" text_font_size=\"18px\" custom_margin=\"||-3px|||\" custom_padding=\"54px||0px|||\" locked=\"off\" global_colors_info=\"{}\"]<\/p>\n<p style=\"text-align: center;\">\n<p style=\"text-align: center;\">\n<p style=\"text-align: center;\"><em>In caso di dubbio preghiamo i nostri clienti di consultare un professionista sanitario competente per assicurarsi che il trattamento di sauna IR sia compatibile con la loro condizione di salute.<\/em><\/p>\n<p>&nbsp;<\/p>\n<p>[\/et_pb_text][\/et_pb_column][\/et_pb_row][\/et_pb_section][et_pb_section fb_built=\"1\" _builder_version=\"4.19.3\" _module_preset=\"default\" background_color=\"#4ca3b6\" custom_padding=\"35px|||||\" da_disable_devices=\"off|off|off\" global_colors_info=\"{}\" da_is_popup=\"off\" da_exit_intent=\"off\" da_has_close=\"on\" da_alt_close=\"off\" da_dark_close=\"off\" da_not_modal=\"on\" da_is_singular=\"off\" da_with_loader=\"off\" da_has_shadow=\"on\"][et_pb_row _builder_version=\"4.19.3\" _module_preset=\"default\" global_colors_info=\"{}\"][et_pb_column type=\"4_4\" _builder_version=\"4.19.3\" _module_preset=\"default\" global_colors_info=\"{}\"][et_pb_text _builder_version=\"4.19.3\" _module_preset=\"default\" text_font=\"Lato||||||||\" text_text_color=\"#FFFFFF\" global_colors_info=\"{}\"]<\/p>\n<p style=\"text-align: center;\"><strong>Per massimizzare l'effetto della sauna vi offriremo da bere acqua Kangen, rinfrescante e superidratante, altra tecnologia disponibile presso Holistic Point.<\/strong><\/p>\n<p>[\/et_pb_text][et_pb_image src=\"https:\/\/monicaottone.com\/wp-content\/uploads\/2023\/04\/KANGEN-REFRESH.webp\" title_text=\"RINFRESCO KANGEN\" url=\"https:\/\/kangenmonica.kangendemo.com\/\" url_new_window=\"on\" align=\"center\" _builder_version=\"4.20.4\" _module_preset=\"default\" global_colors_info=\"{}\"][\/et_pb_image][\/et_pb_column][\/et_pb_row][\/et_pb_section][et_pb_section fb_built=\"1\" admin_label=\"Footer\" module_id=\"contatti\" module_class=\"contatti\" _builder_version=\"4.20.4\" background_color=\"#345168\" use_background_color_gradient=\"on\" background_color_gradient_stops=\"#345168 5%|rgba(219,219,219,0) 100%\" background_color_gradient_overlays_image=\"on\" background_color_gradient_start=\"#345168\" background_color_gradient_start_position=\"5%\" background_color_gradient_end=\"rgba(219,219,219,0)\" background_image=\"https:\/\/monicaottone.com\/wp-content\/uploads\/2023\/03\/vlcsnap-2023-03-22-20h13m56s358.webp\" custom_padding=\"5%||0%||false|false\" bottom_divider_flip=\"horizontal\" da_popup_slug=\"contatti\" da_disable_devices=\"off|off|off\" saved_tabs=\"all\" global_colors_info=\"{}\" theme_builder_area=\"post_content\" da_is_popup=\"off\" da_exit_intent=\"off\" da_has_close=\"on\" da_alt_close=\"off\" da_dark_close=\"off\" da_not_modal=\"on\" da_is_singular=\"off\" da_with_loader=\"off\" da_has_shadow=\"on\"][et_pb_row _builder_version=\"4.16\" locked=\"off\" global_colors_info=\"{}\" theme_builder_area=\"post_content\"][et_pb_column type=\"4_4\" _builder_version=\"4.16\" custom_padding=\"|||\" global_colors_info=\"{}\" custom_padding__hover=\"|||\" theme_builder_area=\"post_content\"][et_pb_text disabled_on=\"off|off|off\" _builder_version=\"4.24.3\" _module_preset=\"default\" text_text_color=\"#FFFFFF\" text_text_shadow_style=\"preset1\" text_text_shadow_color=\"rgba(0,0,0,0)\" global_colors_info=\"{}\" theme_builder_area=\"post_content\"]<\/p>\n<h1 style=\"padding-left: 40px;\"><span style=\"color: #f9f9f9;\"><strong>Contattami per accedere ai servizi di Holistic Point Capo Verde! Non vedo l'ora di conoscerti!<\/strong><\/span><\/h1>\n<p>[\/et_pb_text][et_pb_cta button_url=\"#contatto\" button_text=\"ENTRA IN CONTATTO CON MONICA\" _builder_version=\"4.24.3\" _module_preset=\"default\" header_font=\"|700||on|||||\" header_text_color=\"#000000\" body_font=\"|600|||||||\" body_text_color=\"#000000\" background_enable_color=\"off\" custom_button=\"on\" button_text_size=\"22px\" button_text_color=\"#000000\" button_bg_color=\"#FFFFFF\" button_border_width=\"3px\" button_icon=\"&#xe031;||divi||400\" button_alignment=\"center\" custom_margin=\"-59px||9px|||\" text_shadow_style=\"preset1\" locked=\"off\" global_colors_info=\"{}\" theme_builder_area=\"post_content\"][\/et_pb_cta][\/et_pb_column][\/et_pb_row][\/et_pb_section][et_pb_section fb_built=\"1\" admin_label=\"Popup - #contatto\" module_id=\"contatto\" module_class=\"popup\" _builder_version=\"4.19.3\" _module_preset=\"default\" background_color=\"#eaeaf3\" width=\"600px\" max_width=\"100%\" da_is_popup=\"on\" da_popup_slug=\"contatto\" da_disable_devices=\"off|off|off\" global_colors_info=\"{}\" theme_builder_area=\"post_content\" da_exit_intent=\"off\" da_has_close=\"on\" da_alt_close=\"off\" da_dark_close=\"off\" da_not_modal=\"on\" da_is_singular=\"off\" da_with_loader=\"off\" da_has_shadow=\"on\"][et_pb_row _builder_version=\"4.19.3\" _module_preset=\"default\" custom_margin=\"-40px|auto||auto||\" global_colors_info=\"{}\" theme_builder_area=\"post_content\"][et_pb_column type=\"4_4\" _builder_version=\"4.19.3\" _module_preset=\"default\" global_colors_info=\"{}\" theme_builder_area=\"post_content\"][et_pb_code _builder_version=\"4.21.0\" _module_preset=\"default\" text_orientation=\"center\" module_alignment=\"center\" global_colors_info=\"{}\" theme_builder_area=\"post_content\"]\n<div class=\"wpcf7 no-js\" id=\"wpcf7-f735-o1\" lang=\"en-US\" dir=\"ltr\" data-wpcf7-id=\"735\">\n<div class=\"screen-reader-response\"><p role=\"status\" aria-live=\"polite\" aria-atomic=\"true\"><\/p> <ul><\/ul><\/div>\n<form action=\"\/it\/wp-json\/wp\/v2\/pages\/1849#wpcf7-f735-o1\" method=\"post\" class=\"wpcf7-form init\" aria-label=\"Contact form\" novalidate=\"novalidate\" data-status=\"init\">\n<div style=\"display: none;\">\n<input type=\"hidden\" name=\"_wpcf7\" value=\"735\" \/>\n<input type=\"hidden\" name=\"_wpcf7_version\" value=\"6.0.5\" \/>\n<input type=\"hidden\" name=\"_wpcf7_locale\" value=\"en_US\" \/>\n<input type=\"hidden\" name=\"_wpcf7_unit_tag\" value=\"wpcf7-f735-o1\" \/>\n<input type=\"hidden\" name=\"_wpcf7_container_post\" value=\"0\" \/>\n<input type=\"hidden\" name=\"_wpcf7_posted_data_hash\" value=\"\" \/>\n<\/div>\n<div class=\"row full-width\">\n\t<p><span class=\"wpcf7-form-control-wrap\" data-name=\"your-email\"><input size=\"40\" maxlength=\"400\" class=\"wpcf7-form-control wpcf7-email wpcf7-validates-as-required wpcf7-text wpcf7-validates-as-email\" aria-required=\"true\" aria-invalid=\"false\" placeholder=\"Email\" value=\"\" type=\"email\" name=\"your-email\" \/><\/span>\n\t<\/p>\n<\/div>\n<div class=\"row\">\n\t<div class=\"half\">\n\t\t<p><span class=\"wpcf7-form-control-wrap\" data-name=\"your-name\"><input size=\"40\" maxlength=\"400\" class=\"wpcf7-form-control wpcf7-text wpcf7-validates-as-required\" aria-required=\"true\" aria-invalid=\"false\" placeholder=\"Full name\" value=\"\" type=\"text\" name=\"your-name\" \/><\/span>\n\t\t<\/p>\n\t<\/div>\n\t<div class=\"half\">\n\t\t<p><span class=\"wpcf7-form-control-wrap\" data-name=\"your-phone\"><input size=\"40\" maxlength=\"400\" class=\"wpcf7-form-control wpcf7-text\" aria-invalid=\"false\" placeholder=\"Phone number\" value=\"\" type=\"text\" name=\"your-phone\" \/><\/span>\n\t\t<\/p>\n\t<\/div>\n<\/div>\n<div class=\"row full-width\">\n\t<p><span class=\"wpcf7-form-control-wrap\" data-name=\"your-message\"><textarea cols=\"40\" rows=\"10\" maxlength=\"2000\" class=\"wpcf7-form-control wpcf7-textarea\" aria-invalid=\"false\" placeholder=\"Message\" name=\"your-message\"><\/textarea><\/span>\n\t<\/p>\n<\/div>\n<p><input class=\"wpcf7-form-control wpcf7-submit has-spinner\" type=\"submit\" value=\"Send message\" \/>\n<\/p><div class=\"wpcf7-response-output\" aria-hidden=\"true\"><\/div>\n<\/form>\n<\/div>\n[\/et_pb_code][\/et_pb_column][\/et_pb_row][\/et_pb_section]<\/p>\n","protected":false},"excerpt":{"rendered":"<p>SAUNA A RAGGI INFRAROSSIL'effetto detox e rilassante \u00e8 assicurato: stimola la sudorazione, migliora la circolazione sanguigna, rilassa i muscoli, purifica la pelle e contribuisce all'eliminazione delle tossine. L'applicazione si basa su principi salutari, refforzando l'organismo e la salute, pertanto aiutando a prevenire malattie, piuttosto che a sopprimerle.La scienza medica sta investigando sulle propriet\u00e0 salutari dell'applicazione [&hellip;]<\/p>\n","protected":false},"author":1,"featured_media":0,"parent":1772,"menu_order":0,"comment_status":"closed","ping_status":"closed","template":"","meta":{"_et_pb_use_builder":"on","_et_pb_old_content":"","_et_gb_content_width":"","footnotes":""},"class_list":["post-1849","page","type-page","status-publish","hentry"],"_links":{"self":[{"href":"https:\/\/monicaottone.com\/it\/wp-json\/wp\/v2\/pages\/1849","targetHints":{"allow":["GET"]}}],"collection":[{"href":"https:\/\/monicaottone.com\/it\/wp-json\/wp\/v2\/pages"}],"about":[{"href":"https:\/\/monicaottone.com\/it\/wp-json\/wp\/v2\/types\/page"}],"author":[{"embeddable":true,"href":"https:\/\/monicaottone.com\/it\/wp-json\/wp\/v2\/users\/1"}],"replies":[{"embeddable":true,"href":"https:\/\/monicaottone.com\/it\/wp-json\/wp\/v2\/comments?post=1849"}],"version-history":[{"count":3,"href":"https:\/\/monicaottone.com\/it\/wp-json\/wp\/v2\/pages\/1849\/revisions"}],"predecessor-version":[{"id":6489,"href":"https:\/\/monicaottone.com\/it\/wp-json\/wp\/v2\/pages\/1849\/revisions\/6489"}],"up":[{"embeddable":true,"href":"https:\/\/monicaottone.com\/it\/wp-json\/wp\/v2\/pages\/1772"}],"wp:attachment":[{"href":"https:\/\/monicaottone.com\/it\/wp-json\/wp\/v2\/media?parent=1849"}],"curies":[{"name":"wp","href":"https:\/\/api.w.org\/{rel}","templated":true}]}}