{"id":1855,"date":"2023-04-06T19:48:18","date_gmt":"2023-04-06T20:48:18","guid":{"rendered":"https:\/\/monicaottone.com\/holistic-point\/trattamenti-fisici\/q1000-plus-professional-pressotherapy\/"},"modified":"2024-04-06T13:24:38","modified_gmt":"2024-04-06T14:24:38","slug":"q1000-plus-professional-pressotherapy","status":"publish","type":"page","link":"https:\/\/monicaottone.com\/it\/holistic-point\/trattamenti-fisici\/q1000-plus-professional-pressotherapy\/","title":{"rendered":"Q1000 PLUS PROFESSIONAL PRESSOTHERAPY"},"content":{"rendered":"<p>[et_pb_section fb_built=\"1\" admin_label=\"Header\" _builder_version=\"4.20.0\" _module_preset=\"default\" da_disable_devices=\"off|off|off\" collapsed=\"on\" global_colors_info=\"{}\" da_is_popup=\"off\" da_exit_intent=\"off\" da_has_close=\"on\" da_alt_close=\"off\" da_dark_close=\"off\" da_not_modal=\"on\" da_is_singular=\"off\" da_with_loader=\"off\" da_has_shadow=\"on\"][et_pb_row _builder_version=\"4.20.0\" _module_preset=\"default\" max_width=\"800px\" global_colors_info=\"{}\"][et_pb_column type=\"4_4\" _builder_version=\"4.20.0\" _module_preset=\"default\" global_colors_info=\"{}\"][et_pb_text _builder_version=\"4.19.3\" _module_preset=\"5982cc30-7512-49f1-a4ce-df4d3d05e730\" header_font=\"Times New Roman|||on|||||\" text_orientation=\"center\" custom_margin=\"||10px||false|false\" global_colors_info=\"{}\"]<\/p>\n<h1>Pressoterapia professionale Q1000<\/h1>\n<p>[\/et_pb_text][et_pb_text _builder_version=\"4.19.3\" _module_preset=\"62f7b9dd-898a-41cc-82f7-065a07db7367\" locked=\"off\" global_colors_info=\"{}\"]<\/p>\n<p style=\"text-align: center;\">L'apparecchio \u00e8 un sistema digitale di compressione, che aziona pompe di gonfiaggio. I gambali di compressione si compongono di camere di insufflazione separate, di forma cilindrica, che quindi circondano gli arti inferiori compresi i piedi.<\/p>\n<p style=\"text-align: center;\">Utilizziamo un apparecchio di pressoterapia professionale con 4 camere di compressione per arto, \u00e8 utilizzabile a studio, ma pu\u00f2 essere portato anche a domicilio.<\/p>\n<p>[\/et_pb_text][\/et_pb_column][\/et_pb_row][\/et_pb_section][et_pb_section fb_built=\"1\" admin_label=\"About\" _builder_version=\"4.19.3\" _module_preset=\"default\" background_color=\"gcid-cc1e7daa-e7a2-44d1-a6d4-86221a549f5c\" custom_padding=\"0px||0px||true|false\" da_disable_devices=\"off|off|off\" locked=\"off\" collapsed=\"on\" global_colors_info=\"{%22gcid-cc1e7daa-e7a2-44d1-a6d4-86221a549f5c%22:%91%22background_color%22%93}\" da_is_popup=\"off\" da_exit_intent=\"off\" da_has_close=\"on\" da_alt_close=\"off\" da_dark_close=\"off\" da_not_modal=\"on\" da_is_singular=\"off\" da_with_loader=\"off\" da_has_shadow=\"on\"][et_pb_row column_structure=\"1_2,1_2\" use_custom_gutter=\"on\" gutter_width=\"1\" make_equal=\"on\" _builder_version=\"4.20.4\" _module_preset=\"default\" width=\"100%\" max_width=\"none\" custom_padding=\"0px||0px||true|false\" global_colors_info=\"{}\"][et_pb_column type=\"1_2\" _builder_version=\"4.20.0\" _module_preset=\"default\" custom_padding=\"8%|8%|8%|8%|true|true\" global_colors_info=\"{}\"][et_pb_text _builder_version=\"4.19.3\" _module_preset=\"62f7b9dd-898a-41cc-82f7-065a07db7367\" text_text_color=\"#FFFFFF\" global_colors_info=\"{}\"]<\/p>\n<p>Dotato di 5 modalit\u00e0 e di un ampio range di valori pressori, la nostra tecnologia eroga programmi personalizzabili che includono schemi sequenziali, progressivi, compartimentali e graduati.<\/p>\n<p>Adattando le impostazione alle esigenze individuali, l'apparecchio effettua un massaggio dolce e piacevole che aiuta a:<\/p>\n<p>Favorire il flusso sanguigno<br \/>Drenare la linfa ed i liquidi interstiziali<br \/>Migliorare il trofismo dei tessuti<\/p>\n<p>[\/et_pb_text][\/et_pb_column][et_pb_column type=\"1_2\" _builder_version=\"4.20.4\" _module_preset=\"default\" background_image=\"https:\/\/monicaottone.com\/wp-content\/uploads\/2023\/04\/pressotherapy3.webp\" global_colors_info=\"{}\"][et_pb_divider show_divider=\"off\" _builder_version=\"4.20.0\" _module_preset=\"default\" height_tablet=\"60vw\" height_phone=\"60vw\" height_last_edited=\"on|desktop\" global_colors_info=\"{}\"][\/et_pb_divider][\/et_pb_column][\/et_pb_row][\/et_pb_section][et_pb_section fb_built=\"1\" admin_label=\"Mission\" _builder_version=\"4.20.0\" _module_preset=\"default\" custom_padding=\"0px||0px||true|false\" da_disable_devices=\"off|off|off\" locked=\"off\" collapsed=\"on\" global_colors_info=\"{}\" da_is_popup=\"off\" da_exit_intent=\"off\" da_has_close=\"on\" da_alt_close=\"off\" da_dark_close=\"off\" da_not_modal=\"on\" da_is_singular=\"off\" da_with_loader=\"off\" da_has_shadow=\"on\"][et_pb_row column_structure=\"1_2,1_2\" use_custom_gutter=\"on\" gutter_width=\"1\" make_equal=\"on\" _builder_version=\"4.20.4\" _module_preset=\"default\" width=\"100%\" max_width=\"none\" custom_padding=\"0px||0px||true|false\" global_colors_info=\"{}\"][et_pb_column type=\"1_2\" disabled_on=\"on|on|off\" _builder_version=\"4.20.4\" _module_preset=\"default\" background_image=\"https:\/\/monicaottone.com\/wp-content\/uploads\/2023\/04\/PRESSOTHERAPY1.webp\" global_colors_info=\"{}\"][et_pb_divider show_divider=\"off\" _builder_version=\"4.20.0\" _module_preset=\"default\" height_tablet=\"60vw\" height_phone=\"60vw\" height_last_edited=\"on|desktop\" global_colors_info=\"{}\"][\/et_pb_divider][\/et_pb_column][et_pb_column type=\"1_2\" _builder_version=\"4.20.0\" _module_preset=\"default\" custom_padding=\"8%|8%|8%|8%|true|true\" global_colors_info=\"{}\"][et_pb_text _builder_version=\"4.19.3\" _module_preset=\"5982cc30-7512-49f1-a4ce-df4d3d05e730\" header_font=\"Times New Roman|||on|||||\" header_2_font=\"Times New Roman|||on|||||\" header_2_font_size=\"46px\" text_orientation=\"center\" custom_margin=\"||10px||false|false\" global_colors_info=\"{}\"]<\/p>\n<h2>Principais aplica\u00e7\u00f5es<\/h2>\n<div class=\"notranslate\" style=\"all: initial;\"> <\/div>\n<p>[\/et_pb_text][et_pb_text _builder_version=\"4.19.3\" _module_preset=\"62f7b9dd-898a-41cc-82f7-065a07db7367\" locked=\"off\" global_colors_info=\"{}\"]<\/p>\n<ul>\n<li aria-level=\"1\">Linfedema<\/li>\n<li aria-level=\"1\">Hematoma<\/li>\n<li aria-level=\"1\">Estase venosa<\/li>\n<li aria-level=\"1\">Tratamento anti-celul\u00edtico na fase inicial<\/li>\n<li aria-level=\"1\">Peso nas pernas<\/li>\n<li aria-level=\"1\">Modela\u00e7\u00e3o e perfilamento do corpo<\/li>\n<li aria-level=\"1\">Redefinir as pernas, melhorar o tom da pele<\/li>\n<li aria-level=\"1\">Recupera\u00e7\u00e3o de pacientes imobilizados ou lesionados (neste caso, a press\u00e3o substitui a massagem manual para fins tr\u00f3ficos)<\/li>\n<\/ul>\n<p>[\/et_pb_text][\/et_pb_column][\/et_pb_row][\/et_pb_section][et_pb_section fb_built=\"1\" disabled_on=\"off|off|on\" _builder_version=\"4.20.4\" _module_preset=\"default\" da_disable_devices=\"off|off|off\" global_colors_info=\"{}\" da_is_popup=\"off\" da_exit_intent=\"off\" da_has_close=\"on\" da_alt_close=\"off\" da_dark_close=\"off\" da_not_modal=\"on\" da_is_singular=\"off\" da_with_loader=\"off\" da_has_shadow=\"on\"][et_pb_row _builder_version=\"4.20.4\" _module_preset=\"default\" width=\"100%\" global_colors_info=\"{}\"][et_pb_column type=\"4_4\" _builder_version=\"4.20.4\" _module_preset=\"default\" global_colors_info=\"{}\"][et_pb_image src=\"https:\/\/monicaottone.com\/wp-content\/uploads\/2023\/04\/PRESSOTHERAPY1.webp\" title_text=\"PRESSOTHERAPY(1)\" _builder_version=\"4.20.4\" _module_preset=\"default\" global_colors_info=\"{}\"][\/et_pb_image][\/et_pb_column][\/et_pb_row][\/et_pb_section][et_pb_section fb_built=\"1\" admin_label=\"Testimonials\" _builder_version=\"4.19.3\" _module_preset=\"default\" background_color=\"RGBA(255,255,255,0)\" custom_padding=\"||12px|||\" da_disable_devices=\"off|off|off\" collapsed=\"on\" global_colors_info=\"{}\" da_is_popup=\"off\" da_exit_intent=\"off\" da_has_close=\"on\" da_alt_close=\"off\" da_dark_close=\"off\" da_not_modal=\"on\" da_is_singular=\"off\" da_with_loader=\"off\" da_has_shadow=\"on\"][et_pb_row _builder_version=\"4.20.0\" _module_preset=\"default\" locked=\"off\" global_colors_info=\"{}\"][et_pb_column type=\"4_4\" _builder_version=\"4.20.0\" _module_preset=\"default\" global_colors_info=\"{}\"][et_pb_text _builder_version=\"4.20.4\" _module_preset=\"62f7b9dd-898a-41cc-82f7-065a07db7367\" header_2_font=\"Times New Roman||||||||\" locked=\"off\" global_colors_info=\"{}\"]<\/p>\n<h2 style=\"text-align: left;\"><b>Contra-indica\u00e7\u00f5es<\/b> <b>comuns<\/b> <b>da pressoterapia<\/b><\/h2>\n<ul>\n<li>Trombose venosa profunda<\/li>\n<li>Infec\u00e7\u00f5es em \u00e1reas espec\u00edficas de tratamento<\/li>\n<li>Dorm\u00eancia ou dor no corpo<\/li>\n<li>Doentes com cancro<\/li>\n<li>Pacientes com estimuladores de ritmo card\u00edaco<\/li>\n<li>Doen\u00e7as card\u00edacas<\/li>\n<li>Arteriopatias<\/li>\n<li>Gravidez<\/li>\n<\/ul>\n<p><u><b><\/b><\/u><\/p>\n<p>[\/et_pb_text][\/et_pb_column][\/et_pb_row][\/et_pb_section][et_pb_section fb_built=\"1\" admin_label=\"Footer\" module_id=\"contatti\" module_class=\"contatti\" _builder_version=\"4.20.4\" background_color=\"#345168\" use_background_color_gradient=\"on\" background_color_gradient_stops=\"#345168 5%|rgba(219,219,219,0) 100%\" background_color_gradient_overlays_image=\"on\" background_color_gradient_start=\"#345168\" background_color_gradient_start_position=\"5%\" background_color_gradient_end=\"rgba(219,219,219,0)\" background_image=\"https:\/\/monicaottone.com\/wp-content\/uploads\/2023\/03\/vlcsnap-2023-03-22-20h13m56s358.webp\" custom_padding=\"5%||0%||false|false\" bottom_divider_flip=\"horizontal\" da_popup_slug=\"contatti\" da_disable_devices=\"off|off|off\" saved_tabs=\"all\" global_colors_info=\"{}\" theme_builder_area=\"post_content\" da_is_popup=\"off\" da_exit_intent=\"off\" da_has_close=\"on\" da_alt_close=\"off\" da_dark_close=\"off\" da_not_modal=\"on\" da_is_singular=\"off\" da_with_loader=\"off\" da_has_shadow=\"on\"][et_pb_row _builder_version=\"4.16\" locked=\"off\" global_colors_info=\"{}\" theme_builder_area=\"post_content\"][et_pb_column type=\"4_4\" _builder_version=\"4.16\" custom_padding=\"|||\" global_colors_info=\"{}\" custom_padding__hover=\"|||\" theme_builder_area=\"post_content\"][et_pb_text disabled_on=\"off|off|off\" _builder_version=\"4.24.3\" _module_preset=\"default\" text_text_color=\"#FFFFFF\" text_text_shadow_style=\"preset1\" text_text_shadow_color=\"rgba(0,0,0,0)\" global_colors_info=\"{}\" theme_builder_area=\"post_content\"]<\/p>\n<h1 style=\"padding-left: 40px;\"><span style=\"color: #f9f9f9;\"><strong>Contattami per accedere ai servizi di Holistic Point Capo Verde! Non vedo l'ora di conoscerti!<\/strong><\/span><\/h1>\n<p>[\/et_pb_text][et_pb_cta button_url=\"#contatto\" button_text=\"ENTRA IN CONTATTO CON MONICA\" _builder_version=\"4.24.3\" _module_preset=\"default\" header_font=\"|700||on|||||\" header_text_color=\"#000000\" body_font=\"|600|||||||\" body_text_color=\"#000000\" background_enable_color=\"off\" custom_button=\"on\" button_text_size=\"22px\" button_text_color=\"#000000\" button_bg_color=\"#FFFFFF\" button_border_width=\"3px\" button_icon=\"&#xe031;||divi||400\" button_alignment=\"center\" custom_margin=\"-59px||9px|||\" text_shadow_style=\"preset1\" locked=\"off\" global_colors_info=\"{}\" theme_builder_area=\"post_content\"][\/et_pb_cta][\/et_pb_column][\/et_pb_row][\/et_pb_section][et_pb_section fb_built=\"1\" admin_label=\"Popup - #contatto\" module_id=\"contatto\" module_class=\"popup\" _builder_version=\"4.19.3\" _module_preset=\"default\" background_color=\"#eaeaf3\" width=\"600px\" max_width=\"100%\" da_is_popup=\"on\" da_popup_slug=\"contatto\" da_disable_devices=\"off|off|off\" global_colors_info=\"{}\" theme_builder_area=\"post_content\" da_exit_intent=\"off\" da_has_close=\"on\" da_alt_close=\"off\" da_dark_close=\"off\" da_not_modal=\"on\" da_is_singular=\"off\" da_with_loader=\"off\" da_has_shadow=\"on\"][et_pb_row _builder_version=\"4.19.3\" _module_preset=\"default\" custom_margin=\"-40px|auto||auto||\" global_colors_info=\"{}\" theme_builder_area=\"post_content\"][et_pb_column type=\"4_4\" _builder_version=\"4.19.3\" _module_preset=\"default\" global_colors_info=\"{}\" theme_builder_area=\"post_content\"][et_pb_code _builder_version=\"4.21.0\" _module_preset=\"default\" text_orientation=\"center\" module_alignment=\"center\" global_colors_info=\"{}\" theme_builder_area=\"post_content\"]\n<div class=\"wpcf7 no-js\" id=\"wpcf7-f735-o1\" lang=\"en-US\" dir=\"ltr\" data-wpcf7-id=\"735\">\n<div class=\"screen-reader-response\"><p role=\"status\" aria-live=\"polite\" aria-atomic=\"true\"><\/p> <ul><\/ul><\/div>\n<form action=\"\/it\/wp-json\/wp\/v2\/pages\/1855#wpcf7-f735-o1\" method=\"post\" class=\"wpcf7-form init\" aria-label=\"Contact form\" novalidate=\"novalidate\" data-status=\"init\">\n<div style=\"display: none;\">\n<input type=\"hidden\" name=\"_wpcf7\" value=\"735\" \/>\n<input type=\"hidden\" name=\"_wpcf7_version\" value=\"6.0.5\" \/>\n<input type=\"hidden\" name=\"_wpcf7_locale\" value=\"en_US\" \/>\n<input type=\"hidden\" name=\"_wpcf7_unit_tag\" value=\"wpcf7-f735-o1\" \/>\n<input type=\"hidden\" name=\"_wpcf7_container_post\" value=\"0\" \/>\n<input type=\"hidden\" name=\"_wpcf7_posted_data_hash\" value=\"\" \/>\n<\/div>\n<div class=\"row full-width\">\n\t<p><span class=\"wpcf7-form-control-wrap\" data-name=\"your-email\"><input size=\"40\" maxlength=\"400\" class=\"wpcf7-form-control wpcf7-email wpcf7-validates-as-required wpcf7-text wpcf7-validates-as-email\" aria-required=\"true\" aria-invalid=\"false\" placeholder=\"Email\" value=\"\" type=\"email\" name=\"your-email\" \/><\/span>\n\t<\/p>\n<\/div>\n<div class=\"row\">\n\t<div class=\"half\">\n\t\t<p><span class=\"wpcf7-form-control-wrap\" data-name=\"your-name\"><input size=\"40\" maxlength=\"400\" class=\"wpcf7-form-control wpcf7-text wpcf7-validates-as-required\" aria-required=\"true\" aria-invalid=\"false\" placeholder=\"Full name\" value=\"\" type=\"text\" name=\"your-name\" \/><\/span>\n\t\t<\/p>\n\t<\/div>\n\t<div class=\"half\">\n\t\t<p><span class=\"wpcf7-form-control-wrap\" data-name=\"your-phone\"><input size=\"40\" maxlength=\"400\" class=\"wpcf7-form-control wpcf7-text\" aria-invalid=\"false\" placeholder=\"Phone number\" value=\"\" type=\"text\" name=\"your-phone\" \/><\/span>\n\t\t<\/p>\n\t<\/div>\n<\/div>\n<div class=\"row full-width\">\n\t<p><span class=\"wpcf7-form-control-wrap\" data-name=\"your-message\"><textarea cols=\"40\" rows=\"10\" maxlength=\"2000\" class=\"wpcf7-form-control wpcf7-textarea\" aria-invalid=\"false\" placeholder=\"Message\" name=\"your-message\"><\/textarea><\/span>\n\t<\/p>\n<\/div>\n<p><input class=\"wpcf7-form-control wpcf7-submit has-spinner\" type=\"submit\" value=\"Send message\" \/>\n<\/p><div class=\"wpcf7-response-output\" aria-hidden=\"true\"><\/div>\n<\/form>\n<\/div>\n[\/et_pb_code][\/et_pb_column][\/et_pb_row][\/et_pb_section][et_pb_section fb_built=\"1\" _builder_version=\"4.19.3\" _module_preset=\"default\" background_color=\"#4ca3b6\" custom_padding=\"16px|||||\" da_disable_devices=\"off|off|off\" global_colors_info=\"{}\" da_is_popup=\"off\" da_exit_intent=\"off\" da_has_close=\"on\" da_alt_close=\"off\" da_dark_close=\"off\" da_not_modal=\"on\" da_is_singular=\"off\" da_with_loader=\"off\" da_has_shadow=\"on\"][et_pb_row _builder_version=\"4.19.3\" _module_preset=\"default\" custom_padding=\"6px||0px|||\" global_colors_info=\"{}\"][et_pb_column type=\"4_4\" _builder_version=\"4.19.3\" _module_preset=\"default\" global_colors_info=\"{}\"][et_pb_text _builder_version=\"4.19.3\" _module_preset=\"default\" text_font=\"Lato||||||||\" text_text_color=\"#FFFFFF\" global_colors_info=\"{}\"]<\/p>\n<p style=\"text-align: center;\">Le informazioni contenute in questo sito web non sono intese a sostituire prescrizioni, diagnosi o cure mediche professionali. Si raccomanda di consultare un operatore sanitario qualificato per consigli medici e risposte a domande personali sulla salute prima di iniziare qualsiasi terapia fisica.<\/p>\n<p>[\/et_pb_text][\/et_pb_column][\/et_pb_row][\/et_pb_section]<\/p>\n","protected":false},"excerpt":{"rendered":"<p>Pressoterapia professionale Q1000L'apparecchio \u00e8 un sistema digitale di compressione, che aziona pompe di gonfiaggio. I gambali di compressione si compongono di camere di insufflazione separate, di forma cilindrica, che quindi circondano gli arti inferiori compresi i piedi. Utilizziamo un apparecchio di pressoterapia professionale con 4 camere di compressione per arto, \u00e8 utilizzabile a studio, ma [&hellip;]<\/p>\n","protected":false},"author":1,"featured_media":0,"parent":1822,"menu_order":0,"comment_status":"closed","ping_status":"closed","template":"","meta":{"_et_pb_use_builder":"on","_et_pb_old_content":"","_et_gb_content_width":"","footnotes":""},"class_list":["post-1855","page","type-page","status-publish","hentry"],"_links":{"self":[{"href":"https:\/\/monicaottone.com\/it\/wp-json\/wp\/v2\/pages\/1855","targetHints":{"allow":["GET"]}}],"collection":[{"href":"https:\/\/monicaottone.com\/it\/wp-json\/wp\/v2\/pages"}],"about":[{"href":"https:\/\/monicaottone.com\/it\/wp-json\/wp\/v2\/types\/page"}],"author":[{"embeddable":true,"href":"https:\/\/monicaottone.com\/it\/wp-json\/wp\/v2\/users\/1"}],"replies":[{"embeddable":true,"href":"https:\/\/monicaottone.com\/it\/wp-json\/wp\/v2\/comments?post=1855"}],"version-history":[{"count":3,"href":"https:\/\/monicaottone.com\/it\/wp-json\/wp\/v2\/pages\/1855\/revisions"}],"predecessor-version":[{"id":6496,"href":"https:\/\/monicaottone.com\/it\/wp-json\/wp\/v2\/pages\/1855\/revisions\/6496"}],"up":[{"embeddable":true,"href":"https:\/\/monicaottone.com\/it\/wp-json\/wp\/v2\/pages\/1822"}],"wp:attachment":[{"href":"https:\/\/monicaottone.com\/it\/wp-json\/wp\/v2\/media?parent=1855"}],"curies":[{"name":"wp","href":"https:\/\/api.w.org\/{rel}","templated":true}]}}