{"id":2575,"date":"2023-10-02T19:10:03","date_gmt":"2023-10-02T20:10:03","guid":{"rendered":"https:\/\/monicaottone.com\/yoga-della-risata\/"},"modified":"2024-04-06T14:11:14","modified_gmt":"2024-04-06T15:11:14","slug":"yoga-della-risata","status":"publish","type":"page","link":"https:\/\/monicaottone.com\/it\/class\/yoga-della-risata\/","title":{"rendered":"YOGA DELLA RISATA"},"content":{"rendered":"<p>[et_pb_section fb_built=\"1\" custom_padding_last_edited=\"on|desktop\" admin_label=\"LAUGHTER YOGA THERAPY - text\" _builder_version=\"4.24.3\" background_color=\"RGBA(255,255,255,0)\" background_enable_image=\"off\" background_position=\"top_left\" module_alignment=\"right\" custom_margin=\"-1px||||false|false\" custom_margin_tablet=\"|||0%\" custom_margin_last_edited=\"off|desktop\" custom_padding=\"5vw|0px||0px|false|false\" custom_padding_tablet=\"90px|0px||0px|false|false\" custom_padding_phone=\"\" top_divider_style=\"ramp2\" top_divider_color=\"#4CA3B6\" top_divider_height=\"10%\" top_divider_repeat=\"0.6x\" top_divider_flip=\"vertical\" top_divider_height_tablet=\"90px\" top_divider_height_phone=\"90px\" top_divider_height_last_edited=\"on|phone\" bottom_divider_style=\"curve2\" bottom_divider_color=\"#4CA3B6\" bottom_divider_height=\"50px\" animation_direction=\"bottom\" da_disable_devices=\"off|off|off\" global_colors_info=\"{}\" da_is_popup=\"off\" da_exit_intent=\"off\" da_has_close=\"on\" da_alt_close=\"off\" da_dark_close=\"off\" da_not_modal=\"on\" da_is_singular=\"off\" da_with_loader=\"off\" da_has_shadow=\"on\"][et_pb_row column_structure=\"1_2,1_2\" custom_padding_last_edited=\"on|phone\" _builder_version=\"4.24.3\" width=\"68%\" max_width=\"80%\" custom_margin=\"|||\" custom_margin_tablet=\"|||10%\" custom_margin_last_edited=\"off|desktop\" custom_padding=\"5em||||false|false\" custom_padding_tablet=\"2em|||0%|false|false\" custom_padding_phone=\"1em||||false|false\" use_custom_width=\"on\" width_unit=\"off\" global_colors_info=\"{}\"][et_pb_column type=\"1_2\" _builder_version=\"4.16\" custom_padding=\"|||\" global_colors_info=\"{}\" custom_padding__hover=\"|||\"][et_pb_text _builder_version=\"4.24.3\" text_font=\"Montserrat||||||||\" text_line_height=\"1.8em\" header_font=\"||||||||\" header_2_font=\"Montserrat|600|||||||\" header_2_text_color=\"#4CA3B6\" header_2_font_size=\"12vw\" header_2_line_height=\"0.9em\" header_6_font=\"Montserrat|700|||||||\" header_6_font_size=\"30px\" header_6_line_height=\"1.5em\" background_layout=\"dark\" max_width=\"500px\" animation_style=\"zoom\" animation_intensity_zoom=\"20%\" header_2_font_size_tablet=\"180px\" header_2_font_size_phone=\"120px\" header_2_font_size_last_edited=\"on|tablet\" header_2_text_shadow_style=\"preset5\" header_2_text_shadow_horizontal_length=\"0.03em\" header_2_text_shadow_vertical_length=\"0.03em\" header_2_text_shadow_color=\"rgba(40,101,150,0.5)\" locked=\"off\" global_colors_info=\"{}\"]<\/p>\n<h2><strong>TERAPIA YOGA DELLA RISATA<\/strong><\/h2>\n<p>[\/et_pb_text][et_pb_text _builder_version=\"4.24.3\" text_font=\"Montserrat||||||||\" text_text_color=\"#4CA3B6\" text_font_size=\"16px\" text_line_height=\"1.8em\" header_font=\"||||||||\" header_2_font=\"Montserrat|700|||||||\" header_2_font_size=\"40px\" header_2_line_height=\"1.4em\" header_6_font=\"Montserrat|600||on|||||\" header_6_font_size=\"16px\" header_6_letter_spacing=\"2px\" header_6_line_height=\"1.5em\" background_layout=\"dark\" custom_margin=\"|||\" header_2_font_size_tablet=\"\" header_2_font_size_phone=\"24px\" header_2_font_size_last_edited=\"on|phone\" locked=\"off\" global_colors_info=\"{}\"]<\/p>\n<p style=\"text-align: justify;\">Scopri la gioia della risata Yoga terapia: scatena la tua felicit\u00e0 interiore<\/p>\n<p style=\"text-align: justify;\">Benvenuti nel mondo trasformativo della Terapia Yoga della Risata, dove il potere curativo della risata incontra la saggezza delle antiche pratiche yogiche. La terapia Yoga della Risata \u00e8 un approccio unico e gioioso al benessere olistico che combina esercizi di risata, respirazione profonda e tecniche di consapevolezza per creare un'unione armoniosa di corpo, mente e spirito.<\/p>\n<p style=\"text-align: justify;\">Immagina una terapia che non richiede pillole, appuntamenti e stress, solo risate. La terapia Yoga della Risata \u00e8 un metodo scientificamente provato che sfrutta gli effetti contagiosi e rivitalizzanti della risata per ridurre lo stress, rafforzare il sistema immunitario, aumentare il flusso di ossigeno e migliorare la qualit\u00e0 generale della vita.<\/p>\n<p style=\"text-align: justify;\">Le nostre sessioni di risate sono piene di risate contagiose, esercizi giocosi e una comunit\u00e0 solidale che si riunisce per ridere dello stress e delle preoccupazioni della vita. Sia che tu stia cercando di alleviare lo stress, migliorare l'umore, aumentare l'energia o semplicemente aggiungere pi\u00f9 gioia alla tua vita, Laughter Yoga Therapy offre un approccio unico e olistico accessibile a tutti.<\/p>\n<p style=\"text-align: justify;\">Unisciti a noi in un viaggio per riscoprire la gioia infantile della risata e sperimentare gli innumerevoli benefici fisici, emotivi e sociali che porta. Lascia andare le tue inibizioni, abbraccia il potere curativo della risata e intraprendi un percorso verso un te pi\u00f9 felice e pi\u00f9 sano con la terapia Yoga della risata.<\/p>\n<p>[\/et_pb_text][\/et_pb_column][et_pb_column type=\"1_2\" _builder_version=\"4.16\" custom_padding=\"|||\" global_colors_info=\"{}\" custom_padding__hover=\"|||\"][et_pb_image src=\"https:\/\/monicaottone.com\/wp-content\/uploads\/2024\/03\/DSC1067_corted.jpg\" title_text=\"DSC1067_corted\" _builder_version=\"4.24.3\" _module_preset=\"default\" custom_padding=\"183px|||||\" custom_padding_tablet=\"0px||||false|false\" custom_padding_phone=\"0px||||false|false\" custom_padding_last_edited=\"on|phone\" global_colors_info=\"{}\"][\/et_pb_image][\/et_pb_column][\/et_pb_row][\/et_pb_section][et_pb_section fb_built=\"1\" custom_padding_last_edited=\"on|desktop\" admin_label=\"LAUGHTER YOGA HISTORY AND MAIN PRINCIPLES\" _builder_version=\"4.24.3\" background_color=\"#4CA3B6\" background_enable_image=\"off\" background_position=\"center_left\" background_horizontal_offset=\"22%\" module_alignment=\"right\" custom_margin=\"|||0%\" custom_margin_tablet=\"|||0%\" custom_margin_last_edited=\"off|desktop\" custom_padding=\"0vw|0px|9px|0px|false|false\" custom_padding_tablet=\"40px|||\" custom_padding_phone=\"\" top_divider_style=\"ramp2\" top_divider_color=\"#4CA3B6\" top_divider_flip=\"vertical\" top_divider_height_tablet=\"90px\" top_divider_height_phone=\"90px\" top_divider_height_last_edited=\"off|desktop\" bottom_divider_style=\"ramp2\" bottom_divider_color=\"#4CA3B6\" bottom_divider_height=\"50px\" animation_direction=\"bottom\" da_disable_devices=\"off|off|off\" global_colors_info=\"{}\" da_is_popup=\"off\" da_exit_intent=\"off\" da_has_close=\"on\" da_alt_close=\"off\" da_dark_close=\"off\" da_not_modal=\"on\" da_is_singular=\"off\" da_with_loader=\"off\" da_has_shadow=\"on\"][et_pb_row column_structure=\"1_2,1_2\" custom_padding_last_edited=\"on|desktop\" _builder_version=\"4.21.0\" max_width=\"80%\" custom_margin_tablet=\"|||10%\" custom_margin_last_edited=\"off|desktop\" custom_padding=\"98px|0px|0px|9%|false|false\" custom_padding_tablet=\"|||0%\" custom_padding_phone=\"|||\" use_custom_width=\"on\" width_unit=\"off\" global_colors_info=\"{}\"][et_pb_column type=\"1_2\" _builder_version=\"4.16\" custom_padding=\"|||\" global_colors_info=\"{}\" custom_padding__hover=\"|||\"][et_pb_text _builder_version=\"4.24.2\" _module_preset=\"default\" text_text_color=\"#0C71C3\" header_2_text_color=\"#ffffff\" global_colors_info=\"{}\"]<\/p>\n<h2>STORIA DELLO YOGA DELLA RISATA E PRINCIPI FONDAMENTALI<\/h2>\n<p>[\/et_pb_text][et_pb_image src=\"https:\/\/monicaottone.com\/wp-content\/uploads\/2023\/10\/Pg7B.jpg\" title_text=\"Pg7B\" _builder_version=\"4.24.3\" _module_preset=\"default\" global_colors_info=\"{}\"][\/et_pb_image][\/et_pb_column][et_pb_column type=\"1_2\" _builder_version=\"4.16\" custom_padding=\"|||\" global_colors_info=\"{}\" custom_padding__hover=\"|||\"][et_pb_image src=\"https:\/\/monicaottone.com\/wp-content\/uploads\/2023\/10\/Quote_3.jpg\" title_text=\"Quote_3\" _builder_version=\"4.24.3\" _module_preset=\"default\" global_colors_info=\"{}\"][\/et_pb_image][et_pb_text _builder_version=\"4.24.3\" text_font=\"Montserrat||||||||\" text_text_color=\"#ffffff\" text_font_size=\"16px\" text_line_height=\"1.8em\" header_font=\"||||||||\" header_2_font=\"Montserrat|700|||||||\" header_2_font_size=\"40px\" header_2_line_height=\"1.4em\" header_6_font=\"Montserrat|600||on|||||\" header_6_font_size=\"16px\" header_6_letter_spacing=\"2px\" header_6_line_height=\"1.5em\" background_layout=\"dark\" max_width=\"600px\" custom_margin=\"|||\" header_2_font_size_tablet=\"\" header_2_font_size_phone=\"24px\" header_2_font_size_last_edited=\"on|phone\" locked=\"off\" global_colors_info=\"{}\"]<\/p>\n<p>Una sessione di Yoga della Risata \u00e8 un'esperienza divertente e coinvolgente che combina risate spontanee con esercizi di respirazione e movimento per promuovere il benessere fisico e mentale.<\/p>\n<p>[\/et_pb_text][\/et_pb_column][\/et_pb_row][\/et_pb_section][et_pb_section fb_built=\"1\" custom_padding_last_edited=\"off|desktop\" admin_label=\"HOW DOES IT WORK?\" _builder_version=\"4.24.3\" background_enable_color=\"off\" background_enable_image=\"off\" module_alignment=\"right\" custom_margin=\"|||0%\" custom_margin_tablet=\"|||0%\" custom_margin_last_edited=\"off|desktop\" custom_padding_tablet=\"40px|||\" top_divider_style=\"ramp2\" top_divider_color=\"#4CA3B6\" top_divider_flip=\"vertical\" top_divider_height_tablet=\"90px\" top_divider_height_phone=\"90px\" top_divider_height_last_edited=\"off|desktop\" bottom_divider_style=\"ramp2\" bottom_divider_color=\"#4CA3B6\" bottom_divider_height=\"50px\" animation_direction=\"bottom\" da_disable_devices=\"off|off|off\" global_colors_info=\"{}\" da_is_popup=\"off\" da_exit_intent=\"off\" da_has_close=\"on\" da_alt_close=\"off\" da_dark_close=\"off\" da_not_modal=\"on\" da_is_singular=\"off\" da_with_loader=\"off\" da_has_shadow=\"on\"][et_pb_row column_structure=\"1_2,1_2\" custom_padding_last_edited=\"on|desktop\" _builder_version=\"4.16\" max_width=\"80%\" custom_margin=\"|||\" custom_margin_tablet=\"|||10%\" custom_margin_last_edited=\"off|desktop\" custom_padding=\"6px|0px||0%|false|false\" custom_padding_tablet=\"|||0%\" custom_padding_phone=\"|||\" use_custom_width=\"on\" width_unit=\"off\" global_colors_info=\"{}\"][et_pb_column type=\"1_2\" _builder_version=\"4.16\" custom_padding=\"|||\" global_colors_info=\"{}\" custom_padding__hover=\"|||\"][et_pb_text _builder_version=\"4.24.3\" text_font=\"Montserrat||||||||\" text_text_color=\"#4CA3B6\" text_font_size=\"16px\" text_line_height=\"1.8em\" header_font=\"||||||||\" header_2_font=\"Montserrat|700|||||||\" header_2_text_color=\"#4CA3B6\" header_2_font_size=\"40px\" header_2_line_height=\"1.4em\" header_6_font=\"Montserrat|600||on|||||\" header_6_font_size=\"16px\" header_6_letter_spacing=\"2px\" header_6_line_height=\"1.5em\" background_layout=\"dark\" max_width=\"600px\" custom_margin=\"|||\" header_2_font_size_tablet=\"\" header_2_font_size_phone=\"24px\" header_2_font_size_last_edited=\"on|phone\" locked=\"off\" global_colors_info=\"{}\"]<\/p>\n<h2>COME FUNZIONA?<\/h2>\n<p>&nbsp;<\/p>\n<p>Una sessione di Yoga della Risata \u00e8 un'esperienza divertente e coinvolgente che combina risate spontanee con esercizi di respirazione e movimento per promuovere il benessere fisico e mentale.<\/p>\n<p>Ecco come va di solito una sessione di Yoga della Risata:<\/p>\n<p>Riscaldamento: La sessione inizia con un breve riscaldamento per preparare il corpo e la mente. Questo pu\u00f2 includere alcuni esercizi di stretching leggero e respirazione profonda per rilassarsi.<\/p>\n<p>Esercizi di risata: Durante la sessione, vengono eseguiti vari esercizi di risata. Questi possono includere:<br \/>- \"Milk Rice\" (imitando il suono di un bicchiere di latte versato)<br \/>- \"Telephone Laughter\" (simulando una divertente conversazione telefonica)<br \/>- \"Silent Laughter\" (dove ti muovi e ridi senza emettere un suono), e molti altri. L'istruttore guida i partecipanti attraverso questi esercizi, incoraggiando tutti a partecipare attivamente.<\/p>\n<p>&nbsp;<\/p>\n<p>[\/et_pb_text][et_pb_image src=\"https:\/\/monicaottone.com\/wp-content\/uploads\/2023\/10\/Quote_8.jpg\" title_text=\"Quote_8\" _builder_version=\"4.24.3\" _module_preset=\"default\" global_colors_info=\"{}\"][\/et_pb_image][\/et_pb_column][et_pb_column type=\"1_2\" _builder_version=\"4.16\" custom_padding=\"|||\" global_colors_info=\"{}\" custom_padding__hover=\"|||\"][et_pb_image src=\"https:\/\/monicaottone.com\/wp-content\/uploads\/2023\/10\/Quote_4.jpg\" title_text=\"Quote_4\" _builder_version=\"4.24.3\" _module_preset=\"default\" global_colors_info=\"{}\"][\/et_pb_image][et_pb_text _builder_version=\"4.24.3\" _module_preset=\"default\" text_font=\"Montserrat||||||||\" text_text_color=\"#4CA3B6\" text_font_size=\"16px\" text_line_height=\"1.8em\" header_font=\"||||||||\" header_2_font=\"Montserrat|700|||||||\" header_2_text_color=\"#4CA3B6\" header_2_font_size=\"40px\" header_2_line_height=\"1.4em\" header_6_font=\"Montserrat|600||on|||||\" header_6_font_size=\"16px\" header_6_letter_spacing=\"2px\" header_6_line_height=\"1.5em\" background_layout=\"dark\" max_width=\"600px\" custom_margin=\"|||\" header_2_font_size_tablet=\"40px\" header_2_font_size_phone=\"24px\" header_2_font_size_last_edited=\"on|phone\" global_colors_info=\"{}\"]<\/p>\n<p>Esercizi di recupero: Tra gli esercizi di risata, vengono introdotti esercizi di respirazione profonda. La respirazione \u00e8 un elemento chiave nella pratica dello Yoga della Risata, in quanto aiuta a rilassare il corpo e aumentare i livelli di ossigeno nel sangue.<\/p>\n<p>Gioco e interazione: le sessioni di Yoga della Risata spesso includono giochi e attivit\u00e0 interattive che incoraggiano la creativit\u00e0, la spontaneit\u00e0 e l'interazione tra i partecipanti. Questi giochi aiutano a creare un ambiente divertente e rilassante.<\/p>\n<p>Risate contagiose: Uno degli obiettivi principali dello Yoga della Risata \u00e8 generare risate genuine e contagiose. Sebbene i partecipanti possano inizialmente sentirsi un po 'impacciati, la risata di gruppo di solito diventa molto autentica e contagiosa man mano che la sessione progredisce.<\/p>\n<p>Rilassamento finale: La sessione si conclude con una breve fase di rilassamento in cui i partecipanti si sdraiano o si siedono in silenzio per riflettere sull'esperienza e godere della sensazione di calma e benessere.<\/p>\n<p>Condivisione e discussione: dopo la sessione, c'\u00e8 spesso un momento di condivisione in cui i partecipanti possono esprimere i loro sentimenti e riflessioni sull'esperienza. Questo pu\u00f2 favorire una maggiore connessione tra i partecipanti.<\/p>\n<p>Le sessioni di Yoga della Risata possono durare da 30 minuti a un'ora o pi\u00f9, a seconda delle preferenze e dell'organizzazione dell'evento. \u00c8 importante notare che lo Yoga della Risata si basa sulla risata senza una ragione, il che significa che non hai bisogno di una ragione specifica per ridere. Questa pratica pu\u00f2 essere estremamente liberatoria ed \u00e8 adatta a persone di tutte le et\u00e0 e livelli di fitness.<\/p>\n<p>[\/et_pb_text][\/et_pb_column][\/et_pb_row][\/et_pb_section][et_pb_section fb_built=\"1\" custom_padding_last_edited=\"on|desktop\" admin_label=\"BENEFITS\" _builder_version=\"4.24.3\" background_color=\"#ffffff\" use_background_color_gradient=\"on\" background_color_gradient_type=\"circular\" background_color_gradient_direction_radial=\"right\" background_color_gradient_stops=\"rgba(1,77,183,0.2) 0%|#ffffff 64%\" background_color_gradient_overlays_image=\"on\" background_color_gradient_start=\"rgba(1,77,183,0.2)\" background_color_gradient_end=\"rgba(1,77,183,0.85)\" background_color_gradient_end_position=\"50%\" background_image=\"https:\/\/monicaottone.com\/wp-content\/uploads\/2023\/10\/DSC1036-scaled.jpg\" background_position=\"bottom_left\" background_horizontal_offset=\"22%\" module_alignment=\"right\" custom_margin=\"|||0%\" custom_margin_tablet=\"|||0%\" custom_margin_last_edited=\"off|desktop\" custom_padding=\"0vw|0px||0px|false|false\" custom_padding_tablet=\"40px|||\" custom_padding_phone=\"\" top_divider_style=\"arrow2\" top_divider_color=\"#4CA3B6\" top_divider_flip=\"vertical\" top_divider_style_last_edited=\"off|desktop\" top_divider_height_tablet=\"90px\" top_divider_height_phone=\"90px\" top_divider_height_last_edited=\"off|desktop\" bottom_divider_style=\"ramp2\" bottom_divider_color=\"#4CA3B6\" bottom_divider_height=\"50px\" animation_direction=\"bottom\" background_last_edited=\"on|tablet\" background_enable_image_tablet=\"off\" background_enable_image_phone=\"off\" da_disable_devices=\"off|off|off\" global_colors_info=\"{}\" da_is_popup=\"off\" da_exit_intent=\"off\" da_has_close=\"on\" da_alt_close=\"off\" da_dark_close=\"off\" da_not_modal=\"on\" da_is_singular=\"off\" da_with_loader=\"off\" da_has_shadow=\"on\"][et_pb_row custom_padding_last_edited=\"on|desktop\" _builder_version=\"4.24.3\" max_width=\"80%\" custom_margin_tablet=\"|||10%\" custom_margin_last_edited=\"off|desktop\" custom_padding=\"111px|0px|0px|9%|false|false\" custom_padding_tablet=\"3em||||false|false\" custom_padding_phone=\"|||\" use_custom_width=\"on\" width_unit=\"off\" global_colors_info=\"{}\"][et_pb_column type=\"4_4\" _builder_version=\"4.16\" custom_padding=\"|||\" global_colors_info=\"{}\" custom_padding__hover=\"|||\"][et_pb_text _builder_version=\"4.24.3\" text_font=\"Montserrat|700|||||||\" text_text_color=\"#000000\" text_line_height=\"1.8em\" header_font=\"|800|||||||\" header_text_color=\"#000000\" header_2_font=\"Montserrat|600|||||||\" header_2_text_color=\"#4CA3B6\" header_2_font_size=\"12vw\" header_2_line_height=\"0.9em\" header_6_font=\"Montserrat|700|||||||\" header_6_font_size=\"30px\" header_6_line_height=\"1.5em\" background_layout=\"dark\" max_width=\"500px\" animation_style=\"zoom\" animation_intensity_zoom=\"20%\" header_2_font_size_tablet=\"180px\" header_2_font_size_phone=\"120px\" header_2_font_size_last_edited=\"on|tablet\" locked=\"off\" global_colors_info=\"{}\"]<\/p>\n<h2><strong>BENEFICI<\/strong><\/h2>\n<p>[\/et_pb_text][et_pb_text _builder_version=\"4.24.2\" text_font=\"Montserrat||||||||\" text_text_color=\"#4CA3B6\" text_font_size=\"16px\" text_line_height=\"1.8em\" header_font=\"||||||||\" header_2_font=\"Montserrat|700|||||||\" header_2_font_size=\"40px\" header_2_line_height=\"1.4em\" header_6_font=\"Montserrat|600||on|||||\" header_6_font_size=\"16px\" header_6_letter_spacing=\"2px\" header_6_line_height=\"1.5em\" background_layout=\"dark\" max_width=\"600px\" custom_margin=\"|||\" header_2_font_size_tablet=\"\" header_2_font_size_phone=\"24px\" header_2_font_size_last_edited=\"on|phone\" locked=\"off\" global_colors_info=\"{}\"]<\/p>\n<p>Mentre i benefici dello yoga della risata sono stati ampiamente riportati in modo aneddotico, ci sono alcune prove a sostegno dei suoi potenziali benefici. \u00c8 importante notare che sono necessarie ulteriori ricerche per comprendere appieno la portata di questi benefici e le esperienze individuali possono variare. Ecco alcuni dei principali benefici dello yoga della risata che sono supportati da prove:<\/p>\n<p><strong>Riduzione dello stress:<\/strong> Lo yoga della risata pu\u00f2 ridurre il livello di ormoni dello stress, come il cortisolo, nel corpo. Uno studio pubblicato sul Journal of Alternative and Complementary Medicine nel 2012 ha rilevato che lo yoga della risata ha ridotto lo stress e migliorato l'umore nei partecipanti.<\/p>\n<p><strong>Miglioramento dell'umore:<\/strong> Impegnarsi nello yoga della risata pu\u00f2 portare ad un immediato miglioramento dell'umore e ad una riduzione dei sintomi di depressione e ansia. Ci\u00f2 \u00e8 dovuto al rilascio di endorfine, le sostanze chimiche naturali del benessere del corpo, durante le risate. Uno studio del 2017 sulla rivista Complementary Therapies in Clinical Practice ha rilevato che lo yoga della risata ha migliorato l'umore e ridotto i sintomi depressivi negli individui anziani.<\/p>\n<p><strong>Immunit\u00e0 migliorata:<\/strong> La risata pu\u00f2 rafforzare il sistema immunitario aumentando la produzione di cellule immunitarie e anticorpi. Uno studio pubblicato sull'International Journal of Behavioral Medicine nel 2009 ha dimostrato che le sessioni di yoga della risata hanno portato ad un aumento dei livelli di anticorpi immunostimolanti nei partecipanti.<\/p>\n<p><strong>Dolore:<\/strong> La risata pu\u00f2 servire come antidolorifico naturale aumentando il rilascio di endorfine. Alcune prove suggeriscono che lo yoga della risata pu\u00f2 aiutare le persone a gestire meglio il dolore. Tuttavia, sono necessarie ulteriori ricerche in questo settore.<\/p>\n<p><strong>Miglioramento della funzione polmonare:<\/strong> Le tecniche di respirazione profonda utilizzate nello yoga della risata possono migliorare la capacit\u00e0 polmonare e ossigenare il corpo. Questo pu\u00f2 essere particolarmente utile per le persone con condizioni respiratorie, come l'asma.<\/p>\n<p><strong>Connessione sociale:<\/strong> Lo yoga della risata \u00e8 tipicamente fatto in gruppo, promuovendo l'interazione sociale e un senso di comunit\u00e0. La connessione sociale \u00e8 stata collegata al miglioramento del benessere mentale ed emotivo.<\/p>\n<p><strong>Riduzione della pressione sanguigna:<\/strong> Mentre sono necessarie ulteriori ricerche, ci sono alcune prove che suggeriscono che lo yoga della risata pu\u00f2 aiutare a ridurre la pressione sanguigna, che pu\u00f2 contribuire a migliorare la salute cardiovascolare.<\/p>\n<p><strong>Miglioramento della qualit\u00e0 della vita:<\/strong> Lo yoga della risata pu\u00f2 contribuire a un senso generale di benessere e migliorare la qualit\u00e0 della vita. Ci\u00f2 \u00e8 particolarmente importante per le persone che si occupano di malattie croniche o condizioni legate allo stress.<\/p>\n<p><strong>Miglioramento della funzione cognitiva:<\/strong> Alcune ricerche indicano che la risata pu\u00f2 avere effetti positivi sulla funzione cognitiva, tra cui una migliore memoria e capacit\u00e0 di risoluzione dei problemi.<\/p>\n<p>\u00c8 importante notare che l'efficacia dello yoga della risata pu\u00f2 variare da persona a persona e i benefici possono essere influenzati da fattori come la frequenza della pratica e le condizioni di salute individuali.<\/p>\n<p>[\/et_pb_text][\/et_pb_column][\/et_pb_row][et_pb_row _builder_version=\"4.24.2\" _module_preset=\"default\" global_colors_info=\"{}\"][et_pb_column type=\"4_4\" _builder_version=\"4.24.2\" _module_preset=\"default\" global_colors_info=\"{}\"][et_pb_button button_url=\"https:\/\/monicaottone.com\/it\/lista-de-servicos\/?view=servicesearch&id_service=32\" button_text=\"BOOK SERVICE\" button_alignment=\"center\" _builder_version=\"4.24.3\" _module_preset=\"88da5b7c-3bac-4430-8296-c10a3f42efbf\" button_text_color=\"#ffffff\" button_bg_color=\"#4CA3B6\" button_border_width=\"0px\" button_icon=\"&#xf073;||fa||900\" button_icon_color=\"#ffffff\" box_shadow_style=\"preset2\" locked=\"off\" global_colors_info=\"{}\"][\/et_pb_button][\/et_pb_column][\/et_pb_row][\/et_pb_section]<\/p>\n","protected":false},"excerpt":{"rendered":"<p>TERAPIA YOGA DELLA RISATAScopri la gioia della risata Yoga terapia: scatena la tua felicit\u00e0 interiore Benvenuti nel mondo trasformativo della Terapia Yoga della Risata, dove il potere curativo della risata incontra la saggezza delle antiche pratiche yogiche. La terapia Yoga della Risata \u00e8 un approccio unico e gioioso al benessere olistico che combina esercizi di [&hellip;]<\/p>\n","protected":false},"author":6,"featured_media":0,"parent":2568,"menu_order":0,"comment_status":"closed","ping_status":"closed","template":"","meta":{"_et_pb_use_builder":"on","_et_pb_old_content":"","_et_gb_content_width":"","footnotes":""},"class_list":["post-2575","page","type-page","status-publish","hentry"],"_links":{"self":[{"href":"https:\/\/monicaottone.com\/it\/wp-json\/wp\/v2\/pages\/2575","targetHints":{"allow":["GET"]}}],"collection":[{"href":"https:\/\/monicaottone.com\/it\/wp-json\/wp\/v2\/pages"}],"about":[{"href":"https:\/\/monicaottone.com\/it\/wp-json\/wp\/v2\/types\/page"}],"author":[{"embeddable":true,"href":"https:\/\/monicaottone.com\/it\/wp-json\/wp\/v2\/users\/6"}],"replies":[{"embeddable":true,"href":"https:\/\/monicaottone.com\/it\/wp-json\/wp\/v2\/comments?post=2575"}],"version-history":[{"count":12,"href":"https:\/\/monicaottone.com\/it\/wp-json\/wp\/v2\/pages\/2575\/revisions"}],"predecessor-version":[{"id":6514,"href":"https:\/\/monicaottone.com\/it\/wp-json\/wp\/v2\/pages\/2575\/revisions\/6514"}],"up":[{"embeddable":true,"href":"https:\/\/monicaottone.com\/it\/wp-json\/wp\/v2\/pages\/2568"}],"wp:attachment":[{"href":"https:\/\/monicaottone.com\/it\/wp-json\/wp\/v2\/media?parent=2575"}],"curies":[{"name":"wp","href":"https:\/\/api.w.org\/{rel}","templated":true}]}}