{"id":1748,"date":"2023-04-18T10:19:58","date_gmt":"2023-04-18T11:19:58","guid":{"rendered":"https:\/\/monicaottone.com\/holistic-point\/"},"modified":"2024-01-26T14:26:21","modified_gmt":"2024-01-26T14:26:21","slug":"holistic-point","status":"publish","type":"page","link":"https:\/\/monicaottone.com\/pt-pt\/holistic-point\/","title":{"rendered":"Hol\u00edstic Point"},"content":{"rendered":"<p>[et_pb_section fb_built=\"1\" _builder_version=\"4.20.4\" _module_preset=\"default\" background_color=\"rgba(255,255,255,0)\" custom_padding=\"5px|||||\" da_disable_devices=\"off|off|off\" collapsed=\"on\" global_colors_info=\"{}\" da_is_popup=\"off\" da_exit_intent=\"off\" da_has_close=\"on\" da_alt_close=\"off\" da_dark_close=\"off\" da_not_modal=\"on\" da_is_singular=\"off\" da_with_loader=\"off\" da_has_shadow=\"on\"][et_pb_row _builder_version=\"4.20.4\" _module_preset=\"default\" global_colors_info=\"{}\"][et_pb_column type=\"4_4\" _builder_version=\"4.20.4\" _module_preset=\"default\" global_colors_info=\"{}\"][et_pb_text _builder_version=\"4.23.4\" _module_preset=\"default\" header_font=\"Times New Roman|||on|||||\" header_font_size=\"50px\" global_colors_info=\"{}\"]<\/p>\n<h1 style=\"text-align: center;\">HOL\u00cdSTIC POINT<\/h1>\n<p style=\"text-align: center;\">Holistic Point foi o primeiro e \u00fanico est\u00fadio abrangente em Cabo Verde dedicado ao bem-estar psicobiol\u00f3gico.<\/p>\n<p>Um modelo de bem-estar projetado para ajudar as pessoas a assumirem o controle de si mesmas, concentrando-se no que \u00e9 importante para elas no momento presente e compreendendo o CORPO, a MENTE e a ALMA.<\/p>\n<p>Operando na Rua Pedonal em Santa Maria durante todo o ano de 2023, agora alcan\u00e7a seus clientes, turistas e residentes, em v\u00e1rias localidades na ilha.<\/p>\n<p>[\/et_pb_text][et_pb_video src=\"https:\/\/www.youtube.com\/watch?v=muB-RikgsS4\" image_src=\"https:\/\/monicaottone.com\/wp-content\/uploads\/2023\/04\/header-video-holistic-point.jpg\" _builder_version=\"4.21.0\" _module_preset=\"default\" global_colors_info=\"{}\"][\/et_pb_video][\/et_pb_column][\/et_pb_row][\/et_pb_section][et_pb_section fb_built=\"1\" prev_background_color=\"rgba(255,255,255,0)\" disabled_on=\"on|on|off\" admin_label=\"Features\" _builder_version=\"4.20.4\" background_color=\"rgba(0,147,181,0.33)\" background_enable_image=\"off\" background_blend=\"overlay\" custom_padding=\"4px||45px|||\" top_divider_style=\"wave2\" top_divider_height=\"150px\" top_divider_flip=\"horizontal\" da_disable_devices=\"off|off|off\" locked=\"off\" collapsed=\"on\" global_colors_info=\"{}\" da_is_popup=\"off\" da_exit_intent=\"off\" da_has_close=\"on\" da_alt_close=\"off\" da_dark_close=\"off\" da_not_modal=\"on\" da_is_singular=\"off\" da_with_loader=\"off\" da_has_shadow=\"on\"][et_pb_row _builder_version=\"4.20.4\" _module_preset=\"default\" custom_margin=\"-6px|auto||auto||\" global_colors_info=\"{}\"][et_pb_column type=\"4_4\" _builder_version=\"4.20.4\" _module_preset=\"default\" global_colors_info=\"{}\"][et_pb_text _builder_version=\"4.23.4\" _module_preset=\"default\" header_2_font=\"Times New Roman||||||||\" header_2_text_align=\"center\" header_2_text_color=\"#FFFFFF\" global_colors_info=\"{}\"]<\/p>\n<h2><b>PORQUE ESCOLHER O  HOLISTIC POINT NA PRESEN\u00c7A?<\/b><\/h2>\n<p>[\/et_pb_text][\/et_pb_column][\/et_pb_row][et_pb_row column_structure=\"1_2,1_2\" _builder_version=\"4.20.4\" _module_preset=\"default\" global_colors_info=\"{}\"][et_pb_column type=\"1_2\" _builder_version=\"4.20.4\" _module_preset=\"default\" global_colors_info=\"{}\"][et_pb_text _builder_version=\"4.23.4\" _module_preset=\"default\" header_2_font=\"Times New Roman||||||||\" header_2_text_align=\"center\" header_2_text_color=\"#FFFFFF\" global_colors_info=\"{}\"]<\/p>\n<h2><b>O QUE N\u00d3S FAZEMOS:<\/b><\/h2>\n<p>[\/et_pb_text][\/et_pb_column][et_pb_column type=\"1_2\" _builder_version=\"4.20.4\" _module_preset=\"default\" global_colors_info=\"{}\"][et_pb_text _builder_version=\"4.23.4\" _module_preset=\"default\" header_2_font=\"Times New Roman||||||||\" header_2_text_align=\"center\" header_2_text_color=\"#FFFFFF\" custom_padding=\"7px|||||\" global_colors_info=\"{}\"]<\/p>\n<h2><b>SEUS BENEF\u00cdCIOS:<\/b><\/h2>\n<p>[\/et_pb_text][\/et_pb_column][\/et_pb_row][et_pb_row column_structure=\"1_4,1_4,1_4,1_4\" make_equal=\"on\" _builder_version=\"4.20.4\" _module_preset=\"default\" custom_margin_last_edited=\"off|desktop\" global_colors_info=\"{}\" custom_margin__hover_enabled=\"off|desktop\"][et_pb_column type=\"1_4\" _builder_version=\"4.20.4\" _module_preset=\"default\" background_color=\"#FFFFFF\" border_radii=\"on|5px|5px|5px|5px\" global_colors_info=\"{}\"][et_pb_text _builder_version=\"4.20.4\" _module_preset=\"default\" text_font=\"||on||||||\" text_text_color=\"#000000\" text_font_size=\"17px\" text_letter_spacing=\"1px\" text_orientation=\"center\" custom_padding=\"15px|15px|15px|15px|false|false\" global_colors_info=\"{}\"]<\/p>\n<p>MOVIMENTO COM:<\/p>\n<p>GYROTONIC EXPANSION SYSTEM\u00ae<\/p>\n<p>KUNDALINI YOGA<\/p>\n<p>DANCE THERAPY\u00a0<\/p>\n<p>[\/et_pb_text][\/et_pb_column][et_pb_column type=\"1_4\" _builder_version=\"4.20.4\" _module_preset=\"default\" background_color=\"#FFFFFF\" border_radii=\"on|5px|5px|5px|5px\" global_colors_info=\"{}\"][et_pb_text _builder_version=\"4.23.4\" _module_preset=\"default\" text_font=\"||on||||||\" text_text_color=\"#000000\" text_font_size=\"17px\" text_letter_spacing=\"1px\" header_font=\"||on||||||\" text_orientation=\"center\" custom_padding=\"25px|15px|15px|15px|false|false\" global_colors_info=\"{}\"]<\/p>\n<p>TRATAMENTOS<\/p>\n<p>HOLISTICOS<\/p>\n<p>F\u00cdSICOS<\/p>\n<p>[\/et_pb_text][\/et_pb_column][et_pb_column type=\"1_4\" _builder_version=\"4.20.4\" _module_preset=\"default\" background_color=\"#FFFFFF\" border_radii=\"on|5px|5px|5px|5px\" global_colors_info=\"{}\"][et_pb_text _builder_version=\"4.23.4\" _module_preset=\"default\" text_text_color=\"#000000\" text_font_size=\"17px\" text_letter_spacing=\"1px\" text_orientation=\"center\" custom_padding=\"38px|15px|15px|15px|false|false\" global_colors_info=\"{}\"]<\/p>\n<p><strong>REABILITA\u00c7\u00c3O &amp; FUN\u00c7\u00c3O<\/strong><\/p>\n<p>[\/et_pb_text][\/et_pb_column][et_pb_column type=\"1_4\" _builder_version=\"4.20.4\" _module_preset=\"default\" background_color=\"#FFFFFF\" border_radii=\"on|5px|5px|5px|5px\" global_colors_info=\"{}\"][et_pb_text _builder_version=\"4.23.4\" _module_preset=\"default\" text_text_color=\"#000000\" text_font_size=\"17px\" text_letter_spacing=\"1px\" text_orientation=\"center\" custom_padding=\"26px|15px|15px|15px|false|false\" global_colors_info=\"{}\"]<\/p>\n<p><strong>DESEMPENHO &amp; FORMA<\/strong><\/p>\n<p>[\/et_pb_text][\/et_pb_column][\/et_pb_row][et_pb_row column_structure=\"1_4,1_4,1_4,1_4\" make_equal=\"on\" _builder_version=\"4.20.4\" _module_preset=\"default\" custom_margin_last_edited=\"off|desktop\" global_colors_info=\"{}\" custom_margin__hover_enabled=\"off|desktop\"][et_pb_column type=\"1_4\" _builder_version=\"4.20.4\" _module_preset=\"default\" background_color=\"#FFFFFF\" border_radii=\"on|5px|5px|5px|5px\" global_colors_info=\"{}\"][et_pb_text _builder_version=\"4.23.4\" _module_preset=\"default\" text_font=\"||on||||||\" text_text_color=\"#000000\" text_font_size=\"17px\" text_letter_spacing=\"1px\" text_orientation=\"center\" custom_padding=\"35px|15px|15px|15px|false|false\" global_colors_info=\"{}\"]<\/p>\n<p>T\u00c9CNICAS DE CURA ENERG\u00c9TICA<\/p>\n<p>[\/et_pb_text][\/et_pb_column][et_pb_column type=\"1_4\" _builder_version=\"4.20.4\" _module_preset=\"default\" background_color=\"#FFFFFF\" border_radii=\"on|5px|5px|5px|5px\" global_colors_info=\"{}\"][et_pb_text _builder_version=\"4.23.4\" _module_preset=\"default\" text_font=\"||on||||||\" text_text_color=\"#000000\" text_font_size=\"17px\" text_letter_spacing=\"1px\" text_orientation=\"center\" custom_padding=\"15px|15px|15px|15px|false|false\" global_colors_info=\"{}\"]<\/p>\n<p style=\"text-align: center;\"><strong>ESTILO DE VIDA:<\/strong><br \/>- NUTRI\u00c7\u00c3O<br \/>- HIDRATA\u00c7\u00c3O<br \/>- ENERGIA QU\u00c2NTICA<\/p>\n<p>[\/et_pb_text][\/et_pb_column][et_pb_column type=\"1_4\" _builder_version=\"4.20.4\" _module_preset=\"default\" background_color=\"#FFFFFF\" border_radii=\"on|5px|5px|5px|5px\" global_colors_info=\"{}\"][et_pb_text _builder_version=\"4.23.4\" _module_preset=\"default\" text_text_color=\"#000000\" text_font_size=\"17px\" text_letter_spacing=\"1px\" text_orientation=\"center\" custom_padding=\"39px|15px|15px|15px|false|false\" global_colors_info=\"{}\"]<\/p>\n<p><strong>DESINTOXICA\u00c7\u00c3O&amp; PERDA DE PESO<\/strong><\/p>\n<p>[\/et_pb_text][\/et_pb_column][et_pb_column type=\"1_4\" _builder_version=\"4.20.4\" _module_preset=\"default\" background_color=\"#FFFFFF\" border_radii=\"on|5px|5px|5px|5px\" global_colors_info=\"{}\"][et_pb_text _builder_version=\"4.23.4\" _module_preset=\"default\" text_text_color=\"#000000\" text_font_size=\"17px\" text_letter_spacing=\"1px\" text_orientation=\"center\" custom_padding=\"36px|15px|15px|15px|false|false\" global_colors_info=\"{}\"]<\/p>\n<p><strong>MUDAN\u00c7A DE VIDA POSITIVA<\/strong><\/p>\n<p>[\/et_pb_text][\/et_pb_column][\/et_pb_row][et_pb_row column_structure=\"1_2,1_2\" make_equal=\"on\" _builder_version=\"4.20.4\" _module_preset=\"default\" custom_margin_last_edited=\"off|desktop\" global_colors_info=\"{}\" custom_margin__hover_enabled=\"off|desktop\"][et_pb_column type=\"1_2\" _builder_version=\"4.20.4\" _module_preset=\"default\" background_color=\"#FFFFFF\" border_radii=\"on|5px|5px|5px|5px\" global_colors_info=\"{}\"][et_pb_text _builder_version=\"4.23.4\" _module_preset=\"default\" text_font=\"||on||||||\" text_text_color=\"#000000\" text_font_size=\"17px\" text_letter_spacing=\"1px\" text_orientation=\"center\" custom_padding=\"15px|15px|15px|15px|false|false\" global_colors_info=\"{}\"]<\/p>\n<p>CONSULTORIAS, COACHING, MEDITA\u00c7\u00c3O E MINDFULNESS<\/p>\n<p>[\/et_pb_text][\/et_pb_column][et_pb_column type=\"1_2\" _builder_version=\"4.20.4\" _module_preset=\"default\" background_color=\"#FFFFFF\" border_radii=\"on|5px|5px|5px|5px\" global_colors_info=\"{}\"][et_pb_text _builder_version=\"4.23.4\" _module_preset=\"default\" text_text_color=\"#000000\" text_font_size=\"17px\" text_letter_spacing=\"1px\" text_orientation=\"center\" custom_padding=\"15px|15px|15px|15px|false|false\" global_colors_info=\"{}\"]<\/p>\n<p><strong>REDU\u00c7\u00c3O DE ESTRESSE<\/strong><\/p>\n<p>[\/et_pb_text][\/et_pb_column][\/et_pb_row][\/et_pb_section][et_pb_section fb_built=\"1\" prev_background_color=\"rgba(0,147,181,0.33)\" disabled_on=\"on|on|on\" admin_label=\"Features\" _builder_version=\"4.23.4\" background_color=\"#4ca3b6\" use_background_color_gradient=\"on\" background_color_gradient_stops=\"#4ca3b6 1%|#4ca3b6 100%\" background_color_gradient_start=\"#32bcf2\" background_color_gradient_end=\"#7dd1f1\" background_enable_image=\"off\" background_blend=\"overlay\" custom_padding=\"4px||45px|||\" top_divider_style=\"wave2\" top_divider_height=\"150px\" top_divider_flip=\"horizontal\" da_disable_devices=\"off|off|off\" disabled=\"on\" locked=\"off\" collapsed=\"on\" global_colors_info=\"{}\" da_is_popup=\"off\" da_exit_intent=\"off\" da_has_close=\"on\" da_alt_close=\"off\" da_dark_close=\"off\" da_not_modal=\"on\" da_is_singular=\"off\" da_with_loader=\"off\" da_has_shadow=\"on\"][et_pb_row _builder_version=\"4.20.4\" _module_preset=\"default\" custom_margin=\"-6px|auto||auto||\" global_colors_info=\"{}\"][et_pb_column type=\"4_4\" _builder_version=\"4.20.4\" _module_preset=\"default\" global_colors_info=\"{}\"][et_pb_text _builder_version=\"4.20.4\" _module_preset=\"default\" header_2_font=\"Times New Roman||||||||\" header_2_text_align=\"center\" header_2_text_color=\"#FFFFFF\" global_colors_info=\"{}\"]<\/p>\n<h2><b>PORQU\u00ca ESCOLHER O HOLISTIC POINT?<\/b><\/h2>\n<p>[\/et_pb_text][\/et_pb_column][\/et_pb_row][et_pb_row _builder_version=\"4.20.4\" _module_preset=\"default\" global_colors_info=\"{}\"][et_pb_column type=\"4_4\" _builder_version=\"4.20.4\" _module_preset=\"default\" global_colors_info=\"{}\"][et_pb_image src=\"https:\/\/monicaottone.com\/wp-content\/uploads\/2023\/04\/what-we-do.jpg\" title_text=\"what we do\" align=\"center\" _builder_version=\"4.21.0\" _module_preset=\"default\" global_colors_info=\"{}\"][\/et_pb_image][et_pb_image src=\"https:\/\/monicaottone.com\/wp-content\/uploads\/2023\/04\/your-benefit.jpg\" title_text=\"your benefit\" align=\"center\" _builder_version=\"4.20.4\" _module_preset=\"default\" global_colors_info=\"{}\"][\/et_pb_image][\/et_pb_column][\/et_pb_row][et_pb_row _builder_version=\"4.20.4\" _module_preset=\"default\" global_colors_info=\"{}\"][et_pb_column type=\"4_4\" _builder_version=\"4.20.4\" _module_preset=\"default\" global_colors_info=\"{}\"][et_pb_image src=\"https:\/\/monicaottone.com\/wp-content\/uploads\/2023\/04\/what-we-do.jpg\" title_text=\"what we do\" align=\"center\" _builder_version=\"4.20.4\" _module_preset=\"default\" global_colors_info=\"{}\"][\/et_pb_image][et_pb_image src=\"https:\/\/monicaottone.com\/wp-content\/uploads\/2023\/04\/your-benefit.jpg\" title_text=\"your benefit\" align=\"center\" _builder_version=\"4.20.4\" _module_preset=\"default\" global_colors_info=\"{}\"][\/et_pb_image][\/et_pb_column][\/et_pb_row][\/et_pb_section][et_pb_section fb_built=\"1\" _builder_version=\"4.20.4\" _module_preset=\"default\" background_color=\"#4ca3b6\" da_disable_devices=\"off|off|off\" collapsed=\"on\" global_colors_info=\"{}\" da_is_popup=\"off\" da_exit_intent=\"off\" da_has_close=\"on\" da_alt_close=\"off\" da_dark_close=\"off\" da_not_modal=\"on\" da_is_singular=\"off\" da_with_loader=\"off\" da_has_shadow=\"on\"][et_pb_row _builder_version=\"4.20.4\" _module_preset=\"default\" global_colors_info=\"{}\"][et_pb_column type=\"4_4\" _builder_version=\"4.20.4\" _module_preset=\"default\" global_colors_info=\"{}\"][et_pb_text _builder_version=\"4.20.4\" _module_preset=\"default\" header_2_font=\"Times New Roman|||on|||||\" header_2_text_color=\"#FFFFFF\" header_2_font_size=\"46px\" global_colors_info=\"{}\"]<\/p>\n<h2 style=\"text-align: center;\">os nossos servi\u00e7os<\/h2>\n<p>[\/et_pb_text][\/et_pb_column][\/et_pb_row][et_pb_row column_structure=\"1_2,1_2\" _builder_version=\"4.20.4\" _module_preset=\"default\" custom_margin=\"52px|auto||auto||\" global_colors_info=\"{}\"][et_pb_column type=\"1_2\" _builder_version=\"4.20.4\" _module_preset=\"default\" background_color=\"#FFFFFF\" link_option_url=\"https:\/\/monicaottone.com\/gyrotonic-expansion-system\/\" border_radii=\"on|8px|8px|8px|8px\" global_colors_info=\"{}\"][et_pb_text _builder_version=\"4.21.0\" _dynamic_attributes=\"link_option_url\" _module_preset=\"default\" custom_padding=\"40px|30px|30px|30px|false|false\" link_option_url=\"@ET-DC@eyJkeW5hbWljIjp0cnVlLCJjb250ZW50IjoicG9zdF9saW5rX3VybF9wYWdlIiwic2V0dGluZ3MiOnsicG9zdF9pZCI6IjI2MyJ9fQ==@\" global_colors_info=\"{}\"]<\/p>\n<h3 style=\"text-align: center;\">GYROTONIC EXPANSION SYSTEM\u00ae<\/h3>\n<p>&nbsp;<\/p>\n<p>[\/et_pb_text][\/et_pb_column][et_pb_column type=\"1_2\" _builder_version=\"4.20.4\" _module_preset=\"default\" background_color=\"#FFFFFF\" link_option_url=\"https:\/\/monicaottone.com\/manual-treatments\/\" border_radii=\"on|8px|8px|8px|8px\" global_colors_info=\"{}\"][et_pb_text _builder_version=\"4.21.0\" _dynamic_attributes=\"link_option_url\" _module_preset=\"default\" custom_padding=\"40px|30px|30px|30px|false|false\" link_option_url=\"@ET-DC@eyJkeW5hbWljIjp0cnVlLCJjb250ZW50IjoicG9zdF9saW5rX3VybF9wYWdlIiwic2V0dGluZ3MiOnsicG9zdF9pZCI6IjQ5MiJ9fQ==@\" global_colors_info=\"{}\"]<\/p>\n<h3 style=\"text-align: center;\">PROGRAMAS DE COACHING DE SAUDE<\/h3>\n<p>[\/et_pb_text][\/et_pb_column][\/et_pb_row][et_pb_row column_structure=\"1_2,1_2\" _builder_version=\"4.20.4\" _module_preset=\"default\" custom_margin=\"-6px|auto||auto||\" custom_padding=\"20px|||||\" global_colors_info=\"{}\"][et_pb_column type=\"1_2\" _builder_version=\"4.20.4\" _module_preset=\"default\" background_color=\"#FFFFFF\" link_option_url=\"https:\/\/monicaottone.com\/physical-treatments\/\" border_radii=\"on|8px|8px|8px|8px\" global_colors_info=\"{}\"][et_pb_text _builder_version=\"4.21.0\" _dynamic_attributes=\"link_option_url\" _module_preset=\"default\" custom_padding=\"40px|30px|30px|30px|false|false\" link_option_url=\"@ET-DC@eyJkeW5hbWljIjp0cnVlLCJjb250ZW50IjoicG9zdF9saW5rX3VybF9wYWdlIiwic2V0dGluZ3MiOnsicG9zdF9pZCI6Ijg2NiJ9fQ==@\" global_colors_info=\"{}\"]<\/p>\n<h3 style=\"text-align: center;\">TERAPIAS DO TOQUE LEVE<\/h3>\n<p>[\/et_pb_text][\/et_pb_column][et_pb_column type=\"1_2\" _builder_version=\"4.20.4\" _module_preset=\"default\" background_color=\"#FFFFFF\" link_option_url=\"https:\/\/monicaottone.com\/mindfullness-and-meditation\/\" border_radii=\"on|8px|8px|8px|8px\" global_colors_info=\"{}\"][et_pb_text _builder_version=\"4.21.0\" _dynamic_attributes=\"link_option_url\" _module_preset=\"default\" custom_padding=\"40px|30px|30px|30px|false|false\" link_option_url=\"@ET-DC@eyJkeW5hbWljIjp0cnVlLCJjb250ZW50IjoicG9zdF9saW5rX3VybF9wYWdlIiwic2V0dGluZ3MiOnsicG9zdF9pZCI6IjM3NCJ9fQ==@\" global_colors_info=\"{}\"]<\/p>\n<h3 style=\"text-align: center;\">CONSULTORIAS<\/h3>\n<p>[\/et_pb_text][\/et_pb_column][\/et_pb_row][et_pb_row column_structure=\"1_2,1_2\" _builder_version=\"4.20.4\" _module_preset=\"default\" custom_margin=\"-6px|auto||auto||\" custom_padding=\"20px|||||\" global_colors_info=\"{}\"][et_pb_column type=\"1_2\" _builder_version=\"4.20.4\" _module_preset=\"default\" background_color=\"#FFFFFF\" link_option_url=\"https:\/\/monicaottone.com\/physical-treatments\/\" border_radii=\"on|8px|8px|8px|8px\" global_colors_info=\"{}\"][et_pb_text _builder_version=\"4.21.0\" _dynamic_attributes=\"link_option_url\" _module_preset=\"default\" custom_padding=\"40px|30px|30px|30px|false|false\" link_option_url=\"@ET-DC@eyJkeW5hbWljIjp0cnVlLCJjb250ZW50IjoicG9zdF9saW5rX3VybF9wYWdlIiwic2V0dGluZ3MiOnsicG9zdF9pZCI6IjI1NjUifX0=@\" global_colors_info=\"{}\"]<\/p>\n<h3 style=\"text-align: center;\">AULAS DE ATIVIDADES<\/h3>\n<p>[\/et_pb_text][\/et_pb_column][et_pb_column type=\"1_2\" _builder_version=\"4.20.4\" _module_preset=\"default\" background_color=\"#FFFFFF\" link_option_url=\"https:\/\/monicaottone.com\/mindfullness-and-meditation\/\" border_radii=\"on|8px|8px|8px|8px\" global_colors_info=\"{}\"][et_pb_text _builder_version=\"4.21.0\" _dynamic_attributes=\"link_option_url\" _module_preset=\"default\" custom_padding=\"40px|30px|30px|30px|false|false\" link_option_url=\"@ET-DC@eyJkeW5hbWljIjp0cnVlLCJjb250ZW50IjoicG9zdF9saW5rX3VybF9wYWdlIiwic2V0dGluZ3MiOnsicG9zdF9pZCI6IjExMDcifX0=@\" global_colors_info=\"{}\"]<\/p>\n<h3 style=\"text-align: center;\">ESTILO DE VIDA<\/h3>\n<p>[\/et_pb_text][\/et_pb_column][\/et_pb_row][\/et_pb_section]<\/p>\n","protected":false},"excerpt":{"rendered":"<p>HOL\u00cdSTIC POINT Holistic Point foi o primeiro e \u00fanico est\u00fadio abrangente em Cabo Verde dedicado ao bem-estar psicobiol\u00f3gico. Um modelo de bem-estar projetado para ajudar as pessoas a assumirem o controle de si mesmas, concentrando-se no que \u00e9 importante para elas no momento presente e compreendendo o CORPO, a MENTE e a ALMA. Operando na [&hellip;]<\/p>\n","protected":false},"author":1,"featured_media":0,"parent":0,"menu_order":0,"comment_status":"closed","ping_status":"closed","template":"","meta":{"_et_pb_use_builder":"on","_et_pb_old_content":"","_et_gb_content_width":"","footnotes":""},"class_list":["post-1748","page","type-page","status-publish","hentry"],"_links":{"self":[{"href":"https:\/\/monicaottone.com\/pt-pt\/wp-json\/wp\/v2\/pages\/1748","targetHints":{"allow":["GET"]}}],"collection":[{"href":"https:\/\/monicaottone.com\/pt-pt\/wp-json\/wp\/v2\/pages"}],"about":[{"href":"https:\/\/monicaottone.com\/pt-pt\/wp-json\/wp\/v2\/types\/page"}],"author":[{"embeddable":true,"href":"https:\/\/monicaottone.com\/pt-pt\/wp-json\/wp\/v2\/users\/1"}],"replies":[{"embeddable":true,"href":"https:\/\/monicaottone.com\/pt-pt\/wp-json\/wp\/v2\/comments?post=1748"}],"version-history":[{"count":24,"href":"https:\/\/monicaottone.com\/pt-pt\/wp-json\/wp\/v2\/pages\/1748\/revisions"}],"predecessor-version":[{"id":5525,"href":"https:\/\/monicaottone.com\/pt-pt\/wp-json\/wp\/v2\/pages\/1748\/revisions\/5525"}],"wp:attachment":[{"href":"https:\/\/monicaottone.com\/pt-pt\/wp-json\/wp\/v2\/media?parent=1748"}],"curies":[{"name":"wp","href":"https:\/\/api.w.org\/{rel}","templated":true}]}}