{"id":1781,"date":"2023-05-04T14:20:01","date_gmt":"2023-05-04T15:20:01","guid":{"rendered":"https:\/\/monicaottone.com\/holistic-point\/estilo-de-vida\/agua-kangen\/"},"modified":"2024-04-06T12:54:33","modified_gmt":"2024-04-06T13:54:33","slug":"agua-kangen","status":"publish","type":"page","link":"https:\/\/monicaottone.com\/pt-pt\/holistic-point\/estilo-de-vida\/agua-kangen\/","title":{"rendered":"\u00c1GUA KANGEN"},"content":{"rendered":"<p>[et_pb_section fb_built=\"1\" admin_label=\"Section\" _builder_version=\"4.24.3\" _module_preset=\"default\" background_enable_color=\"off\" use_background_color_gradient=\"on\" background_color_gradient_direction=\"360deg\" background_color_gradient_stops=\"#ffffff 40%|#4ca3b6 100%\" background_color_gradient_start=\"#ffffff\" background_color_gradient_start_position=\"40%\" background_color_gradient_end=\"#ffb9cc\" background_enable_image=\"off\" hover_enabled=\"0\" da_disable_devices=\"off|off|off\" global_colors_info=\"{}\" custom_margin=\"-50px||||false|false\" sticky_enabled=\"0\" da_is_popup=\"off\" da_exit_intent=\"off\" da_has_close=\"on\" da_alt_close=\"off\" da_dark_close=\"off\" da_not_modal=\"on\" da_is_singular=\"off\" da_with_loader=\"off\" da_has_shadow=\"on\"][et_pb_row column_structure=\"2_5,3_5\" _builder_version=\"4.21.0\" _module_preset=\"default\" global_colors_info=\"{}\"][et_pb_column type=\"2_5\" _builder_version=\"4.21.0\" _module_preset=\"default\" global_colors_info=\"{}\"][et_pb_text _builder_version=\"4.21.0\" _module_preset=\"default\" header_text_color=\"#ffffff\" global_colors_info=\"{}\"]<\/p>\n<h1>\u00c1GUA KANGEN<\/h1>\n<p>&nbsp;<\/p>\n<ul>\n<li>HIDRATA\u00c7\u00c3O \u00d3PTIMA<\/li>\n<li>ALCALINA IONIZADA<\/li>\n<li>SABOR DELICIOSO<\/li>\n<li>MINERAIS SAUD\u00c1VEIS<\/li>\n<li>ANTIOXIDANTE<\/li>\n<li>ELIMINADOR DE DROGAIS LIVRES EM EXCESSO<\/li>\n<\/ul>\n<p>[\/et_pb_text][\/et_pb_column][et_pb_column type=\"3_5\" _builder_version=\"4.21.0\" _module_preset=\"default\" global_colors_info=\"{}\"][et_pb_video src=\"https:\/\/www.youtube.com\/watch?v=q-hK5Q2xAc8\" image_src=\"\/\/i.ytimg.com\/vi\/q-hK5Q2xAc8\/hqdefault.jpg\" _builder_version=\"4.21.0\" _module_preset=\"default\" global_colors_info=\"{}\"][\/et_pb_video][\/et_pb_column][\/et_pb_row][\/et_pb_section][et_pb_section fb_built=\"1\" disabled_on=\"on|on|off\" _builder_version=\"4.21.0\" _module_preset=\"default\" da_disable_devices=\"off|off|off\" global_colors_info=\"{}\" da_is_popup=\"off\" da_exit_intent=\"off\" da_has_close=\"on\" da_alt_close=\"off\" da_dark_close=\"off\" da_not_modal=\"on\" da_is_singular=\"off\" da_with_loader=\"off\" da_has_shadow=\"on\"][et_pb_row column_structure=\"1_5,1_5,1_5,1_5,1_5\" _builder_version=\"4.21.0\" _module_preset=\"default\" global_colors_info=\"{}\"][et_pb_column type=\"1_5\" _builder_version=\"4.21.0\" _module_preset=\"default\" global_colors_info=\"{}\"][et_pb_image src=\"https:\/\/monicaottone.com\/wp-content\/uploads\/2023\/05\/orange.png\" title_text=\"laranja\" align=\"center\" _builder_version=\"4.21.0\" _module_preset=\"default\" global_colors_info=\"{}\"][\/et_pb_image][\/et_pb_column][et_pb_column type=\"1_5\" _builder_version=\"4.21.0\" _module_preset=\"default\" global_colors_info=\"{}\"][et_pb_image src=\"https:\/\/monicaottone.com\/wp-content\/uploads\/2023\/05\/yellow.png\" title_text=\"amarelo\" align=\"center\" _builder_version=\"4.21.0\" _module_preset=\"default\" global_colors_info=\"{}\"][\/et_pb_image][\/et_pb_column][et_pb_column type=\"1_5\" _builder_version=\"4.21.0\" _module_preset=\"default\" global_colors_info=\"{}\"][et_pb_image src=\"https:\/\/monicaottone.com\/wp-content\/uploads\/2023\/05\/distributor-green.png\" title_text=\"distribuidor-verde\" align=\"center\" _builder_version=\"4.21.0\" _module_preset=\"default\" global_colors_info=\"{}\"][\/et_pb_image][\/et_pb_column][et_pb_column type=\"1_5\" _builder_version=\"4.21.0\" _module_preset=\"default\" global_colors_info=\"{}\"][et_pb_image src=\"https:\/\/monicaottone.com\/wp-content\/uploads\/2023\/05\/blue.png\" title_text=\"azul\" align=\"center\" _builder_version=\"4.21.0\" _module_preset=\"default\" global_colors_info=\"{}\"][\/et_pb_image][\/et_pb_column][et_pb_column type=\"1_5\" _builder_version=\"4.21.0\" _module_preset=\"default\" global_colors_info=\"{}\"][et_pb_image src=\"https:\/\/monicaottone.com\/wp-content\/uploads\/2023\/05\/violet.png\" title_text=\"violeta\" align=\"center\" _builder_version=\"4.21.0\" _module_preset=\"default\" global_colors_info=\"{}\"][\/et_pb_image][\/et_pb_column][\/et_pb_row][et_pb_row column_structure=\"1_5,1_5,1_5,1_5,1_5\" _builder_version=\"4.21.0\" _module_preset=\"default\" custom_padding=\"||0px|||\" global_colors_info=\"{}\"][et_pb_column type=\"1_5\" _builder_version=\"4.21.0\" _module_preset=\"default\" global_colors_info=\"{}\"][et_pb_text _builder_version=\"4.21.0\" _module_preset=\"default\" text_font=\"|700|||||||\" text_text_color=\"#ef6b00\" global_colors_info=\"{}\"]<\/p>\n<div class=\"col-3 drops_text acidic\" style=\"text-align: center;\">\u00c1CIDO - M\u00c1 SA\u00daDE<\/div>\n<p>[\/et_pb_text][\/et_pb_column][et_pb_column type=\"1_5\" _builder_version=\"4.21.0\" _module_preset=\"default\" global_colors_info=\"{}\"][\/et_pb_column][et_pb_column type=\"1_5\" _builder_version=\"4.21.0\" _module_preset=\"default\" global_colors_info=\"{}\"][et_pb_text _builder_version=\"4.21.0\" _module_preset=\"default\" text_font=\"|800|||||||\" text_text_color=\"#21c48e\" text_font_size=\"29px\" global_colors_info=\"{}\"]<\/p>\n<div class=\"col-4 drops_text neutral\" style=\"text-align: center;\">a escala de pH<\/div>\n<p>[\/et_pb_text][\/et_pb_column][et_pb_column type=\"1_5\" _builder_version=\"4.21.0\" _module_preset=\"default\" global_colors_info=\"{}\"][\/et_pb_column][et_pb_column type=\"1_5\" _builder_version=\"4.21.0\" _module_preset=\"default\" global_colors_info=\"{}\"][et_pb_text _builder_version=\"4.21.0\" _module_preset=\"default\" text_font=\"|700|||||||\" text_text_color=\"#8300E9\" global_colors_info=\"{}\"]<\/p>\n<p style=\"text-align: center;\">ALCALINO - BOA SA\u00daDE<\/p>\n<p>[\/et_pb_text][\/et_pb_column][\/et_pb_row][\/et_pb_section][et_pb_section fb_built=\"1\" _builder_version=\"4.21.0\" _module_preset=\"default\" custom_padding=\"||5px|||\" da_disable_devices=\"off|off|off\" global_colors_info=\"{}\" da_is_popup=\"off\" da_exit_intent=\"off\" da_has_close=\"on\" da_alt_close=\"off\" da_dark_close=\"off\" da_not_modal=\"on\" da_is_singular=\"off\" da_with_loader=\"off\" da_has_shadow=\"on\"][et_pb_row disabled_on=\"off|off|on\" _builder_version=\"4.21.0\" _module_preset=\"default\" global_colors_info=\"{}\"][et_pb_column type=\"4_4\" _builder_version=\"4.21.0\" _module_preset=\"default\" global_colors_info=\"{}\"][et_pb_image src=\"https:\/\/monicaottone.com\/wp-content\/uploads\/2023\/05\/mobile-grafic-kangen.jpg\" title_text=\"mobile grafic kangen\" align=\"center\" force_fullwidth=\"on\" _builder_version=\"4.21.0\" _module_preset=\"default\" custom_margin=\"-54px|||||\" global_colors_info=\"{}\"][\/et_pb_image][\/et_pb_column][\/et_pb_row][\/et_pb_section][et_pb_section fb_built=\"1\" _builder_version=\"4.21.0\" _module_preset=\"default\" background_enable_color=\"off\" use_background_color_gradient=\"on\" background_color_gradient_direction=\"175deg\" background_color_gradient_stops=\"#ffffff 36%|#4ca3b6 74%\" background_color_gradient_start=\"#ffffff\" background_color_gradient_start_position=\"40%\" background_color_gradient_end=\"#ffb9cc\" background_enable_image=\"off\" height=\"300px\" custom_padding=\"0px||||false|false\" background_last_edited=\"on|phone\" use_background_color_gradient_tablet=\"on\" background_color_gradient_stops_tablet=\"#ffffff 56%|#4ca3b6 73%\" da_disable_devices=\"off|off|off\" global_colors_info=\"{}\" da_is_popup=\"off\" da_exit_intent=\"off\" da_has_close=\"on\" da_alt_close=\"off\" da_dark_close=\"off\" da_not_modal=\"on\" da_is_singular=\"off\" da_with_loader=\"off\" da_has_shadow=\"on\"][et_pb_row column_structure=\"1_2,1_2\" _builder_version=\"4.21.0\" _module_preset=\"default\" global_colors_info=\"{}\"][et_pb_column type=\"1_2\" _builder_version=\"4.21.0\" _module_preset=\"default\" global_colors_info=\"{}\"][et_pb_text _builder_version=\"4.21.0\" _module_preset=\"default\" global_colors_info=\"{}\"]<\/p>\n<h2 style=\"text-align: center;\">Monica Ottone<\/h2>\n<p style=\"text-align: center;\">ENAGIC\u00ae INTERNATIONAL DISTRIBUTOR<\/p>\n<p style=\"text-align: center;\">ID# 22000001589 TEL: +2389507684<\/p>\n<p style=\"text-align: center;\"><em>Santa Maria, Ilha do Sal - <\/em><em>CABO VERDE<\/em><\/p>\n<p>[\/et_pb_text][\/et_pb_column][et_pb_column type=\"1_2\" _builder_version=\"4.21.0\" _module_preset=\"default\" global_colors_info=\"{}\"][et_pb_cta button_url=\"@ET-DC@eyJkeW5hbWljIjp0cnVlLCJjb250ZW50IjoicG9zdF9saW5rX3VybF9wYWdlIiwic2V0dGluZ3MiOnsicG9zdF9pZCI6IjcwNiJ9fQ==@\" button_text=\"Quero ser contactado\" _builder_version=\"4.21.0\" _dynamic_attributes=\"button_url\" _module_preset=\"default\" header_font=\"|700||on|||||\" header_text_color=\"#000000\" header_font_size=\"25px\" body_font=\"|600|||||||\" body_text_color=\"#000000\" background_enable_color=\"off\" custom_button=\"on\" button_text_size=\"22px\" button_text_color=\"#000000\" button_bg_color=\"#FFFFFF\" button_border_width=\"3px\" button_font=\"|||on|||||\" button_icon=\"&#xe031;||divi||400\" button_alignment=\"center\" custom_margin=\"||5px||false|false\" custom_padding=\"||14px|||\" button_text_size_tablet=\"16px\" button_text_size_phone=\"15px\" button_text_size_last_edited=\"on|tablet\" text_shadow_style=\"preset1\" global_colors_info=\"{}\"][\/et_pb_cta][\/et_pb_column][\/et_pb_row][\/et_pb_section]<\/p>\n","protected":false},"excerpt":{"rendered":"<p>\u00c1GUA KANGEN &nbsp; HIDRATA\u00c7\u00c3O \u00d3PTIMA ALCALINA IONIZADA SABOR DELICIOSO MINERAIS SAUD\u00c1VEIS ANTIOXIDANTE ELIMINADOR DE DROGAIS LIVRES EM EXCESSO \u00c1CIDO - M\u00c1 SA\u00daDEa escala de pHALCALINO - BOA SA\u00daDEMonica Ottone ENAGIC\u00ae INTERNATIONAL DISTRIBUTOR ID# 22000001589 TEL: +2389507684 Santa Maria, Ilha do Sal - CABO VERDE<\/p>\n","protected":false},"author":4,"featured_media":0,"parent":1775,"menu_order":0,"comment_status":"closed","ping_status":"closed","template":"","meta":{"_et_pb_use_builder":"on","_et_pb_old_content":"","_et_gb_content_width":"","footnotes":""},"class_list":["post-1781","page","type-page","status-publish","hentry"],"_links":{"self":[{"href":"https:\/\/monicaottone.com\/pt-pt\/wp-json\/wp\/v2\/pages\/1781","targetHints":{"allow":["GET"]}}],"collection":[{"href":"https:\/\/monicaottone.com\/pt-pt\/wp-json\/wp\/v2\/pages"}],"about":[{"href":"https:\/\/monicaottone.com\/pt-pt\/wp-json\/wp\/v2\/types\/page"}],"author":[{"embeddable":true,"href":"https:\/\/monicaottone.com\/pt-pt\/wp-json\/wp\/v2\/users\/4"}],"replies":[{"embeddable":true,"href":"https:\/\/monicaottone.com\/pt-pt\/wp-json\/wp\/v2\/comments?post=1781"}],"version-history":[{"count":3,"href":"https:\/\/monicaottone.com\/pt-pt\/wp-json\/wp\/v2\/pages\/1781\/revisions"}],"predecessor-version":[{"id":6462,"href":"https:\/\/monicaottone.com\/pt-pt\/wp-json\/wp\/v2\/pages\/1781\/revisions\/6462"}],"up":[{"embeddable":true,"href":"https:\/\/monicaottone.com\/pt-pt\/wp-json\/wp\/v2\/pages\/1775"}],"wp:attachment":[{"href":"https:\/\/monicaottone.com\/pt-pt\/wp-json\/wp\/v2\/media?parent=1781"}],"curies":[{"name":"wp","href":"https:\/\/api.w.org\/{rel}","templated":true}]}}