{"id":1787,"date":"2023-05-04T17:28:40","date_gmt":"2023-05-04T17:28:40","guid":{"rendered":"https:\/\/monicaottone.com\/holistic-point\/estilo-de-vida\/lightflow\/"},"modified":"2023-08-31T14:07:57","modified_gmt":"2023-08-31T14:07:57","slug":"lightflow","status":"publish","type":"page","link":"https:\/\/monicaottone.com\/pt-pt\/holistic-point\/estilo-de-vida\/lightflow\/","title":{"rendered":"LIGHTFLOW"},"content":{"rendered":"<p>[et_pb_section fb_built=\"1\" fullwidth=\"on\" next_background_color=\"#4ca3b6\" admin_label=\"Hero\" _builder_version=\"4.19.3\" background_color=\"#4ca3b6\" use_background_color_gradient=\"on\" background_color_gradient_direction=\"165deg\" background_color_gradient_stops=\"#ffffff 40%|#4ca3b6 100%\" background_color_gradient_start=\"#ffffff\" background_color_gradient_start_position=\"40%\" background_color_gradient_end=\"#ffb9cc\" background_enable_image=\"off\" bottom_divider_style=\"wave2\" bottom_divider_height=\"150px\" bottom_divider_flip=\"horizontal\" da_disable_devices=\"off|off|off\" global_colors_info=\"{}\" da_is_popup=\"off\" da_exit_intent=\"off\" da_has_close=\"on\" da_alt_close=\"off\" da_dark_close=\"off\" da_not_modal=\"on\" da_is_singular=\"off\" da_with_loader=\"off\" da_has_shadow=\"on\"][et_pb_fullwidth_header title=\"TECNOLOGIA LIGHTFLOW\" background_overlay_color=\"rgba(255,255,255,0.3)\" logo_image_url=\"https:\/\/monicaottone.com\/wp-content\/uploads\/2023\/05\/logo_b.png\" header_image_url=\"https:\/\/monicaottone.com\/wp-content\/uploads\/2023\/05\/LTFW-SITO-COMPOSIZIONE-PRODOTTI-CARBOLIGHT-5-1.jpg\" _builder_version=\"4.21.0\" title_font=\"Times New Roman||||||||\" title_text_color=\"#262f71\" title_font_size=\"50px\" title_line_height=\"1.3em\" content_font=\"Lato||||||||\" content_line_height=\"1.8em\" background_color=\"rgba(255, 255, 255, 0)\" background_enable_image=\"off\" custom_button_one=\"on\" button_one_text_size=\"14px\" button_one_text_color=\"#ffffff\" button_one_bg_color=\"#ffb9cc\" button_one_border_width=\"8px\" button_one_border_color=\"#ffb9cc\" button_one_border_radius=\"100px\" button_one_font=\"Nunito|700||on|||||\" button_one_use_icon=\"off\" custom_button_two=\"on\" button_two_text_size=\"14px\" button_two_text_color=\"#88d4f2\" button_two_border_width=\"6px\" button_two_border_color=\"rgba(255,255,255,0)\" button_two_border_radius=\"86px\" button_two_font=\"Nunito|700||on|||||\" button_two_use_icon=\"off\" background_layout=\"light\" custom_margin=\"|||\" custom_padding=\"3px||150px|||\" box_shadow_style_button_one=\"preset3\" box_shadow_color_button_one=\"rgba(255,185,204,0.6)\" box_shadow_style_button_two=\"preset5\" box_shadow_vertical_button_two=\"0px\" box_shadow_spread_button_two=\"2px\" box_shadow_color_button_two=\"#88d4f2\" button_two_text_color_hover=\"#ffffff\" button_two_border_color_hover=\"#88d4f2\" button_two_bg_color_hover=\"#88d4f2\" global_colors_info=\"{}\" button_one_text_size__hover_enabled=\"off\" button_two_text_size__hover_enabled=\"off\" button_one_text_color__hover_enabled=\"off\" button_two_text_color__hover_enabled=\"on\" button_two_text_color__hover=\"#ffffff\" button_one_border_width__hover_enabled=\"off\" button_two_border_width__hover_enabled=\"off\" button_one_border_color__hover_enabled=\"off\" button_two_border_color__hover_enabled=\"on\" button_two_border_color__hover=\"#88d4f2\" button_one_border_radius__hover_enabled=\"off\" button_two_border_radius__hover_enabled=\"off\" button_one_letter_spacing__hover_enabled=\"off\" button_two_letter_spacing__hover_enabled=\"off\" button_one_bg_color__hover_enabled=\"off\" button_two_bg_color__hover_enabled=\"on\" button_two_bg_color__hover=\"#88d4f2\"]<\/p>\n<p style=\"text-align: justify;\">Quer perder peso e aumentar a massa magra, reduzindo a inflama\u00e7\u00e3o? Com LIGHTFLOW pode!<br \/>Use Fiberlight, as pe\u00e7as de vestu\u00e1rio em microfibra com tecnologia de abeto: ir\u00e1 sentir imediatamente os efeitos fant\u00e1sticos nos tecidos do corpo e na circula\u00e7\u00e3o!<\/p>\n<p style=\"text-align: justify;\">E n\u00e3o \u00e9 s\u00f3 isso, pode ajudar outras pessoas a fazer o mesmo, sendo pago para isso.<\/p>\n<p>[\/et_pb_fullwidth_header][\/et_pb_section][et_pb_section fb_built=\"1\" prev_background_color=\"#4ca3b6\" admin_label=\"Features\" _builder_version=\"4.19.3\" background_color=\"#4ca3b6\" use_background_color_gradient=\"on\" background_color_gradient_stops=\"#4ca3b6 1%|#4ca3b6 100%\" background_color_gradient_start=\"#32bcf2\" background_color_gradient_end=\"#7dd1f1\" background_enable_image=\"off\" background_blend=\"overlay\" custom_padding=\"14px||23px|||\" top_divider_style=\"wave2\" top_divider_height=\"150px\" top_divider_flip=\"horizontal\" da_disable_devices=\"off|off|off\" locked=\"off\" global_colors_info=\"{}\" da_is_popup=\"off\" da_exit_intent=\"off\" da_has_close=\"on\" da_alt_close=\"off\" da_dark_close=\"off\" da_not_modal=\"on\" da_is_singular=\"off\" da_with_loader=\"off\" da_has_shadow=\"on\"][et_pb_row column_structure=\"1_2,1_2\" _builder_version=\"4.19.3\" _module_preset=\"default\" custom_padding=\"9px|||||\" global_colors_info=\"{}\"][et_pb_column type=\"1_2\" _builder_version=\"4.19.3\" _module_preset=\"default\" global_colors_info=\"{}\"][et_pb_image src=\"https:\/\/monicaottone.com\/wp-content\/uploads\/2023\/05\/dieta-chetogenica-lightflow-1.jpg\" title_text=\"dieta-chetogenica-lightflow-1\" _builder_version=\"4.21.0\" _module_preset=\"default\" global_colors_info=\"{}\"][\/et_pb_image][\/et_pb_column][et_pb_column type=\"1_2\" _builder_version=\"4.19.3\" _module_preset=\"default\" global_colors_info=\"{}\"][et_pb_text _builder_version=\"4.21.0\" text_font=\"||||||||\" header_font=\"||||||||\" header_text_color=\"#000000\" header_line_height=\"0em\" header_2_font=\"Times New Roman|||on|||||\" header_2_text_align=\"center\" header_2_text_color=\"#000000\" header_2_font_size=\"46px\" header_2_line_height=\"1.3em\" background_layout=\"dark\" max_width=\"700px\" module_alignment=\"center\" custom_margin=\"8px|||||\" animation_style=\"slide\" animation_direction=\"top\" animation_intensity_slide=\"5%\" animation_starting_opacity=\"100%\" hover_enabled=\"0\" global_colors_info=\"{}\" sticky_enabled=\"0\"]<\/p>\n<p style=\"text-align: justify;\">Contacte-me para conhecer melhor esta fant\u00e1stica empresa italiana, terei todo o gosto em partilhar consigo os meus resultados pessoais e apresentar-lhe os produtos e o projeto empresarial LIGHTFLOW.<\/p>\n<p style=\"text-align: justify;\">Com o lightflow, n\u00e3o se trata apenas de alimentos com baixo teor de hidratos de carbono, mas de uma escolha de estilo de vida saud\u00e1vel a 360\u00b0!<\/p>\n<p style=\"text-align: justify;\"><em>MONICA OTTONE - profile cod. 015846<\/em><\/p>\n<p style=\"text-align: justify;\">n\u00famero de telefone:<a href=\"tel:+2389507684\"><span style=\"text-decoration: underline;\"><span style=\"color: #0000ff; text-decoration: underline;\"> +238 950 7684<\/span><\/span><\/a><br \/>email: holisticholidayscaboverde@gmail.com<\/p>\n<p>[\/et_pb_text][et_pb_cta button_url=\"@ET-DC@eyJkeW5hbWljIjp0cnVlLCJjb250ZW50IjoicG9zdF9saW5rX3VybF9wYWdlIiwic2V0dGluZ3MiOnsicG9zdF9pZCI6IjcwNiJ9fQ==@\" button_text=\"Quero ser contactado\" _builder_version=\"4.21.0\" _dynamic_attributes=\"button_url\" _module_preset=\"default\" header_font=\"|700||on|||||\" header_text_color=\"#000000\" header_font_size=\"25px\" body_font=\"|600|||||||\" body_text_color=\"#000000\" background_enable_color=\"off\" custom_button=\"on\" button_text_size=\"17px\" button_text_color=\"#000000\" button_bg_color=\"#FFFFFF\" button_border_width=\"3px\" button_font=\"|||on|||||\" button_use_icon=\"off\" button_alignment=\"center\" custom_margin=\"||9px|||\" custom_padding=\"0px|||||\" text_shadow_style=\"preset1\" global_colors_info=\"{}\"][\/et_pb_cta][\/et_pb_column][\/et_pb_row][\/et_pb_section]<\/p>\n","protected":false},"excerpt":{"rendered":"<p>Quer perder peso e aumentar a massa magra, reduzindo a inflama\u00e7\u00e3o? Com LIGHTFLOW pode!Use Fiberlight, as pe\u00e7as de vestu\u00e1rio em microfibra com tecnologia de abeto: ir\u00e1 sentir imediatamente os efeitos fant\u00e1sticos nos tecidos do corpo e na circula\u00e7\u00e3o! E n\u00e3o \u00e9 s\u00f3 isso, pode ajudar outras pessoas a fazer o mesmo, sendo pago para isso.Contacte-me [&hellip;]<\/p>\n","protected":false},"author":4,"featured_media":0,"parent":1775,"menu_order":0,"comment_status":"closed","ping_status":"closed","template":"","meta":{"_et_pb_use_builder":"on","_et_pb_old_content":"","_et_gb_content_width":"","footnotes":""},"class_list":["post-1787","page","type-page","status-publish","hentry"],"_links":{"self":[{"href":"https:\/\/monicaottone.com\/pt-pt\/wp-json\/wp\/v2\/pages\/1787","targetHints":{"allow":["GET"]}}],"collection":[{"href":"https:\/\/monicaottone.com\/pt-pt\/wp-json\/wp\/v2\/pages"}],"about":[{"href":"https:\/\/monicaottone.com\/pt-pt\/wp-json\/wp\/v2\/types\/page"}],"author":[{"embeddable":true,"href":"https:\/\/monicaottone.com\/pt-pt\/wp-json\/wp\/v2\/users\/4"}],"replies":[{"embeddable":true,"href":"https:\/\/monicaottone.com\/pt-pt\/wp-json\/wp\/v2\/comments?post=1787"}],"version-history":[{"count":2,"href":"https:\/\/monicaottone.com\/pt-pt\/wp-json\/wp\/v2\/pages\/1787\/revisions"}],"predecessor-version":[{"id":1789,"href":"https:\/\/monicaottone.com\/pt-pt\/wp-json\/wp\/v2\/pages\/1787\/revisions\/1789"}],"up":[{"embeddable":true,"href":"https:\/\/monicaottone.com\/pt-pt\/wp-json\/wp\/v2\/pages\/1775"}],"wp:attachment":[{"href":"https:\/\/monicaottone.com\/pt-pt\/wp-json\/wp\/v2\/media?parent=1787"}],"curies":[{"name":"wp","href":"https:\/\/api.w.org\/{rel}","templated":true}]}}