{"id":1834,"date":"2023-04-06T18:45:26","date_gmt":"2023-04-06T19:45:26","guid":{"rendered":"https:\/\/monicaottone.com\/holistic-point\/tratamentos-fisicos\/terapia-vascular-bemer\/"},"modified":"2024-04-06T13:08:46","modified_gmt":"2024-04-06T14:08:46","slug":"terapia-vascular-bemer","status":"publish","type":"page","link":"https:\/\/monicaottone.com\/pt-pt\/holistic-point\/terapia-vascular-bemer\/","title":{"rendered":"TERAPIA VASCULAR BEMER"},"content":{"rendered":"<p>[et_pb_section fb_built=\"1\" admin_label=\"Header\" _builder_version=\"4.20.0\" _module_preset=\"default\" da_disable_devices=\"off|off|off\" collapsed=\"on\" global_colors_info=\"{}\" da_is_popup=\"off\" da_exit_intent=\"off\" da_has_close=\"on\" da_alt_close=\"off\" da_dark_close=\"off\" da_not_modal=\"on\" da_is_singular=\"off\" da_with_loader=\"off\" da_has_shadow=\"on\"][et_pb_row _builder_version=\"4.20.0\" _module_preset=\"default\" max_width=\"800px\" global_colors_info=\"{}\"][et_pb_column type=\"4_4\" _builder_version=\"4.20.0\" _module_preset=\"default\" global_colors_info=\"{}\"][et_pb_text _builder_version=\"4.19.3\" _module_preset=\"5982cc30-7512-49f1-a4ce-df4d3d05e730\" header_font=\"Times New Roman|||on|||||\" text_orientation=\"center\" custom_margin=\"||10px||false|false\" global_colors_info=\"{}\"]<\/p>\n<h1>Bemer Vascular Therapy<\/h1>\n<p>[\/et_pb_text][et_pb_text _builder_version=\"4.19.3\" _module_preset=\"62f7b9dd-898a-41cc-82f7-065a07db7367\" locked=\"off\" global_colors_info=\"{}\"]<\/p>\n<p>Muitas das doen\u00e7as que sentimos no nosso cotidiano - <b>diminui\u00e7\u00e3o da energia, m\u00e1 qualidade do sono, baixo desempenho<\/b> - est\u00e3o frequentemente relacionadas com <b>uma m\u00e1 circula\u00e7\u00e3o sangu\u00ednea.<\/b> Regimes de treino intensos, les\u00f5es traum\u00e1ticas e trabalho sedent\u00e1rio podem reduzir a capacidade do corpo de transportar oxig\u00eanio e nutrientes para os nossos \u00f3rg\u00e3os, m\u00fasculos e todos os tecidos em geral.<\/p>\n<p>[\/et_pb_text][et_pb_video src=\"https:\/\/www.youtube.com\/watch?v=C6pgEl8Xy5Y\" _builder_version=\"4.19.3\" _module_preset=\"default\" module_alignment=\"center\" custom_css_main_element=\"text-align: center;\" global_colors_info=\"{}\"][\/et_pb_video][\/et_pb_column][\/et_pb_row][\/et_pb_section][et_pb_section fb_built=\"1\" admin_label=\"About\" _builder_version=\"4.19.3\" _module_preset=\"default\" background_color=\"gcid-cc1e7daa-e7a2-44d1-a6d4-86221a549f5c\" custom_padding=\"0px||0px||true|false\" da_disable_devices=\"off|off|off\" locked=\"off\" collapsed=\"on\" global_colors_info=\"{%22gcid-cc1e7daa-e7a2-44d1-a6d4-86221a549f5c%22:%91%22background_color%22%93}\" da_is_popup=\"off\" da_exit_intent=\"off\" da_has_close=\"on\" da_alt_close=\"off\" da_dark_close=\"off\" da_not_modal=\"on\" da_is_singular=\"off\" da_with_loader=\"off\" da_has_shadow=\"on\"][et_pb_row column_structure=\"1_2,1_2\" use_custom_gutter=\"on\" gutter_width=\"1\" make_equal=\"on\" _builder_version=\"4.19.3\" _module_preset=\"default\" width=\"100%\" max_width=\"none\" custom_padding=\"0px||0px||true|false\" global_colors_info=\"{}\"][et_pb_column type=\"1_2\" _builder_version=\"4.20.0\" _module_preset=\"default\" custom_padding=\"8%|8%|8%|8%|true|true\" global_colors_info=\"{}\"][et_pb_text _builder_version=\"4.19.3\" _module_preset=\"62f7b9dd-898a-41cc-82f7-065a07db7367\" text_text_color=\"#FFFFFF\" global_colors_info=\"{}\"]<\/p>\n<p>BEMER - Bio Electro Magnetic Energy Regulation, \u00e9 uma excelente forma de aumentar o fluxo sangu\u00edneo e melhorar o seu desempenho f\u00edsico, a recupera\u00e7\u00e3o de les\u00f5es e a sa\u00fade e bem-estar geral. <\/p>\n<p>Utilizando o poder da tecnologia de Campo Electromagn\u00e9tico Pulsado (PEMF), o BEMER estimula a actividade el\u00e9ctrica nas suas c\u00e9lulas musculares em apenas duas sess\u00f5es de oito minutos ou numa \u00fanica sess\u00e3o de vinte minutos por dia.<\/p>\n<p>O sinal terap\u00eautico \u00fanico e patenteado de PEMF atravessa o corpo e penetra profundamente nos m\u00fasculos para proporcionar muitos dos mesmos benef\u00edcios que obteria com massagens desportivas, saunas, crioterapia e muito mais. <\/p>\n<p>Quer seja um atleta ou esteja apenas \u00e0 procura de tirar o m\u00e1ximo partido do seu corpo, o BEMER \u00e9 seguro e simples de utilizar, sendo assim f\u00e1cil de adicionar \u00e0 sua rotina di\u00e1ria tambem como nas f\u00e9rias.<\/p>\n<p>[\/et_pb_text][\/et_pb_column][et_pb_column type=\"1_2\" _builder_version=\"4.19.3\" _module_preset=\"default\" background_image=\"https:\/\/monicaottone.com\/wp-content\/uploads\/2023\/04\/APPARECCHIO-BEMER.webp\" global_colors_info=\"{}\"][et_pb_divider show_divider=\"off\" _builder_version=\"4.20.0\" _module_preset=\"default\" height_tablet=\"60vw\" height_phone=\"60vw\" height_last_edited=\"on|desktop\" global_colors_info=\"{}\"][\/et_pb_divider][\/et_pb_column][\/et_pb_row][\/et_pb_section][et_pb_section fb_built=\"1\" admin_label=\"Mission\" _builder_version=\"4.20.0\" _module_preset=\"default\" custom_padding=\"0px||0px||true|false\" da_disable_devices=\"off|off|off\" locked=\"off\" collapsed=\"on\" global_colors_info=\"{}\" da_is_popup=\"off\" da_exit_intent=\"off\" da_has_close=\"on\" da_alt_close=\"off\" da_dark_close=\"off\" da_not_modal=\"on\" da_is_singular=\"off\" da_with_loader=\"off\" da_has_shadow=\"on\"][et_pb_row column_structure=\"1_2,1_2\" use_custom_gutter=\"on\" gutter_width=\"1\" make_equal=\"on\" _builder_version=\"4.19.3\" _module_preset=\"default\" width=\"100%\" max_width=\"none\" custom_padding=\"0px||0px||true|false\" global_colors_info=\"{}\"][et_pb_column type=\"1_2\" _builder_version=\"4.19.3\" _module_preset=\"default\" background_image=\"https:\/\/monicaottone.com\/wp-content\/uploads\/2023\/04\/BEMER-GINOCCHIO.webp\" global_colors_info=\"{}\"][et_pb_divider show_divider=\"off\" _builder_version=\"4.20.0\" _module_preset=\"default\" height_tablet=\"60vw\" height_phone=\"60vw\" height_last_edited=\"on|desktop\" global_colors_info=\"{}\"][\/et_pb_divider][\/et_pb_column][et_pb_column type=\"1_2\" _builder_version=\"4.20.0\" _module_preset=\"default\" custom_padding=\"8%|8%|8%|8%|true|true\" global_colors_info=\"{}\"][et_pb_text _builder_version=\"4.19.3\" _module_preset=\"5982cc30-7512-49f1-a4ce-df4d3d05e730\" header_font=\"Times New Roman|||on|||||\" header_2_font=\"Times New Roman|||on|||||\" header_2_font_size=\"46px\" text_orientation=\"center\" custom_margin=\"||10px||false|false\" global_colors_info=\"{}\"]<\/p>\n<h2>Como funciona? Quais os benef\u00edcios?<\/h2>\n<p>[\/et_pb_text][et_pb_text _builder_version=\"4.19.3\" _module_preset=\"62f7b9dd-898a-41cc-82f7-065a07db7367\" locked=\"off\" global_colors_info=\"{}\"]<\/p>\n<p>O Bemer \u00e9 uma almofada confort\u00e1vel, \u00e0 altura do corpo, que cont\u00e9m bobinas de cobre que conduzem um campo electromagn\u00e9tico de impulsos espec\u00edfico (PEMF). O nosso corpo responde instantaneamente \u00e0 frequ\u00eancia, estimulando as c\u00e9lulas a funcionar correctamente e o sangue a fluir uniformemente.<\/p>\n<p>A Bemer utiliza tecnologia avan\u00e7ada, e at\u00e9 a NASA tem um acordo com a Bemer para desenvolver uma pe\u00e7a de vestu\u00e1rio para ajudar os astronautas a suportar o stress do espa\u00e7o exterior devido \u00e0 falta de gravidade.<\/p>\n<p>Esta tecnologia aumenta a fun\u00e7\u00e3o das c\u00e9lulas do corpo, melhorando a circula\u00e7\u00e3o, o que resulta numa s\u00e9rie de benef\u00edcios, incluindo a r\u00e1pida recupera\u00e7\u00e3o e a elimina\u00e7\u00e3o do desconforto.<\/p>\n<p>[\/et_pb_text][\/et_pb_column][\/et_pb_row][\/et_pb_section][et_pb_section fb_built=\"1\" admin_label=\"Testimonials\" _builder_version=\"4.19.3\" _module_preset=\"default\" background_color=\"RGBA(255,255,255,0)\" da_disable_devices=\"off|off|off\" collapsed=\"on\" global_colors_info=\"{}\" da_is_popup=\"off\" da_exit_intent=\"off\" da_has_close=\"on\" da_alt_close=\"off\" da_dark_close=\"off\" da_not_modal=\"on\" da_is_singular=\"off\" da_with_loader=\"off\" da_has_shadow=\"on\"][et_pb_row _builder_version=\"4.20.0\" _module_preset=\"default\" locked=\"off\" global_colors_info=\"{}\"][et_pb_column type=\"4_4\" _builder_version=\"4.20.0\" _module_preset=\"default\" global_colors_info=\"{}\"][et_pb_text _builder_version=\"4.19.3\" _module_preset=\"62f7b9dd-898a-41cc-82f7-065a07db7367\" locked=\"off\" global_colors_info=\"{}\"]<\/p>\n<p style=\"text-align: center;\">A melhoria da microcircula\u00e7\u00e3o conduz a in\u00fameros efeitos ben\u00e9ficos: do relaxamento ao al\u00edvio da dor, do al\u00edvio das dores musculares \u00e0 melhoria da sa\u00fade do cora\u00e7\u00e3o; a utiliza\u00e7\u00e3o regular ou di\u00e1ria pode conduzir a resultados significativos para a sua sa\u00fade. <\/p>\n<p style=\"text-align: center;\">Segue-se uma lista n\u00e3o exaustiva de efeitos positivos documentados por experi\u00eancias e publica\u00e7\u00f5es:<\/p>\n<p style=\"text-align: center;\">Fornecimento de nutrientes e oxig\u00e9nio<br \/>Fluxo sangu\u00edneo local<br \/>Remo\u00e7\u00e3o de res\u00edduos<br \/>Condicionamento muscular<br \/>Desempenho<br \/>Aptid\u00e3o f\u00edsica<br \/>For\u00e7a muscular<br \/>Resist\u00eancia e energia<br \/>Vitalidade e bem-estar<br \/>Redu\u00e7\u00e3o do stress e relaxamento<br \/>Gest\u00e3o do sono<\/p>\n<p>[\/et_pb_text][et_pb_image src=\"https:\/\/monicaottone.com\/wp-content\/uploads\/2023\/04\/bemer.webp\" title_text=\"bemer\" align=\"center\" _builder_version=\"4.19.3\" _module_preset=\"default\" max_width=\"350px\" global_colors_info=\"{}\"][\/et_pb_image][\/et_pb_column][\/et_pb_row][\/et_pb_section][et_pb_section fb_built=\"1\" _builder_version=\"4.19.3\" _module_preset=\"default\" background_color=\"#4ca3b6\" da_disable_devices=\"off|off|off\" global_colors_info=\"{}\" da_is_popup=\"off\" da_exit_intent=\"off\" da_has_close=\"on\" da_alt_close=\"off\" da_dark_close=\"off\" da_not_modal=\"on\" da_is_singular=\"off\" da_with_loader=\"off\" da_has_shadow=\"on\"][et_pb_row _builder_version=\"4.19.3\" _module_preset=\"default\" custom_padding=\"||0px|||\" global_colors_info=\"{}\"][et_pb_column type=\"4_4\" _builder_version=\"4.19.3\" _module_preset=\"default\" global_colors_info=\"{}\"][et_pb_text _builder_version=\"4.19.3\" _module_preset=\"5982cc30-7512-49f1-a4ce-df4d3d05e730\" header_font=\"Times New Roman|||on|||||\" header_2_font=\"Times New Roman|||on|||||\" header_2_font_size=\"46px\" text_orientation=\"center\" custom_margin=\"||10px||false|false\" global_colors_info=\"{}\"]<\/p>\n<h2>A nossa escolha<\/h2>\n<p>[\/et_pb_text][et_pb_text _builder_version=\"4.20.4\" _module_preset=\"default\" text_font=\"Lato||||||||\" text_text_color=\"#FFFFFF\" global_colors_info=\"{}\"]<\/p>\n<p style=\"text-align: center;\"><span style=\"color: #ffffff;\"><u><b><a href=\"https:\/\/life.bemergroup.com\/what-is-pemf-therapy-learn-how-pemf-therapy-can-enhance-your-health\/\" style=\"color: #ffffff;\">O campo electromagn\u00e9tico pulsado (PEMF)<\/a><\/b><\/u><\/span> de Bemer \u00e9 uma tecnologia poderosa que requer anos de investiga\u00e7\u00e3o e desenvolvimento para ser aprimorada. Os dispositivos podem variar em termos de frequ\u00eancia, intensidade, forma de onda e dura\u00e7\u00e3o da sess\u00e3o, custo, acess\u00f3rios, etc.<\/p>\n<p style=\"text-align: center;\">Para lhe oferecer a melhor solu\u00e7\u00e3o poss\u00edvel, efectu\u00e1mos uma an\u00e1lise exaustiva do mercado e das provas publicadas e test\u00e1mos pessoalmente a Terapia Vascular Bemer, tendo verificado efeitos r\u00e1pidos e significativos, mesmo ap\u00f3s uma ou duas aplica\u00e7\u00f5es.<\/p>\n<p style=\"text-align: center;\">Consequentemente, escolhemos a Bemer Pro sem qualquer d\u00favida e convidamo-lo a ler mais aqui:<br \/><a href=\"https:\/\/life.bemergroup.com\/science\/\"><em><strong><span style=\"color: #ffffff;\">https:\/\/life.bemergroup.com\/science\/<\/span><\/strong><\/em><\/a><\/p>\n<p>[\/et_pb_text][\/et_pb_column][\/et_pb_row][et_pb_row column_structure=\"2_5,3_5\" _builder_version=\"4.19.3\" _module_preset=\"default\" custom_padding=\"||0px|||\" global_colors_info=\"{}\"][et_pb_column type=\"2_5\" _builder_version=\"4.19.3\" _module_preset=\"default\" global_colors_info=\"{}\"][et_pb_image src=\"https:\/\/monicaottone.com\/wp-content\/uploads\/2023\/04\/BEMER4.webp\" title_text=\"BEMER4\" _builder_version=\"4.19.3\" _module_preset=\"default\" global_colors_info=\"{}\"][\/et_pb_image][\/et_pb_column][et_pb_column type=\"3_5\" _builder_version=\"4.19.3\" _module_preset=\"default\" global_colors_info=\"{}\"][et_pb_text _builder_version=\"4.19.3\" _module_preset=\"default\" text_font=\"Lato||||||||\" text_text_color=\"#FFFFFF\" custom_margin=\"0px|||||\" custom_padding=\"16px|||||\" global_colors_info=\"{}\"]<\/p>\n<p style=\"text-align: left;\">O sistema Bemer Pro adoptado na Ponto Holistico pode fornecer v\u00e1rias aplica\u00e7\u00f5es combinadas para uma solu\u00e7\u00e3o personalizada ideal atrav\u00e9s dos seguintes emissores:<\/p>\n<p style=\"text-align: left;\">- B-Body para tratamento de corpo inteiro<\/p>\n<p style=\"text-align: left;\">- B-Pad - para \u00e1reas limitadas do corpo, ou seja, ombros, f\u00e9mur, etc<\/p>\n<p style=\"text-align: left;\">- B-Spot - para utiliza\u00e7\u00e3o pontual<\/p>\n<p style=\"text-align: left;\">- B- Light - para terapia pontual com luz vermelha<\/p>\n<p>[\/et_pb_text][\/et_pb_column][\/et_pb_row][\/et_pb_section][et_pb_section fb_built=\"1\" _builder_version=\"4.19.3\" _module_preset=\"default\" background_color=\"#4ca3b6\" custom_padding=\"16px|||||\" da_disable_devices=\"off|off|off\" global_colors_info=\"{}\" da_is_popup=\"off\" da_exit_intent=\"off\" da_has_close=\"on\" da_alt_close=\"off\" da_dark_close=\"off\" da_not_modal=\"on\" da_is_singular=\"off\" da_with_loader=\"off\" da_has_shadow=\"on\"][et_pb_row _builder_version=\"4.19.3\" _module_preset=\"default\" custom_padding=\"6px||0px|||\" global_colors_info=\"{}\"][et_pb_column type=\"4_4\" _builder_version=\"4.19.3\" _module_preset=\"default\" global_colors_info=\"{}\"][et_pb_text _builder_version=\"4.19.3\" _module_preset=\"default\" text_font=\"Lato||||||||\" text_text_color=\"#FFFFFF\" global_colors_info=\"{}\"]<\/p>\n<p style=\"text-align: center;\">O dispositivo Bemer n\u00e3o se destina a diagnosticar, tratar, curar ou prevenir qualquer doen\u00e7a. N\u00e3o deve ser utilizado para qualquer outro fim que n\u00e3o o descrito no manual do utilizador. Consulte o seu m\u00e9dico se tiver algum problema de sa\u00fade.<\/p>\n<p>[\/et_pb_text][\/et_pb_column][\/et_pb_row][\/et_pb_section][et_pb_section fb_built=\"1\" admin_label=\"Testimonials\" _builder_version=\"4.19.3\" _module_preset=\"default\" background_color=\"RGBA(255,255,255,0)\" custom_padding=\"||26px|||\" da_disable_devices=\"off|off|off\" collapsed=\"on\" global_colors_info=\"{}\" da_is_popup=\"off\" da_exit_intent=\"off\" da_has_close=\"on\" da_alt_close=\"off\" da_dark_close=\"off\" da_not_modal=\"on\" da_is_singular=\"off\" da_with_loader=\"off\" da_has_shadow=\"on\"][et_pb_row _builder_version=\"4.20.0\" _module_preset=\"default\" locked=\"off\" global_colors_info=\"{}\"][et_pb_column type=\"4_4\" _builder_version=\"4.20.0\" _module_preset=\"default\" global_colors_info=\"{}\"][et_pb_text _builder_version=\"4.19.3\" _module_preset=\"62f7b9dd-898a-41cc-82f7-065a07db7367\" locked=\"off\" global_colors_info=\"{}\"]<\/p>\n<h2 style=\"text-align: center;\">Contra-indica\u00e7\u00f5es e advert\u00eancias da Terapia Vascular Bemer<\/h2>\n<p>[\/et_pb_text][et_pb_text _builder_version=\"4.19.3\" _module_preset=\"62f7b9dd-898a-41cc-82f7-065a07db7367\" locked=\"off\" global_colors_info=\"{}\"]<\/p>\n<p style=\"text-align: center;\">No entanto, o Bemer \u00e9 geralmente considerado seguro e ben\u00e9fico para muitas condi\u00e7\u00f5es, pelo que o convidamos a falar com o seu m\u00e9dico antes de utilizar o BEMER em: cabe\u00e7a e rosto, doen\u00e7as infecciosas, febre de origem desconhecida, dist\u00farbios convulsivos n\u00e3o controlados (epilepsia), utiliza\u00e7\u00e3o prolongada de beta-bloqueadores, agentes cortic\u00f3ides, derivados da cumarina e outros anticoagulantes.<\/p>\n<p>[\/et_pb_text][et_pb_image src=\"https:\/\/monicaottone.com\/wp-content\/uploads\/2023\/04\/bemer5.webp\" title_text=\"bemer5\" align=\"center\" _builder_version=\"4.19.3\" _module_preset=\"default\" max_width=\"350px\" global_colors_info=\"{}\"][\/et_pb_image][\/et_pb_column][\/et_pb_row][\/et_pb_section][et_pb_section fb_built=\"1\" admin_label=\"Footer\" module_id=\"contatti\" module_class=\"contatti\" _builder_version=\"4.20.4\" background_color=\"#345168\" use_background_color_gradient=\"on\" background_color_gradient_stops=\"#345168 5%|rgba(219,219,219,0) 100%\" background_color_gradient_overlays_image=\"on\" background_color_gradient_start=\"#345168\" background_color_gradient_start_position=\"5%\" background_color_gradient_end=\"rgba(219,219,219,0)\" background_image=\"https:\/\/monicaottone.com\/wp-content\/uploads\/2023\/03\/vlcsnap-2023-03-22-20h13m56s358.webp\" custom_padding=\"5%||0%||false|false\" bottom_divider_flip=\"horizontal\" da_popup_slug=\"contatti\" da_disable_devices=\"off|off|off\" saved_tabs=\"all\" global_colors_info=\"{}\" locked=\"off\" da_is_popup=\"off\" da_exit_intent=\"off\" da_has_close=\"on\" da_alt_close=\"off\" da_dark_close=\"off\" da_not_modal=\"on\" da_is_singular=\"off\" da_with_loader=\"off\" da_has_shadow=\"on\"][et_pb_row _builder_version=\"4.16\" locked=\"off\" global_colors_info=\"{}\"][et_pb_column type=\"4_4\" _builder_version=\"4.16\" custom_padding=\"|||\" global_colors_info=\"{}\" custom_padding__hover=\"|||\"][et_pb_text disabled_on=\"off|off|off\" _builder_version=\"4.24.3\" _module_preset=\"default\" text_text_color=\"#FFFFFF\" hover_enabled=\"0\" text_text_shadow_style=\"preset1\" text_text_shadow_color=\"rgba(0,0,0,0)\" global_colors_info=\"{}\" sticky_enabled=\"0\"]<\/p>\n<h1 style=\"padding-left: 40px;\"><span style=\"color: #f9f9f9;\"><strong>Contacte-me para aceder aos servi\u00e7os de Holistic Point Cabo Verde! Estou ansioso por o conhecer!<\/strong><\/span><\/h1>\n<p>[\/et_pb_text][et_pb_cta button_url=\"#contatto\" button_text=\"ENTRE EM CONTATTO COM A MONICA\" _builder_version=\"4.24.3\" _module_preset=\"default\" header_font=\"|700||on|||||\" header_text_color=\"#000000\" body_font=\"|600|||||||\" body_text_color=\"#000000\" background_enable_color=\"off\" custom_button=\"on\" button_text_size=\"22px\" button_text_color=\"#000000\" button_bg_color=\"#FFFFFF\" button_border_width=\"3px\" button_icon=\"&#xe031;||divi||400\" button_alignment=\"center\" custom_margin=\"-59px||9px|||\" hover_enabled=\"0\" text_shadow_style=\"preset1\" locked=\"off\" global_colors_info=\"{}\" sticky_enabled=\"0\"][\/et_pb_cta][\/et_pb_column][\/et_pb_row][\/et_pb_section][et_pb_section fb_built=\"1\" _builder_version=\"4.19.3\" _module_preset=\"default\" background_color=\"#4ca3b6\" custom_padding=\"16px|||||\" da_disable_devices=\"off|off|off\" global_colors_info=\"{}\" da_is_popup=\"off\" da_exit_intent=\"off\" da_has_close=\"on\" da_alt_close=\"off\" da_dark_close=\"off\" da_not_modal=\"on\" da_is_singular=\"off\" da_with_loader=\"off\" da_has_shadow=\"on\"][et_pb_row _builder_version=\"4.19.3\" _module_preset=\"default\" custom_padding=\"6px||0px|||\" global_colors_info=\"{}\"][et_pb_column type=\"4_4\" _builder_version=\"4.19.3\" _module_preset=\"default\" global_colors_info=\"{}\"][et_pb_text _builder_version=\"4.19.3\" _module_preset=\"default\" text_font=\"Lato||||||||\" text_text_color=\"#FFFFFF\" global_colors_info=\"{}\"]<\/p>\n<p style=\"text-align: center;\">As informa\u00e7\u00f5es contidas neste s\u00edtio web n\u00e3o se destinam, nem implicam a substitui\u00e7\u00e3o de aconselhamento, diagn\u00f3stico ou tratamento m\u00e9dico profissional. Os indiv\u00edduos devem consultar um profissional de sa\u00fade qualificado para obter aconselhamento m\u00e9dico e respostas a quest\u00f5es de sa\u00fade pessoais antes de iniciarem terapias f\u00edsicas.<\/p>\n<p>[\/et_pb_text][\/et_pb_column][\/et_pb_row][\/et_pb_section][et_pb_section fb_built=\"1\" admin_label=\"Popup - #contatto\" module_id=\"contatto\" module_class=\"popup\" _builder_version=\"4.19.3\" _module_preset=\"default\" background_color=\"#eaeaf3\" width=\"600px\" max_width=\"100%\" da_is_popup=\"on\" da_popup_slug=\"contatto\" da_disable_devices=\"off|off|off\" global_colors_info=\"{}\" locked=\"off\" da_exit_intent=\"off\" da_has_close=\"on\" da_alt_close=\"off\" da_dark_close=\"off\" da_not_modal=\"on\" da_is_singular=\"off\" da_with_loader=\"off\" da_has_shadow=\"on\"][et_pb_row _builder_version=\"4.19.3\" _module_preset=\"default\" custom_margin=\"-40px|auto||auto||\" global_colors_info=\"{}\"][et_pb_column type=\"4_4\" _builder_version=\"4.19.3\" _module_preset=\"default\" global_colors_info=\"{}\"][et_pb_code _builder_version=\"4.24.2\" _module_preset=\"default\" text_orientation=\"center\" module_alignment=\"center\" global_colors_info=\"{}\"]\n<div class=\"wpcf7 no-js\" id=\"wpcf7-f735-o1\" lang=\"en-US\" dir=\"ltr\" data-wpcf7-id=\"735\">\n<div class=\"screen-reader-response\"><p role=\"status\" aria-live=\"polite\" aria-atomic=\"true\"><\/p> <ul><\/ul><\/div>\n<form action=\"\/pt-pt\/wp-json\/wp\/v2\/pages\/1834#wpcf7-f735-o1\" method=\"post\" class=\"wpcf7-form init\" aria-label=\"Contact form\" novalidate=\"novalidate\" data-status=\"init\">\n<div style=\"display: none;\">\n<input type=\"hidden\" name=\"_wpcf7\" value=\"735\" \/>\n<input type=\"hidden\" name=\"_wpcf7_version\" value=\"6.0.5\" \/>\n<input type=\"hidden\" name=\"_wpcf7_locale\" value=\"en_US\" \/>\n<input type=\"hidden\" name=\"_wpcf7_unit_tag\" value=\"wpcf7-f735-o1\" \/>\n<input type=\"hidden\" name=\"_wpcf7_container_post\" value=\"0\" \/>\n<input type=\"hidden\" name=\"_wpcf7_posted_data_hash\" value=\"\" \/>\n<\/div>\n<div class=\"row full-width\">\n\t<p><span class=\"wpcf7-form-control-wrap\" data-name=\"your-email\"><input size=\"40\" maxlength=\"400\" class=\"wpcf7-form-control wpcf7-email wpcf7-validates-as-required wpcf7-text wpcf7-validates-as-email\" aria-required=\"true\" aria-invalid=\"false\" placeholder=\"Email\" value=\"\" type=\"email\" name=\"your-email\" \/><\/span>\n\t<\/p>\n<\/div>\n<div class=\"row\">\n\t<div class=\"half\">\n\t\t<p><span class=\"wpcf7-form-control-wrap\" data-name=\"your-name\"><input size=\"40\" maxlength=\"400\" class=\"wpcf7-form-control wpcf7-text wpcf7-validates-as-required\" aria-required=\"true\" aria-invalid=\"false\" placeholder=\"Full name\" value=\"\" type=\"text\" name=\"your-name\" \/><\/span>\n\t\t<\/p>\n\t<\/div>\n\t<div class=\"half\">\n\t\t<p><span class=\"wpcf7-form-control-wrap\" data-name=\"your-phone\"><input size=\"40\" maxlength=\"400\" class=\"wpcf7-form-control wpcf7-text\" aria-invalid=\"false\" placeholder=\"Phone number\" value=\"\" type=\"text\" name=\"your-phone\" \/><\/span>\n\t\t<\/p>\n\t<\/div>\n<\/div>\n<div class=\"row full-width\">\n\t<p><span class=\"wpcf7-form-control-wrap\" data-name=\"your-message\"><textarea cols=\"40\" rows=\"10\" maxlength=\"2000\" class=\"wpcf7-form-control wpcf7-textarea\" aria-invalid=\"false\" placeholder=\"Message\" name=\"your-message\"><\/textarea><\/span>\n\t<\/p>\n<\/div>\n<p><input class=\"wpcf7-form-control wpcf7-submit has-spinner\" type=\"submit\" value=\"Send message\" \/>\n<\/p><div class=\"wpcf7-response-output\" aria-hidden=\"true\"><\/div>\n<\/form>\n<\/div>\n[\/et_pb_code][\/et_pb_column][\/et_pb_row][\/et_pb_section]<\/p>\n","protected":false},"excerpt":{"rendered":"<p>Bemer Vascular TherapyMuitas das doen\u00e7as que sentimos no nosso cotidiano - diminui\u00e7\u00e3o da energia, m\u00e1 qualidade do sono, baixo desempenho - est\u00e3o frequentemente relacionadas com uma m\u00e1 circula\u00e7\u00e3o sangu\u00ednea. Regimes de treino intensos, les\u00f5es traum\u00e1ticas e trabalho sedent\u00e1rio podem reduzir a capacidade do corpo de transportar oxig\u00eanio e nutrientes para os nossos \u00f3rg\u00e3os, m\u00fasculos e [&hellip;]<\/p>\n","protected":false},"author":1,"featured_media":0,"parent":1748,"menu_order":0,"comment_status":"closed","ping_status":"closed","template":"","meta":{"_et_pb_use_builder":"on","_et_pb_old_content":"","_et_gb_content_width":"","footnotes":""},"class_list":["post-1834","page","type-page","status-publish","hentry"],"_links":{"self":[{"href":"https:\/\/monicaottone.com\/pt-pt\/wp-json\/wp\/v2\/pages\/1834","targetHints":{"allow":["GET"]}}],"collection":[{"href":"https:\/\/monicaottone.com\/pt-pt\/wp-json\/wp\/v2\/pages"}],"about":[{"href":"https:\/\/monicaottone.com\/pt-pt\/wp-json\/wp\/v2\/types\/page"}],"author":[{"embeddable":true,"href":"https:\/\/monicaottone.com\/pt-pt\/wp-json\/wp\/v2\/users\/1"}],"replies":[{"embeddable":true,"href":"https:\/\/monicaottone.com\/pt-pt\/wp-json\/wp\/v2\/comments?post=1834"}],"version-history":[{"count":6,"href":"https:\/\/monicaottone.com\/pt-pt\/wp-json\/wp\/v2\/pages\/1834\/revisions"}],"predecessor-version":[{"id":6483,"href":"https:\/\/monicaottone.com\/pt-pt\/wp-json\/wp\/v2\/pages\/1834\/revisions\/6483"}],"up":[{"embeddable":true,"href":"https:\/\/monicaottone.com\/pt-pt\/wp-json\/wp\/v2\/pages\/1748"}],"wp:attachment":[{"href":"https:\/\/monicaottone.com\/pt-pt\/wp-json\/wp\/v2\/media?parent=1834"}],"curies":[{"name":"wp","href":"https:\/\/api.w.org\/{rel}","templated":true}]}}