{"id":1843,"date":"2023-04-06T15:39:15","date_gmt":"2023-04-06T16:39:15","guid":{"rendered":"https:\/\/monicaottone.com\/holistic-point\/tratamentos-fisicos\/tapetes-de-cura-com-pedras-preciosas-infravermelhos-longinquos-fir\/"},"modified":"2024-04-06T13:10:47","modified_gmt":"2024-04-06T14:10:47","slug":"tapetes-de-cura-com-pedras-preciosas-infravermelhos-longinquos-fir","status":"publish","type":"page","link":"https:\/\/monicaottone.com\/pt-pt\/holistic-point\/tapetes-de-cura-com-pedras-preciosas-infravermelhos-longinquos-fir\/","title":{"rendered":"TAPETES DE CURA COM PEDRAS PRECIOSAS INFRAVERMELHOS LONG\u00cdNQUOS (FIR)"},"content":{"rendered":"<p>[et_pb_section fb_built=\"1\" admin_label=\"Header\" _builder_version=\"4.20.0\" _module_preset=\"default\" da_disable_devices=\"off|off|off\" collapsed=\"on\" global_colors_info=\"{}\" da_is_popup=\"off\" da_exit_intent=\"off\" da_has_close=\"on\" da_alt_close=\"off\" da_dark_close=\"off\" da_not_modal=\"on\" da_is_singular=\"off\" da_with_loader=\"off\" da_has_shadow=\"on\"][et_pb_row _builder_version=\"4.20.0\" _module_preset=\"default\" max_width=\"800px\" global_colors_info=\"{}\"][et_pb_column type=\"4_4\" _builder_version=\"4.20.0\" _module_preset=\"default\" global_colors_info=\"{}\"][et_pb_text _builder_version=\"4.19.3\" _module_preset=\"5982cc30-7512-49f1-a4ce-df4d3d05e730\" header_font=\"Times New Roman||||||||\" text_orientation=\"center\" custom_margin=\"||10px||false|false\" global_colors_info=\"{}\"]<\/p>\n<h1>TAPETES CURATIVOS COM PEDRAS PRECIOSAS DE INFRAVERMELHOS DISTANTES<\/h1>\n<p>[\/et_pb_text][et_pb_text _builder_version=\"4.20.4\" _module_preset=\"62f7b9dd-898a-41cc-82f7-065a07db7367\" locked=\"off\" global_colors_info=\"{}\"]<\/p>\n<p>O n\u00facleo da tecnologia <b>FIR HEALING MATS<\/b> \u00e9 uma poderosa combina\u00e7\u00e3o de :<\/p>\n<ul>\n<li>Raios infravermelhos distantes e i\u00f5es negativos gerados pelas propriedades condutoras das pedras minerais puras<\/li>\n<li aria-level=\"1\">PEMF - Campos electromagn\u00e9ticos pulsados - de baixa intensidade<\/li>\n<li aria-level=\"1\">Emiss\u00e3o de fot\u00f5es de luz led vermelha<\/li>\n<\/ul>\n<p>Todos estes estimuladores de sa\u00fade s\u00e3o combinados num \u00fanico produto, f\u00e1cil de utilizar e com benef\u00edcios not\u00e1veis.<\/p>\n<p>Uma sess\u00e3o de PEMF FIR \u00e9 uma forma segura e natural de melhorar os sintomas e encontrar al\u00edvio para<\/p>\n<ul>\n<li>Fadiga e cansa\u00e7o<\/li>\n<li>Excesso de treino, c\u00e3ibras, entorses<\/li>\n<li>Pernas pesadas<\/li>\n<li>Rigidez e dores nas costas<\/li>\n<li>Dores musculares e articulares<\/li>\n<li>Envelhecimento, ins\u00f3nia e stress.<\/li>\n<\/ul>\n<p>Al\u00e9m disso, os efeitos de desintoxica\u00e7\u00e3o, o rejuvenescimento da pele e das camadas d\u00e9rmicas, a redu\u00e7\u00e3o da inflama\u00e7\u00e3o geral e o relaxamento s\u00e3o os efeitos mais comuns descritos ap\u00f3s apenas algumas sess\u00f5es.<\/p>\n<p>[\/et_pb_text][\/et_pb_column][\/et_pb_row][\/et_pb_section][et_pb_section fb_built=\"1\" admin_label=\"About\" _builder_version=\"4.19.3\" _module_preset=\"default\" background_color=\"gcid-cc1e7daa-e7a2-44d1-a6d4-86221a549f5c\" custom_padding=\"0px||0px||true|false\" da_disable_devices=\"off|off|off\" locked=\"off\" collapsed=\"on\" global_colors_info=\"{%22gcid-cc1e7daa-e7a2-44d1-a6d4-86221a549f5c%22:%91%22background_color%22%93}\" da_is_popup=\"off\" da_exit_intent=\"off\" da_has_close=\"on\" da_alt_close=\"off\" da_dark_close=\"off\" da_not_modal=\"on\" da_is_singular=\"off\" da_with_loader=\"off\" da_has_shadow=\"on\"][et_pb_row column_structure=\"1_2,1_2\" use_custom_gutter=\"on\" gutter_width=\"1\" make_equal=\"on\" _builder_version=\"4.19.3\" _module_preset=\"default\" width=\"100%\" max_width=\"none\" custom_padding=\"0px||0px||true|false\" global_colors_info=\"{}\"][et_pb_column type=\"1_2\" _builder_version=\"4.20.0\" _module_preset=\"default\" custom_padding=\"8%|8%|8%|8%|true|true\" global_colors_info=\"{}\"][et_pb_text _builder_version=\"4.19.3\" _module_preset=\"9298c4ae-175d-4eb7-8b55-bb7129c2e90b\" header_2_font=\"Times New Roman|||on|||||\" header_2_text_color=\"#FFFFFF\" custom_margin=\"||10px||false|false\" global_colors_info=\"{}\"]<\/p>\n<h2>A nossa escolha<\/h2>\n<p>[\/et_pb_text][et_pb_text _builder_version=\"4.19.3\" _module_preset=\"62f7b9dd-898a-41cc-82f7-065a07db7367\" text_text_color=\"#FFFFFF\" global_colors_info=\"{}\"]<\/p>\n<p>O tapete de cura MediCrystal Gemstone oferece uma combina\u00e7\u00e3o segura de 3 efeitos f\u00edsicos ben\u00e9ficos:<\/p>\n<p>1) Emiss\u00e3o de biof\u00f3ton atrav\u00e9s da luz vermelha<br \/>2) Fonte de sa\u00fade de luz infravermelha longa<br \/>3) Produ\u00e7\u00e3o de i\u00f5es negativos<\/p>\n<p>Gra\u00e7as \u00e0 tripla ac\u00e7\u00e3o, uma sess\u00e3o de repouso no tapete gera um grande benef\u00edcio para todo o organismo.<br \/><span style=\"color: #000000;\"><b>A turmalina<\/b><\/span>, <span style=\"color: #d58477;\"><b>a \u00e1gata<\/b><\/span>, <span style=\"color: #70ad47;\"><b>o jade<\/b><\/span> e <span style=\"color: #5e1fb1;\"><b>a ametista<\/b><\/span> utilizados no nosso tapete s\u00e3o pedras semi-preciosas 100% naturais, tricotadas \u00e0 m\u00e3o para proporcionar conforto e uma exposi\u00e7\u00e3o \u00f3ptima. Estas pedras t\u00eam propriedades e caracter\u00edsticas semelhantes e escolhemos uma combina\u00e7\u00e3o \u00f3ptima de todas as 4.<\/p>\n<p>[\/et_pb_text][\/et_pb_column][et_pb_column type=\"1_2\" _builder_version=\"4.19.3\" _module_preset=\"default\" background_image=\"https:\/\/monicaottone.com\/wp-content\/uploads\/2023\/04\/PIETRE-GEM-MAT-HOLISTIC-POINT.webp\" global_colors_info=\"{}\"][et_pb_divider show_divider=\"off\" _builder_version=\"4.20.0\" _module_preset=\"default\" height_tablet=\"60vw\" height_phone=\"60vw\" height_last_edited=\"on|desktop\" global_colors_info=\"{}\"][\/et_pb_divider][\/et_pb_column][\/et_pb_row][\/et_pb_section][et_pb_section fb_built=\"1\" admin_label=\"Mission\" _builder_version=\"4.20.0\" _module_preset=\"default\" custom_padding=\"0px||0px||true|false\" da_disable_devices=\"off|off|off\" locked=\"off\" collapsed=\"on\" global_colors_info=\"{}\" da_is_popup=\"off\" da_exit_intent=\"off\" da_has_close=\"on\" da_alt_close=\"off\" da_dark_close=\"off\" da_not_modal=\"on\" da_is_singular=\"off\" da_with_loader=\"off\" da_has_shadow=\"on\"][et_pb_row column_structure=\"1_2,1_2\" use_custom_gutter=\"on\" gutter_width=\"1\" make_equal=\"on\" _builder_version=\"4.19.3\" _module_preset=\"default\" width=\"100%\" max_width=\"none\" custom_padding=\"0px||0px||true|false\" global_colors_info=\"{}\"][et_pb_column type=\"1_2\" _builder_version=\"4.19.3\" _module_preset=\"default\" background_image=\"https:\/\/monicaottone.com\/wp-content\/uploads\/2023\/04\/GEM-MAT-VIEW.webp\" global_colors_info=\"{}\"][et_pb_divider show_divider=\"off\" _builder_version=\"4.20.0\" _module_preset=\"default\" height_tablet=\"60vw\" height_phone=\"60vw\" height_last_edited=\"on|desktop\" global_colors_info=\"{}\"][\/et_pb_divider][\/et_pb_column][et_pb_column type=\"1_2\" _builder_version=\"4.20.0\" _module_preset=\"default\" custom_padding=\"8%|8%|8%|8%|true|true\" global_colors_info=\"{}\"][et_pb_text _builder_version=\"4.20.4\" _module_preset=\"62f7b9dd-898a-41cc-82f7-065a07db7367\" locked=\"off\" global_colors_info=\"{}\"]<\/p>\n<p><span style=\"color: #5e1fb1;\"><b>A ametista<\/b><\/span> \u00e9 considerada a mais importante pedra de cura pois, quando pr\u00e9-aquecida, emite raios numa gama considerada bio-compat\u00edvel e bio-ressonante, pelo que \u00e9 o cristal mais adequado para a gera\u00e7\u00e3o de raios infravermelhos distantes. <span style=\"color: #5e1fb1;\"><b>A ametista<\/b><\/span> \u00e9 considerada como tendo um efeito que melhora o sistema imunit\u00e1rio, melhora a fun\u00e7\u00e3o end\u00f3crina, promove a sa\u00fade digestiva, reduz as dores de cabe\u00e7a, regula as hormonas e muito mais.<\/p>\n<p>Os discos de <span style=\"color: #000000;\"><b>turmalina<\/b><\/span> preta natural s\u00e3o os melhores para gerar i\u00f5es negativos at\u00e9 ao n\u00edvel mais saud\u00e1vel de 700-1500 ani\u00f5es. Os i\u00f5es negativos na corrente sangu\u00ednea aceleram a liberta\u00e7\u00e3o de oxig\u00e9nio para as c\u00e9lulas e tecidos e promovem a oxida\u00e7\u00e3o da serotonina.<\/p>\n<p>Acredita-se que <strong>a turmalina<\/strong> liberta a tens\u00e3o, o que a torna \u00fatil em ajustes da coluna vertebral, para equilibrar o yin e o yang no corpo, melhorar o fluxo de energia, tornando-a uma pedra para remover bloqueios. Foi demonstrado que os efeitos ben\u00e9ficos se reflectem no humor, na percep\u00e7\u00e3o da dor e na sexualidade.<\/p>\n<p>[\/et_pb_text][\/et_pb_column][\/et_pb_row][\/et_pb_section][et_pb_section fb_built=\"1\" admin_label=\"Testimonials\" _builder_version=\"4.19.3\" _module_preset=\"default\" background_color=\"RGBA(255,255,255,0)\" da_disable_devices=\"off|off|off\" collapsed=\"on\" global_colors_info=\"{}\" da_is_popup=\"off\" da_exit_intent=\"off\" da_has_close=\"on\" da_alt_close=\"off\" da_dark_close=\"off\" da_not_modal=\"on\" da_is_singular=\"off\" da_with_loader=\"off\" da_has_shadow=\"on\"][et_pb_row _builder_version=\"4.20.4\" _module_preset=\"default\" width=\"85%\" custom_padding=\"4px|||||\" locked=\"off\" global_colors_info=\"{}\"][et_pb_column type=\"4_4\" _builder_version=\"4.20.4\" _module_preset=\"default\" global_colors_info=\"{}\"][et_pb_text _builder_version=\"4.20.4\" _module_preset=\"62f7b9dd-898a-41cc-82f7-065a07db7367\" custom_margin_tablet=\"\" custom_margin_phone=\"-30px||||false|false\" custom_margin_last_edited=\"on|phone\" locked=\"off\" global_colors_info=\"{}\"]<\/p>\n<p><span style=\"color: #d58477;\"><b>As \u00e1gatas vermelhas<\/b><\/span> s\u00e3o utilizadas como pedras curativas desde a antiguidade. Esta pedra r\u00edgida, actua sobre o sistema linf\u00e1tico e imunit\u00e1rio, alivia o sofrimento f\u00edsico, tonifica os m\u00fasculos e apoia os atletas. Actua positivamente em caso de enxaquecas, doen\u00e7as dos olhos, dos ouvidos e da pele, protege as actividades cerebrais e acelera o metabolismo em caso de tir\u00f3ide pregui\u00e7osa. \u00c9 tamb\u00e9m uma excelente pedra curativa em caso de dieta, pois ajuda a queimar calorias.<br \/>Ao n\u00edvel mental, esta pedra vulc\u00e2nica oferece uma sensa\u00e7\u00e3o de seguran\u00e7a e de protec\u00e7\u00e3o que \u00e9 dif\u00edcil de encontrar com outros cristais. Considera-se que torna a pessoa que a usa mais confiante nas suas pr\u00f3prias possibilidades. Muito \u00fatil para afastar os pesadelos e os medos.<\/p>\n<p>Com uma longa hist\u00f3ria como talism\u00e3 protector, a pedra de <b><span style=\"color: #70ad47;\">jade<\/span><\/b> sempre esteve impregnada de boa sorte. Acredita-se que o universo derrama todas as coisas boas sobre esta gema generosa. Para al\u00e9m de ser um amuleto de sorte, esta pedra em particular pode abranger todos os campos de cura, desde o emocional ao espiritual e, claro, tamb\u00e9m o f\u00edsico, estando fortemente ligada ao chacra card\u00edaco. Para aqueles que est\u00e3o prontos para expulsar a energia negativa e entrar em harmonia com o mundo em geral, v\u00e3o adorar os estados de esp\u00edrito suaves e cintilantes que a pedra traz consigo. O chacra card\u00edaco \u00e9 onde reside a nossa confian\u00e7a, amor e compaix\u00e3o: com o <b><span style=\"color: #70ad47;\">jade<\/span><\/b> o cora\u00e7\u00e3o vai para al\u00e9m do amor rom\u00e2ntico, ligando-nos \u00e0 forma como encaramos o mundo e todos os que nele residem.<\/p>\n<p>[\/et_pb_text][\/et_pb_column][\/et_pb_row][\/et_pb_section][et_pb_section fb_built=\"1\" admin_label=\"Footer\" module_id=\"contatti\" module_class=\"contatti\" _builder_version=\"4.20.4\" background_color=\"#345168\" use_background_color_gradient=\"on\" background_color_gradient_stops=\"#345168 5%|rgba(219,219,219,0) 100%\" background_color_gradient_overlays_image=\"on\" background_color_gradient_start=\"#345168\" background_color_gradient_start_position=\"5%\" background_color_gradient_end=\"rgba(219,219,219,0)\" background_image=\"https:\/\/monicaottone.com\/wp-content\/uploads\/2023\/03\/vlcsnap-2023-03-22-20h13m56s358.webp\" custom_padding=\"5%||0%||false|false\" bottom_divider_flip=\"horizontal\" da_popup_slug=\"contatti\" da_disable_devices=\"off|off|off\" saved_tabs=\"all\" locked=\"off\" global_colors_info=\"{}\" theme_builder_area=\"post_content\" da_is_popup=\"off\" da_exit_intent=\"off\" da_has_close=\"on\" da_alt_close=\"off\" da_dark_close=\"off\" da_not_modal=\"on\" da_is_singular=\"off\" da_with_loader=\"off\" da_has_shadow=\"on\"][et_pb_row _builder_version=\"4.16\" locked=\"off\" global_colors_info=\"{}\" theme_builder_area=\"post_content\"][et_pb_column type=\"4_4\" _builder_version=\"4.16\" custom_padding=\"|||\" global_colors_info=\"{}\" custom_padding__hover=\"|||\" theme_builder_area=\"post_content\"][et_pb_text disabled_on=\"off|off|off\" _builder_version=\"4.24.3\" _module_preset=\"default\" text_text_color=\"#FFFFFF\" text_text_shadow_style=\"preset1\" text_text_shadow_color=\"rgba(0,0,0,0)\" global_colors_info=\"{}\" theme_builder_area=\"post_content\"]<\/p>\n<h1 style=\"padding-left: 40px;\"><span style=\"color: #f9f9f9;\"><strong>Contacte-me para aceder aos servi\u00e7os de Holistic Point Cabo Verde! Estou ansioso por o conhecer!<\/strong><\/span><\/h1>\n<p>[\/et_pb_text][et_pb_cta button_url=\"#contatto\" button_text=\"ENTRE EM CONTATTO COM A MONICA\" _builder_version=\"4.24.3\" _module_preset=\"default\" header_font=\"|700||on|||||\" header_text_color=\"#000000\" body_font=\"|600|||||||\" body_text_color=\"#000000\" background_enable_color=\"off\" custom_button=\"on\" button_text_size=\"22px\" button_text_color=\"#000000\" button_bg_color=\"#FFFFFF\" button_border_width=\"3px\" button_icon=\"&#xe031;||divi||400\" button_alignment=\"center\" custom_margin=\"-59px||9px|||\" text_shadow_style=\"preset1\" locked=\"off\" global_colors_info=\"{}\" theme_builder_area=\"post_content\"][\/et_pb_cta][\/et_pb_column][\/et_pb_row][\/et_pb_section][et_pb_section fb_built=\"1\" _builder_version=\"4.19.3\" _module_preset=\"default\" background_color=\"#4ca3b6\" da_disable_devices=\"off|off|off\" global_colors_info=\"{}\" da_is_popup=\"off\" da_exit_intent=\"off\" da_has_close=\"on\" da_alt_close=\"off\" da_dark_close=\"off\" da_not_modal=\"on\" da_is_singular=\"off\" da_with_loader=\"off\" da_has_shadow=\"on\"][et_pb_row _builder_version=\"4.19.3\" _module_preset=\"default\" custom_padding=\"||0px|||\" global_colors_info=\"{}\"][et_pb_column type=\"4_4\" _builder_version=\"4.19.3\" _module_preset=\"default\" global_colors_info=\"{}\"][et_pb_text _builder_version=\"4.19.3\" _module_preset=\"default\" text_font=\"Lato||||||||\" text_text_color=\"#FFFFFF\" global_colors_info=\"{}\"]<\/p>\n<p>Lembre-se de que \u00e9 da sua responsabilidade procurar a ajuda de um profissional de sa\u00fade antes e durante a utiliza\u00e7\u00e3o deste produto, que n\u00e3o \u00e9 comercializado como um dispositivo m\u00e9dico, nem se afirma ser capaz de curar qualquer doen\u00e7a. <\/p>\n<p style=\"text-align: center;\">Recomenda-se sempre a consulta de um m\u00e9dico antes de utilizar o tapete de pedras quentes. No entanto, tenha em aten\u00e7\u00e3o que as contra-indica\u00e7\u00f5es absolutas incluem: utilizadores de estimulantes card\u00edacos e desfibrilhadores, acidente vascular cerebral ou angina recentes, gravidez.<\/p>\n<p style=\"text-align: center;\"><strong> <\/strong><\/p>\n<p>[\/et_pb_text][\/et_pb_column][\/et_pb_row][\/et_pb_section][et_pb_section fb_built=\"1\" admin_label=\"Popup - #contatto\" module_id=\"contatto\" module_class=\"popup\" _builder_version=\"4.19.3\" _module_preset=\"default\" background_color=\"#eaeaf3\" width=\"600px\" max_width=\"100%\" da_is_popup=\"on\" da_popup_slug=\"contatto\" da_disable_devices=\"off|off|off\" global_colors_info=\"{}\" theme_builder_area=\"post_content\" da_exit_intent=\"off\" da_has_close=\"on\" da_alt_close=\"off\" da_dark_close=\"off\" da_not_modal=\"on\" da_is_singular=\"off\" da_with_loader=\"off\" da_has_shadow=\"on\"][et_pb_row _builder_version=\"4.19.3\" _module_preset=\"default\" custom_margin=\"-40px|auto||auto||\" global_colors_info=\"{}\" theme_builder_area=\"post_content\"][et_pb_column type=\"4_4\" _builder_version=\"4.19.3\" _module_preset=\"default\" global_colors_info=\"{}\" theme_builder_area=\"post_content\"][et_pb_code _builder_version=\"4.21.0\" _module_preset=\"default\" text_orientation=\"center\" module_alignment=\"center\" global_colors_info=\"{}\" theme_builder_area=\"post_content\"]\n<div class=\"wpcf7 no-js\" id=\"wpcf7-f735-o1\" lang=\"en-US\" dir=\"ltr\" data-wpcf7-id=\"735\">\n<div class=\"screen-reader-response\"><p role=\"status\" aria-live=\"polite\" aria-atomic=\"true\"><\/p> <ul><\/ul><\/div>\n<form action=\"\/pt-pt\/wp-json\/wp\/v2\/pages\/1843#wpcf7-f735-o1\" method=\"post\" class=\"wpcf7-form init\" aria-label=\"Contact form\" novalidate=\"novalidate\" data-status=\"init\">\n<div style=\"display: none;\">\n<input type=\"hidden\" name=\"_wpcf7\" value=\"735\" \/>\n<input type=\"hidden\" name=\"_wpcf7_version\" value=\"6.0.5\" \/>\n<input type=\"hidden\" name=\"_wpcf7_locale\" value=\"en_US\" \/>\n<input type=\"hidden\" name=\"_wpcf7_unit_tag\" value=\"wpcf7-f735-o1\" \/>\n<input type=\"hidden\" name=\"_wpcf7_container_post\" value=\"0\" \/>\n<input type=\"hidden\" name=\"_wpcf7_posted_data_hash\" value=\"\" \/>\n<\/div>\n<div class=\"row full-width\">\n\t<p><span class=\"wpcf7-form-control-wrap\" data-name=\"your-email\"><input size=\"40\" maxlength=\"400\" class=\"wpcf7-form-control wpcf7-email wpcf7-validates-as-required wpcf7-text wpcf7-validates-as-email\" aria-required=\"true\" aria-invalid=\"false\" placeholder=\"Email\" value=\"\" type=\"email\" name=\"your-email\" \/><\/span>\n\t<\/p>\n<\/div>\n<div class=\"row\">\n\t<div class=\"half\">\n\t\t<p><span class=\"wpcf7-form-control-wrap\" data-name=\"your-name\"><input size=\"40\" maxlength=\"400\" class=\"wpcf7-form-control wpcf7-text wpcf7-validates-as-required\" aria-required=\"true\" aria-invalid=\"false\" placeholder=\"Full name\" value=\"\" type=\"text\" name=\"your-name\" \/><\/span>\n\t\t<\/p>\n\t<\/div>\n\t<div class=\"half\">\n\t\t<p><span class=\"wpcf7-form-control-wrap\" data-name=\"your-phone\"><input size=\"40\" maxlength=\"400\" class=\"wpcf7-form-control wpcf7-text\" aria-invalid=\"false\" placeholder=\"Phone number\" value=\"\" type=\"text\" name=\"your-phone\" \/><\/span>\n\t\t<\/p>\n\t<\/div>\n<\/div>\n<div class=\"row full-width\">\n\t<p><span class=\"wpcf7-form-control-wrap\" data-name=\"your-message\"><textarea cols=\"40\" rows=\"10\" maxlength=\"2000\" class=\"wpcf7-form-control wpcf7-textarea\" aria-invalid=\"false\" placeholder=\"Message\" name=\"your-message\"><\/textarea><\/span>\n\t<\/p>\n<\/div>\n<p><input class=\"wpcf7-form-control wpcf7-submit has-spinner\" type=\"submit\" value=\"Send message\" \/>\n<\/p><div class=\"wpcf7-response-output\" aria-hidden=\"true\"><\/div>\n<\/form>\n<\/div>\n[\/et_pb_code][\/et_pb_column][\/et_pb_row][\/et_pb_section]<\/p>\n","protected":false},"excerpt":{"rendered":"<p>TAPETES CURATIVOS COM PEDRAS PRECIOSAS DE INFRAVERMELHOS DISTANTESO n\u00facleo da tecnologia FIR HEALING MATS \u00e9 uma poderosa combina\u00e7\u00e3o de : Raios infravermelhos distantes e i\u00f5es negativos gerados pelas propriedades condutoras das pedras minerais puras PEMF - Campos electromagn\u00e9ticos pulsados - de baixa intensidade Emiss\u00e3o de fot\u00f5es de luz led vermelha Todos estes estimuladores de sa\u00fade [&hellip;]<\/p>\n","protected":false},"author":1,"featured_media":0,"parent":1748,"menu_order":0,"comment_status":"closed","ping_status":"closed","template":"","meta":{"_et_pb_use_builder":"on","_et_pb_old_content":"","_et_gb_content_width":"","footnotes":""},"class_list":["post-1843","page","type-page","status-publish","hentry"],"_links":{"self":[{"href":"https:\/\/monicaottone.com\/pt-pt\/wp-json\/wp\/v2\/pages\/1843","targetHints":{"allow":["GET"]}}],"collection":[{"href":"https:\/\/monicaottone.com\/pt-pt\/wp-json\/wp\/v2\/pages"}],"about":[{"href":"https:\/\/monicaottone.com\/pt-pt\/wp-json\/wp\/v2\/types\/page"}],"author":[{"embeddable":true,"href":"https:\/\/monicaottone.com\/pt-pt\/wp-json\/wp\/v2\/users\/1"}],"replies":[{"embeddable":true,"href":"https:\/\/monicaottone.com\/pt-pt\/wp-json\/wp\/v2\/comments?post=1843"}],"version-history":[{"count":6,"href":"https:\/\/monicaottone.com\/pt-pt\/wp-json\/wp\/v2\/pages\/1843\/revisions"}],"predecessor-version":[{"id":6485,"href":"https:\/\/monicaottone.com\/pt-pt\/wp-json\/wp\/v2\/pages\/1843\/revisions\/6485"}],"up":[{"embeddable":true,"href":"https:\/\/monicaottone.com\/pt-pt\/wp-json\/wp\/v2\/pages\/1748"}],"wp:attachment":[{"href":"https:\/\/monicaottone.com\/pt-pt\/wp-json\/wp\/v2\/media?parent=1843"}],"curies":[{"name":"wp","href":"https:\/\/api.w.org\/{rel}","templated":true}]}}