{"id":1852,"date":"2023-04-06T10:22:30","date_gmt":"2023-04-06T11:22:30","guid":{"rendered":"https:\/\/monicaottone.com\/holistic-point\/tratamentos-fisicos\/sauna-de-infravermelhos\/"},"modified":"2024-04-06T13:15:22","modified_gmt":"2024-04-06T14:15:22","slug":"sauna-de-infravermelhos","status":"publish","type":"page","link":"https:\/\/monicaottone.com\/pt-pt\/holistic-point\/estilo-de-vida\/sauna-de-infravermelhos\/","title":{"rendered":"SAUNA DE INFRAVERMELHOS"},"content":{"rendered":"<p>[et_pb_section fb_built=\"1\" admin_label=\"Header\" _builder_version=\"4.20.0\" _module_preset=\"default\" custom_padding=\"4px|||||\" da_disable_devices=\"off|off|off\" collapsed=\"on\" global_colors_info=\"{}\" da_is_popup=\"off\" da_exit_intent=\"off\" da_has_close=\"on\" da_alt_close=\"off\" da_dark_close=\"off\" da_not_modal=\"on\" da_is_singular=\"off\" da_with_loader=\"off\" da_has_shadow=\"on\"][et_pb_row _builder_version=\"4.20.0\" _module_preset=\"default\" max_width=\"800px\" global_colors_info=\"{}\"][et_pb_column type=\"4_4\" _builder_version=\"4.20.0\" _module_preset=\"default\" global_colors_info=\"{}\"][et_pb_text _builder_version=\"4.20.4\" _module_preset=\"5982cc30-7512-49f1-a4ce-df4d3d05e730\" header_font=\"Times New Roman||||||||\" header_font_size=\"60px\" text_orientation=\"center\" custom_margin=\"||10px||false|false\" global_colors_info=\"{}\"]<\/p>\n<h1>SAUNA DE INFRAVERMELHOS<\/h1>\n<p>[\/et_pb_text][et_pb_text _builder_version=\"4.19.3\" _module_preset=\"62f7b9dd-898a-41cc-82f7-065a07db7367\" locked=\"off\" global_colors_info=\"{}\"]<\/p>\n<p style=\"text-align: center;\">O efeito da desintoxica\u00e7\u00e3o e do relaxamento \u00e9 garantido: a transpira\u00e7\u00e3o \u00e9 estimulada, melhorando a circula\u00e7\u00e3o sangu\u00ednea, relaxando os m\u00fasculos, purificando a pele e contribuindo para a perda de toxinas. Esta aplica\u00e7\u00e3o baseia-se em princ\u00edpios de manuten\u00e7\u00e3o da sa\u00fade, fortalecendo o corpo e mantendo a sa\u00fade, prevenindo assim as doen\u00e7as, em vez de as suprimir.<br \/>A medicina est\u00e1 a investigar as propriedades saud\u00e1veis das aplica\u00e7\u00f5es de IV. Para mais informa\u00e7\u00f5es, consulte:<\/p>\n<p style=\"text-align: center;\"><a href=\"https:\/\/www.ncbi.nlm.nih.gov\/pmc\/articles\/PMC4935255\/\">https:\/\/www.ncbi.nlm.nih.gov\/pmc\/articles\/PMC4935255\/<\/a><br \/><a href=\"https:\/\/www.mayoclinic.org\/healthy-lifestyle\/consumer-health\/expert-answers\/infrared-sauna\/faq-20057954\">As saunas infravermelhas t\u00eam algum benef\u00edcio para a sa\u00fade? - Cl\u00ednica Mayo<\/a><br \/><a href=\"https:\/\/health.clevelandclinic.org\/infrared-sauna-benefits\/\">Saunas infravermelhas: 6 benef\u00edcios para a sa\u00fade - Cleveland Clinic<\/a><\/p>\n<p>[\/et_pb_text][\/et_pb_column][\/et_pb_row][\/et_pb_section][et_pb_section fb_built=\"1\" admin_label=\"About\" _builder_version=\"4.19.3\" _module_preset=\"default\" background_color=\"gcid-cc1e7daa-e7a2-44d1-a6d4-86221a549f5c\" custom_padding=\"0px||0px||true|false\" da_disable_devices=\"off|off|off\" locked=\"off\" collapsed=\"on\" global_colors_info=\"{%22gcid-cc1e7daa-e7a2-44d1-a6d4-86221a549f5c%22:%91%22background_color%22%93}\" da_is_popup=\"off\" da_exit_intent=\"off\" da_has_close=\"on\" da_alt_close=\"off\" da_dark_close=\"off\" da_not_modal=\"on\" da_is_singular=\"off\" da_with_loader=\"off\" da_has_shadow=\"on\"][et_pb_row column_structure=\"1_2,1_2\" use_custom_gutter=\"on\" gutter_width=\"1\" make_equal=\"on\" _builder_version=\"4.19.3\" _module_preset=\"default\" width=\"100%\" max_width=\"none\" custom_padding=\"0px||0px||true|false\" global_colors_info=\"{}\"][et_pb_column type=\"1_2\" _builder_version=\"4.20.0\" _module_preset=\"default\" custom_padding=\"8%|8%|8%|8%|true|true\" global_colors_info=\"{}\"][et_pb_text _builder_version=\"4.19.3\" _module_preset=\"9298c4ae-175d-4eb7-8b55-bb7129c2e90b\" header_2_font=\"Times New Roman|||on|||||\" header_2_text_color=\"#FFFFFF\" custom_margin=\"||10px||false|false\" global_colors_info=\"{}\"]<\/p>\n<h2>Principais benef\u00edcios<\/h2>\n<p>[\/et_pb_text][et_pb_text _builder_version=\"4.19.3\" _module_preset=\"62f7b9dd-898a-41cc-82f7-065a07db7367\" text_text_color=\"#FFFFFF\" global_colors_info=\"{}\"]<\/p>\n<ul>\n<li aria-level=\"1\">Reduz a rigidez das articula\u00e7\u00f5es<\/li>\n<li aria-level=\"1\">Alivia os espasmos musculares<\/li>\n<li aria-level=\"1\">Alivia as dores musculares<\/li>\n<li aria-level=\"1\">Aumenta o fluxo sangu\u00edneo<\/li>\n<li aria-level=\"1\">Apoia a fun\u00e7\u00e3o card\u00edaca<\/li>\n<li aria-level=\"1\">Alivia o dor<\/li>\n<li aria-level=\"1\">Acelera a cicatriza\u00e7\u00e3o de les\u00f5es da pele e dos tecidos moles em geral<\/li>\n<li aria-level=\"1\">Promove a elasticidade das fibras de colag\u00e9nio<\/li>\n<li aria-level=\"1\">Auxilia na reabsor\u00e7\u00e3o de edemas infiltrados<\/li>\n<li aria-level=\"1\">Melhora o relaxamento e a qualidade do sono<\/li>\n<\/ul>\n<p>[\/et_pb_text][\/et_pb_column][et_pb_column type=\"1_2\" _builder_version=\"4.19.3\" _module_preset=\"default\" background_image=\"https:\/\/monicaottone.com\/wp-content\/uploads\/2023\/04\/infrared-sauna-2.jpg\" global_colors_info=\"{}\"][et_pb_divider show_divider=\"off\" _builder_version=\"4.20.0\" _module_preset=\"default\" height_tablet=\"60vw\" height_phone=\"60vw\" height_last_edited=\"on|desktop\" global_colors_info=\"{}\"][\/et_pb_divider][\/et_pb_column][\/et_pb_row][\/et_pb_section][et_pb_section fb_built=\"1\" admin_label=\"Mission\" _builder_version=\"4.20.0\" _module_preset=\"default\" custom_padding=\"0px||0px||true|false\" da_disable_devices=\"off|off|off\" locked=\"off\" collapsed=\"on\" global_colors_info=\"{}\" da_is_popup=\"off\" da_exit_intent=\"off\" da_has_close=\"on\" da_alt_close=\"off\" da_dark_close=\"off\" da_not_modal=\"on\" da_is_singular=\"off\" da_with_loader=\"off\" da_has_shadow=\"on\"][et_pb_row column_structure=\"1_2,1_2\" use_custom_gutter=\"on\" gutter_width=\"1\" make_equal=\"on\" _builder_version=\"4.20.4\" _module_preset=\"default\" width=\"100%\" max_width=\"none\" custom_padding=\"0px||0px||true|false\" global_colors_info=\"{}\"][et_pb_column type=\"1_2\" _builder_version=\"4.20.4\" _module_preset=\"default\" background_image=\"https:\/\/monicaottone.com\/wp-content\/uploads\/2023\/04\/infrared-sauna.webp\" global_colors_info=\"{}\"][et_pb_divider show_divider=\"off\" _builder_version=\"4.20.0\" _module_preset=\"default\" height_tablet=\"60vw\" height_phone=\"60vw\" height_last_edited=\"on|desktop\" global_colors_info=\"{}\"][\/et_pb_divider][\/et_pb_column][et_pb_column type=\"1_2\" _builder_version=\"4.20.0\" _module_preset=\"default\" custom_padding=\"8%|8%|8%|8%|true|true\" global_colors_info=\"{}\"][et_pb_text _builder_version=\"4.19.3\" _module_preset=\"9298c4ae-175d-4eb7-8b55-bb7129c2e90b\" header_font=\"Times New Roman|||on|||||\" header_2_font=\"Times New Roman|||on|||||\" custom_margin=\"||10px||false|false\" locked=\"off\" global_colors_info=\"{}\"]<\/p>\n<h2>A sauna de infravermelhos \u00e9 perigosa?<\/h2>\n<p>[\/et_pb_text][et_pb_text _builder_version=\"4.19.3\" _module_preset=\"62f7b9dd-898a-41cc-82f7-065a07db7367\" locked=\"off\" global_colors_info=\"{}\"]<\/p>\n<p>Embora a palavra \"raio\" possa ser uma preocupa\u00e7\u00e3o, \u00e9 bom saber que a sauna infravermelha funciona da mesma forma que o sol, sem os efeitos nocivos dos raios UV. Os infravermelhos s\u00e3o seguros, sendo utilizados, entre outras coisas, em incubadoras de beb\u00e9s prematuros de modo a mant\u00ea-los quentes. A sauna infravermelhos \u00e9 mesmo recomendada por muitos m\u00e9dicos. <\/p>\n<p>Os seus benef\u00edcios para a sa\u00fade s\u00e3o reconhecidos, de facto, as sess\u00f5es de sauna ajudam a eliminar toxinas, reduzem o stress e melhoram a circula\u00e7\u00e3o sangu\u00ednea, a activa\u00e7\u00e3o do sistema imunit\u00e1rio, bem como a beleza da pele. <\/p>\n<p>Banhos de temperatura tamb\u00e9m s\u00e3o recomendados para o tratamento de certas doen\u00e7as dermatol\u00f3gicas, como eczema ou psor\u00edase.<\/p>\n<p>[\/et_pb_text][\/et_pb_column][\/et_pb_row][\/et_pb_section][et_pb_section fb_built=\"1\" admin_label=\"Testimonials\" _builder_version=\"4.20.0\" _module_preset=\"default\" background_color=\"gcid-c0d903dc-93ac-4ecc-8236-73ef6305c15d\" custom_padding=\"||33px|||\" da_disable_devices=\"off|off|off\" collapsed=\"on\" global_colors_info=\"{%22gcid-c0d903dc-93ac-4ecc-8236-73ef6305c15d%22:%91%22background_color%22%93}\" da_is_popup=\"off\" da_exit_intent=\"off\" da_has_close=\"on\" da_alt_close=\"off\" da_dark_close=\"off\" da_not_modal=\"on\" da_is_singular=\"off\" da_with_loader=\"off\" da_has_shadow=\"on\"][et_pb_row _builder_version=\"4.20.0\" _module_preset=\"default\" locked=\"off\" global_colors_info=\"{}\"][et_pb_column type=\"4_4\" _builder_version=\"4.20.0\" _module_preset=\"default\" global_colors_info=\"{}\"][et_pb_text _builder_version=\"4.19.3\" _module_preset=\"9298c4ae-175d-4eb7-8b55-bb7129c2e90b\" header_font=\"Times New Roman|||on|||||\" header_2_font=\"Times New Roman|||on|||||\" custom_margin=\"||10px||false|false\" locked=\"off\" global_colors_info=\"{}\"]<\/p>\n<h2 style=\"text-align: center;\">A nossa escolha<\/h2>\n<p>[\/et_pb_text][et_pb_text _builder_version=\"4.19.3\" _module_preset=\"62f7b9dd-898a-41cc-82f7-065a07db7367\" locked=\"off\" global_colors_info=\"{}\"]<\/p>\n<p>No Holistic Point encontrar\u00e1 uma sauna infravermelhos de alta qualidade fabricada em madeira de cicuta. Este tipo de madeira, perfeitamente adaptado \u00e0s saunas, oferece uma grande resist\u00eancia e um isolamento perfeito. <\/p>\n<p>Escolhemos emissores de carbono, ligeiramente menos potentes do que os emissores de cer\u00e2mica, porque cobrem uma \u00e1rea maior e garantem uma melhor difus\u00e3o do calor. <\/p>\n<p>Os raios FIR (Far Infrared Rays) gerados - Tipo C - est\u00e3o compreendidos entre 3\/4 e 6\/7 \u00b5m; esta gama \u00f3ptima de comprimentos de onda permite uma rela\u00e7\u00e3o ideal entre transmiss\u00e3o e absor\u00e7\u00e3o, garantindo efic\u00e1cia, seguran\u00e7a e conforto. <\/p>\n<p>O nosso modelo de cabine permite-lhe tamb\u00e9m ouvir a sua m\u00fasica preferida ligando-se por bluetooth e praticar sess\u00f5es <b>de<\/b> <b>C<\/b><b>R<\/b><b>O<\/b><b>M<\/b><b>O<\/b><b>T<\/b><b>E<\/b><b>R<\/b><b>A<\/b><b>P<\/b><b>I<\/b><b>A<\/b>. <\/p>\n<p>Prescrita em v\u00e1rias medicinas tradicionais, a cromoterapia baseia-se no pressuposto de que o espectro de cores desempenha um papel no nosso estado: assim, uma cor azul na sua sauna melhorar\u00e1 o seu relaxamento, enquanto uma cor vermelha aumentar\u00e1 a circula\u00e7\u00e3o sangu\u00ednea.<\/p>\n<p>[\/et_pb_text][\/et_pb_column][\/et_pb_row][\/et_pb_section][et_pb_section fb_built=\"1\" admin_label=\"Mission\" _builder_version=\"4.19.3\" _module_preset=\"default\" background_color=\"#f2f5f7\" custom_padding=\"0px||0px||true|false\" da_disable_devices=\"off|off|off\" locked=\"off\" collapsed=\"on\" global_colors_info=\"{}\" da_is_popup=\"off\" da_exit_intent=\"off\" da_has_close=\"on\" da_alt_close=\"off\" da_dark_close=\"off\" da_not_modal=\"on\" da_is_singular=\"off\" da_with_loader=\"off\" da_has_shadow=\"on\"][et_pb_row use_custom_gutter=\"on\" gutter_width=\"1\" make_equal=\"on\" _builder_version=\"4.19.3\" _module_preset=\"default\" width=\"100%\" max_width=\"none\" custom_margin=\"-1px|auto||auto||\" custom_padding=\"0px||0px||true|false\" global_colors_info=\"{}\"][et_pb_column type=\"4_4\" _builder_version=\"4.20.0\" _module_preset=\"default\" custom_padding=\"8%|8%|8%|8%|true|true\" global_colors_info=\"{}\"][et_pb_text _builder_version=\"4.19.3\" _module_preset=\"9298c4ae-175d-4eb7-8b55-bb7129c2e90b\" header_font=\"Times New Roman|||on|||||\" header_2_font=\"Times New Roman|||on|||||\" min_height=\"7px\" custom_margin=\"3px||10px||false|false\" custom_padding=\"9px|||||\" locked=\"off\" global_colors_info=\"{}\"]<\/p>\n<h3 style=\"text-align: center;\">Contra-indica\u00e7\u00f5es da sauna IR<\/h3>\n<p>[\/et_pb_text][et_pb_text _builder_version=\"4.20.4\" _module_preset=\"62f7b9dd-898a-41cc-82f7-065a07db7367\" text_font=\"Lato||||||||\" text_font_size=\"18px\" locked=\"off\" global_colors_info=\"{}\"]<\/p>\n<p style=\"text-align: center;\">A sauna infravermelhos \u00e9 considerada geralmente segura para a popula\u00e7\u00e3o, mas tenha em aten\u00e7\u00e3o que n\u00e3o \u00e9 aconselh\u00e1vel efectuar este tratamento em todas as condi\u00e7\u00f5es listadas a seguir:<\/p>\n<p style=\"text-align: center;\">[\/et_pb_text][et_pb_text _builder_version=\"4.19.3\" _module_preset=\"62f7b9dd-898a-41cc-82f7-065a07db7367\" locked=\"off\" global_colors_info=\"{}\"]<\/p>\n<p style=\"text-align: center;\">Gravidez - as mulheres gr\u00e1vidas n\u00e3o devem utilizar a sauna infravermelhos<\/p>\n<p style=\"text-align: center;\">Crian\u00e7as com idade inferior aos 16 anos n\u00e3o s\u00e3o permitidas<\/p>\n<p style=\"text-align: center;\">Os idosos que tomam medicamentos sujeitos a receita m\u00e9dica devem consultar um m\u00e9dico ou os que est\u00e3o sob os cuidados de um m\u00e9dico para doen\u00e7as cr\u00f3nicas devem discutir este tratamento antes de o programar<\/p>\n<p style=\"text-align: center;\">Indiv\u00edduos com pinos met\u00e1licos, hastes ou articula\u00e7\u00f5es artificiais devem consultar o seu m\u00e9dico antes da marca\u00e7\u00e3o<\/p>\n<p style=\"text-align: center;\">\u00c9 proibido o consumo de \u00e1lcool antes da utiliza\u00e7\u00e3o da sauna infravermelhos.<\/p>\n<p style=\"text-align: center;\">Les\u00f5es articulares agudas, febre ou tend\u00eancia para hemorragias n\u00e3o devem utilizar a sauna infravermelhos.<\/p>\n<p>[\/et_pb_text][et_pb_text _builder_version=\"4.20.4\" _module_preset=\"62f7b9dd-898a-41cc-82f7-065a07db7367\" text_font=\"Lato||||||||\" text_font_size=\"18px\" custom_margin=\"||-3px|||\" custom_padding=\"54px||0px|||\" locked=\"off\" global_colors_info=\"{}\"]<\/p>\n<p style=\"text-align: center;\">\n<p style=\"text-align: center;\">\n<p style=\"text-align: center;\"><em>Em caso de d\u00favida, por favor, providencie orienta\u00e7\u00e3o m\u00e9dica sobre as condi\u00e7\u00f5es existentes que possa ter, e recomendamos que contacte o seu m\u00e9dico se n\u00e3o tiver a certeza se o tratamento ir\u00e1 interferir com a sua situa\u00e7\u00e3o.<\/em><\/p>\n<p>&nbsp;<\/p>\n<p>[\/et_pb_text][\/et_pb_column][\/et_pb_row][\/et_pb_section][et_pb_section fb_built=\"1\" _builder_version=\"4.19.3\" _module_preset=\"default\" background_color=\"#4ca3b6\" custom_padding=\"35px|||||\" da_disable_devices=\"off|off|off\" global_colors_info=\"{}\" da_is_popup=\"off\" da_exit_intent=\"off\" da_has_close=\"on\" da_alt_close=\"off\" da_dark_close=\"off\" da_not_modal=\"on\" da_is_singular=\"off\" da_with_loader=\"off\" da_has_shadow=\"on\"][et_pb_row _builder_version=\"4.19.3\" _module_preset=\"default\" global_colors_info=\"{}\"][et_pb_column type=\"4_4\" _builder_version=\"4.19.3\" _module_preset=\"default\" global_colors_info=\"{}\"][et_pb_text _builder_version=\"4.19.3\" _module_preset=\"default\" text_font=\"Lato||||||||\" text_text_color=\"#FFFFFF\" global_colors_info=\"{}\"]<\/p>\n<p style=\"text-align: center;\"><strong>Para maximizar o efeito da sauna, ser-lhe-\u00e1 oferecido \u00e1gua Kangen refrescante e super-hidratante, tamb\u00e9m dispon\u00edvel no Ponto Hol\u00edstico.<\/strong><\/p>\n<p>[\/et_pb_text][et_pb_image src=\"https:\/\/monicaottone.com\/wp-content\/uploads\/2023\/04\/KANGEN-REFRESH.webp\" title_text=\"KANGEN REFRESH\" url=\"https:\/\/kangenmonica.kangendemo.com\/\" url_new_window=\"on\" align=\"center\" _builder_version=\"4.20.4\" _module_preset=\"default\" global_colors_info=\"{}\"][\/et_pb_image][\/et_pb_column][\/et_pb_row][\/et_pb_section][et_pb_section fb_built=\"1\" admin_label=\"Footer\" module_id=\"contatti\" module_class=\"contatti\" _builder_version=\"4.20.4\" background_color=\"#345168\" use_background_color_gradient=\"on\" background_color_gradient_stops=\"#345168 5%|rgba(219,219,219,0) 100%\" background_color_gradient_overlays_image=\"on\" background_color_gradient_start=\"#345168\" background_color_gradient_start_position=\"5%\" background_color_gradient_end=\"rgba(219,219,219,0)\" background_image=\"https:\/\/monicaottone.com\/wp-content\/uploads\/2023\/03\/vlcsnap-2023-03-22-20h13m56s358.webp\" custom_padding=\"5%||0%||false|false\" bottom_divider_flip=\"horizontal\" da_popup_slug=\"contatti\" da_disable_devices=\"off|off|off\" saved_tabs=\"all\" locked=\"off\" global_colors_info=\"{}\" theme_builder_area=\"post_content\" da_is_popup=\"off\" da_exit_intent=\"off\" da_has_close=\"on\" da_alt_close=\"off\" da_dark_close=\"off\" da_not_modal=\"on\" da_is_singular=\"off\" da_with_loader=\"off\" da_has_shadow=\"on\"][et_pb_row _builder_version=\"4.16\" locked=\"off\" global_colors_info=\"{}\" theme_builder_area=\"post_content\"][et_pb_column type=\"4_4\" _builder_version=\"4.16\" custom_padding=\"|||\" global_colors_info=\"{}\" custom_padding__hover=\"|||\" theme_builder_area=\"post_content\"][et_pb_text disabled_on=\"off|off|off\" _builder_version=\"4.24.3\" _module_preset=\"default\" text_text_color=\"#FFFFFF\" text_text_shadow_style=\"preset1\" text_text_shadow_color=\"rgba(0,0,0,0)\" global_colors_info=\"{}\" theme_builder_area=\"post_content\"]<\/p>\n<h1 style=\"padding-left: 40px;\"><span style=\"color: #f9f9f9;\"><strong>Contacte-me para aceder aos servi\u00e7os de Holistic Point Cabo Verde! Estou ansioso por o conhecer!<\/strong><\/span><\/h1>\n<p>[\/et_pb_text][et_pb_cta button_url=\"#contatto\" button_text=\"ENTRE EM CONTATTO COM A MONICA\" _builder_version=\"4.24.3\" _module_preset=\"default\" header_font=\"|700||on|||||\" header_text_color=\"#000000\" body_font=\"|600|||||||\" body_text_color=\"#000000\" background_enable_color=\"off\" custom_button=\"on\" button_text_size=\"22px\" button_text_color=\"#000000\" button_bg_color=\"#FFFFFF\" button_border_width=\"3px\" button_icon=\"&#xe031;||divi||400\" button_alignment=\"center\" custom_margin=\"-59px||9px|||\" text_shadow_style=\"preset1\" locked=\"off\" global_colors_info=\"{}\" theme_builder_area=\"post_content\"][\/et_pb_cta][\/et_pb_column][\/et_pb_row][\/et_pb_section][et_pb_section fb_built=\"1\" admin_label=\"Popup - #contatto\" module_id=\"contatto\" module_class=\"popup\" _builder_version=\"4.19.3\" _module_preset=\"default\" background_color=\"#eaeaf3\" width=\"600px\" max_width=\"100%\" da_is_popup=\"on\" da_popup_slug=\"contatto\" da_disable_devices=\"off|off|off\" global_colors_info=\"{}\" theme_builder_area=\"post_content\" da_exit_intent=\"off\" da_has_close=\"on\" da_alt_close=\"off\" da_dark_close=\"off\" da_not_modal=\"on\" da_is_singular=\"off\" da_with_loader=\"off\" da_has_shadow=\"on\"][et_pb_row _builder_version=\"4.19.3\" _module_preset=\"default\" custom_margin=\"-40px|auto||auto||\" global_colors_info=\"{}\" theme_builder_area=\"post_content\"][et_pb_column type=\"4_4\" _builder_version=\"4.19.3\" _module_preset=\"default\" global_colors_info=\"{}\" theme_builder_area=\"post_content\"][et_pb_code _builder_version=\"4.21.0\" _module_preset=\"default\" text_orientation=\"center\" module_alignment=\"center\" global_colors_info=\"{}\" theme_builder_area=\"post_content\"]\n<div class=\"wpcf7 no-js\" id=\"wpcf7-f735-o1\" lang=\"en-US\" dir=\"ltr\" data-wpcf7-id=\"735\">\n<div class=\"screen-reader-response\"><p role=\"status\" aria-live=\"polite\" aria-atomic=\"true\"><\/p> <ul><\/ul><\/div>\n<form action=\"\/pt-pt\/wp-json\/wp\/v2\/pages\/1852#wpcf7-f735-o1\" method=\"post\" class=\"wpcf7-form init\" aria-label=\"Contact form\" novalidate=\"novalidate\" data-status=\"init\">\n<div style=\"display: none;\">\n<input type=\"hidden\" name=\"_wpcf7\" value=\"735\" \/>\n<input type=\"hidden\" name=\"_wpcf7_version\" value=\"6.0.5\" \/>\n<input type=\"hidden\" name=\"_wpcf7_locale\" value=\"en_US\" \/>\n<input type=\"hidden\" name=\"_wpcf7_unit_tag\" value=\"wpcf7-f735-o1\" \/>\n<input type=\"hidden\" name=\"_wpcf7_container_post\" value=\"0\" \/>\n<input type=\"hidden\" name=\"_wpcf7_posted_data_hash\" value=\"\" \/>\n<\/div>\n<div class=\"row full-width\">\n\t<p><span class=\"wpcf7-form-control-wrap\" data-name=\"your-email\"><input size=\"40\" maxlength=\"400\" class=\"wpcf7-form-control wpcf7-email wpcf7-validates-as-required wpcf7-text wpcf7-validates-as-email\" aria-required=\"true\" aria-invalid=\"false\" placeholder=\"Email\" value=\"\" type=\"email\" name=\"your-email\" \/><\/span>\n\t<\/p>\n<\/div>\n<div class=\"row\">\n\t<div class=\"half\">\n\t\t<p><span class=\"wpcf7-form-control-wrap\" data-name=\"your-name\"><input size=\"40\" maxlength=\"400\" class=\"wpcf7-form-control wpcf7-text wpcf7-validates-as-required\" aria-required=\"true\" aria-invalid=\"false\" placeholder=\"Full name\" value=\"\" type=\"text\" name=\"your-name\" \/><\/span>\n\t\t<\/p>\n\t<\/div>\n\t<div class=\"half\">\n\t\t<p><span class=\"wpcf7-form-control-wrap\" data-name=\"your-phone\"><input size=\"40\" maxlength=\"400\" class=\"wpcf7-form-control wpcf7-text\" aria-invalid=\"false\" placeholder=\"Phone number\" value=\"\" type=\"text\" name=\"your-phone\" \/><\/span>\n\t\t<\/p>\n\t<\/div>\n<\/div>\n<div class=\"row full-width\">\n\t<p><span class=\"wpcf7-form-control-wrap\" data-name=\"your-message\"><textarea cols=\"40\" rows=\"10\" maxlength=\"2000\" class=\"wpcf7-form-control wpcf7-textarea\" aria-invalid=\"false\" placeholder=\"Message\" name=\"your-message\"><\/textarea><\/span>\n\t<\/p>\n<\/div>\n<p><input class=\"wpcf7-form-control wpcf7-submit has-spinner\" type=\"submit\" value=\"Send message\" \/>\n<\/p><div class=\"wpcf7-response-output\" aria-hidden=\"true\"><\/div>\n<\/form>\n<\/div>\n[\/et_pb_code][\/et_pb_column][\/et_pb_row][\/et_pb_section]<\/p>\n","protected":false},"excerpt":{"rendered":"<p>SAUNA DE INFRAVERMELHOSO efeito da desintoxica\u00e7\u00e3o e do relaxamento \u00e9 garantido: a transpira\u00e7\u00e3o \u00e9 estimulada, melhorando a circula\u00e7\u00e3o sangu\u00ednea, relaxando os m\u00fasculos, purificando a pele e contribuindo para a perda de toxinas. Esta aplica\u00e7\u00e3o baseia-se em princ\u00edpios de manuten\u00e7\u00e3o da sa\u00fade, fortalecendo o corpo e mantendo a sa\u00fade, prevenindo assim as doen\u00e7as, em vez de [&hellip;]<\/p>\n","protected":false},"author":1,"featured_media":0,"parent":1775,"menu_order":0,"comment_status":"closed","ping_status":"closed","template":"","meta":{"_et_pb_use_builder":"on","_et_pb_old_content":"","_et_gb_content_width":"","footnotes":""},"class_list":["post-1852","page","type-page","status-publish","hentry"],"_links":{"self":[{"href":"https:\/\/monicaottone.com\/pt-pt\/wp-json\/wp\/v2\/pages\/1852","targetHints":{"allow":["GET"]}}],"collection":[{"href":"https:\/\/monicaottone.com\/pt-pt\/wp-json\/wp\/v2\/pages"}],"about":[{"href":"https:\/\/monicaottone.com\/pt-pt\/wp-json\/wp\/v2\/types\/page"}],"author":[{"embeddable":true,"href":"https:\/\/monicaottone.com\/pt-pt\/wp-json\/wp\/v2\/users\/1"}],"replies":[{"embeddable":true,"href":"https:\/\/monicaottone.com\/pt-pt\/wp-json\/wp\/v2\/comments?post=1852"}],"version-history":[{"count":3,"href":"https:\/\/monicaottone.com\/pt-pt\/wp-json\/wp\/v2\/pages\/1852\/revisions"}],"predecessor-version":[{"id":6492,"href":"https:\/\/monicaottone.com\/pt-pt\/wp-json\/wp\/v2\/pages\/1852\/revisions\/6492"}],"up":[{"embeddable":true,"href":"https:\/\/monicaottone.com\/pt-pt\/wp-json\/wp\/v2\/pages\/1775"}],"wp:attachment":[{"href":"https:\/\/monicaottone.com\/pt-pt\/wp-json\/wp\/v2\/media?parent=1852"}],"curies":[{"name":"wp","href":"https:\/\/api.w.org\/{rel}","templated":true}]}}