{"id":2553,"date":"2023-10-02T19:08:44","date_gmt":"2023-10-02T20:08:44","guid":{"rendered":"https:\/\/monicaottone.com\/aula-de-hatha-yoga\/"},"modified":"2024-04-06T14:13:18","modified_gmt":"2024-04-06T15:13:18","slug":"aula-de-hatha-yoga","status":"publish","type":"page","link":"https:\/\/monicaottone.com\/pt-pt\/classe\/aula-de-hatha-yoga\/","title":{"rendered":"AULA DE KUNDALINI YOGA"},"content":{"rendered":"<p>[et_pb_section fb_built=\"1\" admin_label=\"About Section\" _builder_version=\"4.24.0\" background_color=\"#ffffff\" custom_padding=\"5px|0px|5px|0px|true|false\" bottom_divider_style=\"curve2\" bottom_divider_color=\"#4CA3B6\" da_disable_devices=\"off|off|off\" locked=\"off\" global_colors_info=\"{}\" da_is_popup=\"off\" da_exit_intent=\"off\" da_has_close=\"on\" da_alt_close=\"off\" da_dark_close=\"off\" da_not_modal=\"on\" da_is_singular=\"off\" da_with_loader=\"off\" da_has_shadow=\"on\"][et_pb_row _builder_version=\"4.16\" global_colors_info=\"{}\"][et_pb_column type=\"4_4\" _builder_version=\"4.16\" custom_padding=\"|||\" global_colors_info=\"{}\" custom_padding__hover=\"|||\"][et_pb_text _builder_version=\"4.23.4\" text_font=\"||||||||\" header_font=\"||||||||\" header_2_font=\"Lora|700|||||||\" header_2_font_size=\"50px\" header_2_line_height=\"1.5em\" header_5_font=\"Oswald|||on|||||\" header_5_text_color=\"rgba(0,0,0,0.4)\" header_5_font_size=\"20px\" header_5_letter_spacing=\"3px\" text_orientation=\"center\" max_width=\"600px\" module_alignment=\"center\" text_line_height_last_edited=\"off|desktop\" global_colors_info=\"{}\"]<\/p>\n<h1>KUNDALINI YOGA<\/h1>\n<p>[\/et_pb_text][et_pb_image src=\"https:\/\/monicaottone.com\/wp-content\/uploads\/2024\/02\/DSC02859-scaled.jpg\" title_text=\"DSC02859\" _builder_version=\"4.24.0\" _module_preset=\"default\" global_colors_info=\"{}\"][\/et_pb_image][et_pb_text _builder_version=\"4.24.0\" _module_preset=\"default\" global_colors_info=\"{}\"]<\/p>\n<h3 style=\"text-align: justify;\"><strong>Bem-vindo ao mundo transformador da Kundalini Yoga, uma pr\u00e1tica poderosa que combina perfeitamente posturas f\u00edsicas, respira\u00e7\u00e3o, medita\u00e7\u00e3o e canto de mantras para despertar e elevar sua energia espiritual. Origin\u00e1ria de antigas tradi\u00e7\u00f5es indianas, a Kundalini Yoga \u00e9 uma abordagem hol\u00edstica ao bem-estar, promovendo o equil\u00edbrio e a harmonia no corpo e na mente.<\/strong><\/h3>\n<p>[\/et_pb_text][\/et_pb_column][\/et_pb_row][et_pb_row column_structure=\"3_4,1_4\" _builder_version=\"4.16\" global_colors_info=\"{}\"][et_pb_column type=\"3_4\" _builder_version=\"4.16\" custom_padding=\"|||\" global_colors_info=\"{}\" custom_padding__hover=\"|||\"][et_pb_text content_last_edited=\"off|desktop\" _builder_version=\"4.24.0\" text_font=\"Lora||||||||\" text_line_height=\"2em\" link_font=\"||||||||\" ul_font=\"||||||||\" ol_font=\"||||||||\" quote_font=\"||||||||\" header_font=\"||||||||\" header_2_font=\"||||||||\" header_3_font=\"Oswald|||on|||||\" header_3_font_size=\"20px\" header_3_letter_spacing=\"3px\" header_3_line_height=\"1.5em\" header_4_font=\"||||||||\" text_line_height_last_edited=\"off|desktop\" global_colors_info=\"{}\"]<\/p>\n<h4 style=\"text-align: justify;\">Kundalini \u00e9 uma pr\u00e1tica espiritual e f\u00edsica direcionada para a libera\u00e7\u00e3o de energia kundalini (do s\u00e2nscrito \"cobra enrolada\"), portanto, a energia feminina latente enrolada na base da coluna vertebral.<\/h4>\n<h4 style=\"text-align: justify;\">Quando esta energia \u00e9 despertada, ela sobe atrav\u00e9s dos chakras para o c\u00e9rebro, criando equil\u00edbrio e harmonia dentro do corpo.<\/h4>\n<h4 style=\"text-align: justify;\">Kundalini Yoga \u00e9 talvez a mais antiga de todas as formas de Yoga, embora ca sentir a mais moderna, tendo sido ensinado no Ocidente por apenas cerca de 40 anos.<\/h4>\n<h4 style=\"text-align: justify;\">Ele se concentra na sa\u00fade e no corpo f\u00edsico, tanto quanto visa aumentar a consci\u00eancia do eu espiritual, e mais do que a maioria das pr\u00e1ticas de yoga, seu prop\u00f3sito geral \u00e9 promover uma fus\u00e3o da consci\u00eancia individual com a consci\u00eancia universal.<\/h4>\n<p>[\/et_pb_text][\/et_pb_column][et_pb_column type=\"1_4\" _builder_version=\"4.16\" custom_padding=\"|||\" global_colors_info=\"{}\" custom_padding__hover=\"|||\"][et_pb_image src=\"https:\/\/monicaottone.com\/wp-content\/uploads\/2024\/02\/monicaottone_yoga_sal_island_1.jpg\" title_text=\"monicaottone_yoga_sal_island_1\" show_bottom_space=\"off\" align=\"center\" _builder_version=\"4.24.0\" _module_preset=\"default\" custom_padding=\"||5em||false|false\" global_colors_info=\"{}\"][\/et_pb_image][\/et_pb_column][\/et_pb_row][\/et_pb_section][et_pb_section fb_built=\"1\" admin_label=\"Services Section\" _builder_version=\"4.24.0\" background_color=\"#4CA3B6\" custom_padding=\"80px|0px|80px|0px|true|false\" top_divider_color=\"RGBA(255,255,255,0)\" da_disable_devices=\"off|off|off\" locked=\"off\" global_colors_info=\"{}\" da_is_popup=\"off\" da_exit_intent=\"off\" da_has_close=\"on\" da_alt_close=\"off\" da_dark_close=\"off\" da_not_modal=\"on\" da_is_singular=\"off\" da_with_loader=\"off\" da_has_shadow=\"on\"][et_pb_row column_structure=\"1_2,1_2\" _builder_version=\"4.16\" global_colors_info=\"{}\"][et_pb_column type=\"1_2\" _builder_version=\"4.16\" custom_padding=\"|||\" global_colors_info=\"{}\" custom_padding__hover=\"|||\"][et_pb_blurb title=\"Origem da KUNDALINI Yoga\" image_icon_width=\"64px\" _builder_version=\"4.21.0\" header_level=\"h3\" header_font=\"Oswald|||on|||||\" header_text_align=\"center\" header_letter_spacing=\"3px\" header_line_height=\"1.7em\" body_font=\"Lora||||||||\" body_line_height=\"2em\" text_orientation=\"center\" background_layout=\"dark\" custom_padding=\"1px|||||\" animation_style=\"fade\" animation=\"off\" image_max_width=\"64px\" global_colors_info=\"{}\"]<\/p>\n<p>Enraizada na rica tape\u00e7aria das antigas tradi\u00e7\u00f5es iogues, a Kundalini Yoga tem suas origens nas escrituras sagradas da \u00cdndia, como os Upanishads e os Tantras. O termo \"kundalini\" refere-se \u00e0 energia espiritual adormecida que se acredita residir na base da coluna vertebral. Atrav\u00e9s da pr\u00e1tica da Kundalini Yoga, esta energia \u00e9 despertada, ascendendo atrav\u00e9s dos chakras, e facilitando um profundo despertar espiritual.<\/p>\n<p>[\/et_pb_blurb][\/et_pb_column][et_pb_column type=\"1_2\" _builder_version=\"4.16\" custom_padding=\"|||\" global_colors_info=\"{}\" custom_padding__hover=\"|||\"][et_pb_blurb title=\"Fundamentos do M\u00e9todo:\" image_icon_width=\"64px\" _builder_version=\"4.21.0\" header_level=\"h3\" header_font=\"Oswald|||on|||||\" header_text_align=\"center\" header_letter_spacing=\"3px\" header_line_height=\"1.7em\" body_font=\"Lora||||||||\" body_line_height=\"2em\" text_orientation=\"center\" background_layout=\"dark\" animation_style=\"fade\" animation=\"off\" image_max_width=\"64px\" global_colors_info=\"{}\"]<\/p>\n<p>No cora\u00e7\u00e3o da Kundalini Yoga est\u00e1 o conceito de energia Kundalini, muitas vezes retratada como uma serpente enrolada na base da coluna vertebral. A pr\u00e1tica envolve t\u00e9cnicas espec\u00edficas, incluindo respira\u00e7\u00e3o (pranayama), asanas e medita\u00e7\u00e3o, projetadas para estimular e desenrolar essa energia adormecida. \u00c0 medida que a energia Kundalini sobe atrav\u00e9s da coluna vertebral, purifica e equilibra os chakras, levando a um estado elevado de consci\u00eancia e despertar espiritual.<\/p>\n<p>[\/et_pb_blurb][\/et_pb_column][\/et_pb_row][et_pb_row _builder_version=\"4.16\" global_colors_info=\"{}\"][et_pb_column type=\"4_4\" _builder_version=\"4.16\" custom_padding=\"|||\" global_colors_info=\"{}\" custom_padding__hover=\"|||\"][et_pb_blurb title=\"OBJETIVOS\" image_icon_width=\"64px\" _builder_version=\"4.21.0\" header_level=\"h3\" header_font=\"Oswald|||on|||||\" header_text_align=\"center\" header_letter_spacing=\"3px\" header_line_height=\"1.7em\" body_font=\"Lora||||||||\" body_line_height=\"2em\" text_orientation=\"center\" background_layout=\"dark\" animation_style=\"fade\" animation=\"off\" image_max_width=\"64px\" global_colors_info=\"{}\"]<\/p>\n<p>Kundalini Yoga \u00e9 fundamentalmente sobre encontrar consci\u00eancia \u2013 consci\u00eancia do corpo, respira\u00e7\u00e3o, mente e esp\u00edrito. A pr\u00e1tica incentiva um estado de mindfulness, onde os praticantes aprendem a observar e se desprender de seus pensamentos e emo\u00e7\u00f5es. Essa consci\u00eancia aumentada promove um senso de presen\u00e7a no momento atual, facilitando a autodescoberta e uma conex\u00e3o mais profunda com o eu interior.<\/p>\n<p>[\/et_pb_blurb][\/et_pb_column][\/et_pb_row][\/et_pb_section][et_pb_section fb_built=\"1\" specialty=\"on\" _builder_version=\"4.23.4\" _module_preset=\"default\" custom_padding=\"28px||4px|||\" da_disable_devices=\"off|off|off\" global_colors_info=\"{}\" da_is_popup=\"off\" da_exit_intent=\"off\" da_has_close=\"on\" da_alt_close=\"off\" da_dark_close=\"off\" da_not_modal=\"on\" da_is_singular=\"off\" da_with_loader=\"off\" da_has_shadow=\"on\"][et_pb_column type=\"1_2\" specialty_columns=\"2\" _builder_version=\"4.16\" custom_padding=\"|||\" global_colors_info=\"{}\" custom_padding__hover=\"|||\"][et_pb_row_inner _builder_version=\"4.23.4\" _module_preset=\"default\" global_colors_info=\"{}\"][et_pb_column_inner saved_specialty_column_type=\"1_2\" _builder_version=\"4.23.4\" _module_preset=\"default\" global_colors_info=\"{}\"][et_pb_text _builder_version=\"4.23.4\" _module_preset=\"default\" global_colors_info=\"{}\"]<\/p>\n<p><span>A pr\u00e1tica da Kundalini Yoga \u00e9 caracterizada pelo uso de sequ\u00eancias especiais de sons, f\u00f3rmulas sonoras com o poder de acalmar e alterar profundamente a estrutura da mente. Diz-se que todo o universo se originou do som, e os mantras t\u00eam o poder de nos trazer de volta \u00e0 harmonia com essa vibra\u00e7\u00e3o original.<\/span><\/p>\n<p>[\/et_pb_text][et_pb_image src=\"https:\/\/monicaottone.com\/wp-content\/uploads\/2024\/01\/Immagine-WhatsApp-2024-01-19-ore-16.39.46_a1a998fe.jpg\" title_text=\"Immagine WhatsApp 2024-01-19 ore 16.39.46_a1a998fe\" _builder_version=\"4.23.4\" _module_preset=\"default\" global_colors_info=\"{}\"][\/et_pb_image][\/et_pb_column_inner][\/et_pb_row_inner][\/et_pb_column][et_pb_column type=\"1_2\" _builder_version=\"4.16\" custom_padding=\"|||\" global_colors_info=\"{}\" custom_padding__hover=\"|||\"][et_pb_image src=\"https:\/\/monicaottone.com\/wp-content\/uploads\/2024\/01\/Immagine-WhatsApp-2024-01-19-ore-16.39.47_81223511.jpg\" title_text=\"Immagine WhatsApp 2024-01-19 ore 16.39.47_81223511\" _builder_version=\"4.23.4\" _module_preset=\"default\" global_colors_info=\"{}\"][\/et_pb_image][et_pb_text _builder_version=\"4.23.4\" _module_preset=\"default\" global_colors_info=\"{}\"]<\/p>\n<p><span>Os mantras, ou cantos sagrados, desempenham um papel central na Kundalini Yoga. Acredita-se que as vibra\u00e7\u00f5es sonoras dos mantras, entoadas durante a pr\u00e1tica, ressoam com os centros de energia do corpo, contribuindo para a ativa\u00e7\u00e3o da energia Kundalini. A repeti\u00e7\u00e3o de mantras poderosos n\u00e3o s\u00f3 enriquece a experi\u00eancia meditativa, mas tamb\u00e9m serve como uma ferramenta para focar a mente, elevar a consci\u00eancia e aprofundar a consci\u00eancia espiritual.<\/span><\/p>\n<p>[\/et_pb_text][\/et_pb_column][\/et_pb_section][et_pb_section fb_built=\"1\" admin_label=\"Vision Section\" _builder_version=\"4.21.0\" background_color=\"#000000\" use_background_color_gradient=\"on\" background_color_gradient_stops=\"#232220 50%|#ffffff 50%\" background_color_gradient_start=\"#232220\" background_color_gradient_start_position=\"50%\" background_color_gradient_end=\"#ffffff\" background_color_gradient_end_position=\"50%\" custom_padding=\"80px|0px|80px|0px|false|false\" da_disable_devices=\"off|off|off\" locked=\"off\" global_colors_info=\"{}\" da_is_popup=\"off\" da_exit_intent=\"off\" da_has_close=\"on\" da_alt_close=\"off\" da_dark_close=\"off\" da_not_modal=\"on\" da_is_singular=\"off\" da_with_loader=\"off\" da_has_shadow=\"on\"][et_pb_row _builder_version=\"4.24.0\" background_color=\"#4CA3B6\" custom_padding=\"100px|40px|100px|40px|true|false\" animation_style=\"zoom\" animation_intensity_zoom=\"5%\" border_radii=\"on|8px|8px|8px|8px\" box_shadow_style=\"preset3\" box_shadow_vertical=\"110px\" box_shadow_blur=\"80px\" box_shadow_spread=\"-80px\" box_shadow_color=\"rgba(0,0,0,0.12)\" global_colors_info=\"{}\"][et_pb_column type=\"4_4\" _builder_version=\"4.16\" custom_padding=\"|||\" global_colors_info=\"{}\" custom_padding__hover=\"|||\"][et_pb_text _builder_version=\"4.24.0\" text_font=\"Lora||||||||\" text_line_height=\"2em\" link_font=\"||||||||\" ul_font=\"||||||||\" ol_font=\"||||||||\" quote_font=\"||||||||\" header_font=\"||||||||\" header_2_font=\"Lora|700|||||||\" header_2_font_size=\"50px\" header_2_line_height=\"1.5em\" header_5_font=\"Oswald|||on|||||\" header_5_text_color=\"rgba(255,255,255,0.4)\" header_5_font_size=\"20px\" header_5_letter_spacing=\"3px\" header_5_line_height=\"1.7em\" background_color=\"#4CA3B6\" text_orientation=\"center\" background_layout=\"dark\" max_width=\"750px\" module_alignment=\"center\" custom_padding=\"|||\" text_line_height_last_edited=\"off|desktop\" header_2_font_size_tablet=\"\" header_2_font_size_phone=\"36px\" header_2_font_size_last_edited=\"on|desktop\" global_colors_info=\"{}\"]<\/p>\n<h2>PR\u00c1TICA - Presencial e on-line<\/h2>\n<p><strong>EM PRESEN\u00c7A:<\/strong> Participar de uma sess\u00e3o de Kundalini Yoga pessoalmente permite que voc\u00ea experimente a energia coletiva do grupo, guiado por um instrutor experiente. O ambiente de apoio promove um senso de comunidade, e o instrutor fornece ajustes pr\u00e1ticos e orienta\u00e7\u00e3o personalizada.<\/p>\n<p><strong>EM LINHA:<\/strong> Para aqueles que preferem a flexibilidade de praticar a partir do conforto de suas casas, as sess\u00f5es online de Kundalini Yoga oferecem uma op\u00e7\u00e3o conveniente e acess\u00edvel. As sess\u00f5es de v\u00eddeo em tempo real permitem que os profissionais se conectem com o professor individualmente ou com pequenos grupos homog\u00eaneos, transcendendo as fronteiras geogr\u00e1ficas.<\/p>\n<p>[\/et_pb_text][\/et_pb_column][\/et_pb_row][et_pb_row _builder_version=\"4.24.2\" _module_preset=\"default\" global_colors_info=\"{}\" locked=\"off\"][et_pb_column type=\"4_4\" _builder_version=\"4.24.2\" _module_preset=\"default\" global_colors_info=\"{}\"][et_pb_button button_url=\"https:\/\/monicaottone.com\/pt-pt\/lista-de-servicos\/?view=servicesearch&id_service=34\" button_text=\"BOOK KUNDALINI YOGA SESSION\" button_alignment=\"center\" _builder_version=\"4.24.3\" _module_preset=\"88da5b7c-3bac-4430-8296-c10a3f42efbf\" button_text_size=\"19px\" button_text_color=\"#ffffff\" button_bg_color=\"#4CA3B6\" button_border_width=\"0px\" button_icon=\"&#xf073;||fa||900\" button_icon_color=\"#ffffff\" hover_enabled=\"0\" box_shadow_style=\"preset2\" locked=\"off\" global_colors_info=\"{}\" sticky_enabled=\"0\"][\/et_pb_button][\/et_pb_column][\/et_pb_row][\/et_pb_section]<\/p>\n","protected":false},"excerpt":{"rendered":"<p>KUNDALINI YOGABem-vindo ao mundo transformador da Kundalini Yoga, uma pr\u00e1tica poderosa que combina perfeitamente posturas f\u00edsicas, respira\u00e7\u00e3o, medita\u00e7\u00e3o e canto de mantras para despertar e elevar sua energia espiritual. Origin\u00e1ria de antigas tradi\u00e7\u00f5es indianas, a Kundalini Yoga \u00e9 uma abordagem hol\u00edstica ao bem-estar, promovendo o equil\u00edbrio e a harmonia no corpo e na mente.Kundalini \u00e9 [&hellip;]<\/p>\n","protected":false},"author":6,"featured_media":0,"parent":2570,"menu_order":0,"comment_status":"closed","ping_status":"closed","template":"","meta":{"_et_pb_use_builder":"on","_et_pb_old_content":"","_et_gb_content_width":"","footnotes":""},"class_list":["post-2553","page","type-page","status-publish","hentry"],"_links":{"self":[{"href":"https:\/\/monicaottone.com\/pt-pt\/wp-json\/wp\/v2\/pages\/2553","targetHints":{"allow":["GET"]}}],"collection":[{"href":"https:\/\/monicaottone.com\/pt-pt\/wp-json\/wp\/v2\/pages"}],"about":[{"href":"https:\/\/monicaottone.com\/pt-pt\/wp-json\/wp\/v2\/types\/page"}],"author":[{"embeddable":true,"href":"https:\/\/monicaottone.com\/pt-pt\/wp-json\/wp\/v2\/users\/6"}],"replies":[{"embeddable":true,"href":"https:\/\/monicaottone.com\/pt-pt\/wp-json\/wp\/v2\/comments?post=2553"}],"version-history":[{"count":6,"href":"https:\/\/monicaottone.com\/pt-pt\/wp-json\/wp\/v2\/pages\/2553\/revisions"}],"predecessor-version":[{"id":6517,"href":"https:\/\/monicaottone.com\/pt-pt\/wp-json\/wp\/v2\/pages\/2553\/revisions\/6517"}],"up":[{"embeddable":true,"href":"https:\/\/monicaottone.com\/pt-pt\/wp-json\/wp\/v2\/pages\/2570"}],"wp:attachment":[{"href":"https:\/\/monicaottone.com\/pt-pt\/wp-json\/wp\/v2\/media?parent=2553"}],"curies":[{"name":"wp","href":"https:\/\/api.w.org\/{rel}","templated":true}]}}