{"id":6157,"date":"2022-12-14T10:02:07","date_gmt":"2022-12-14T11:02:07","guid":{"rendered":"https:\/\/monicaottone.com\/home\/"},"modified":"2024-04-07T17:45:00","modified_gmt":"2024-04-07T18:45:00","slug":"home","status":"publish","type":"page","link":"https:\/\/monicaottone.com\/pt-pt\/","title":{"rendered":"Home"},"content":{"rendered":"<p>[et_pb_section fb_built=\"1\" admin_label=\"Header\" _builder_version=\"4.24.0\" _module_preset=\"default\" background_color=\"#fff2f2\" custom_padding=\"1em||1em||false|false\" da_disable_devices=\"off|off|off\" global_colors_info=\"{%22gcid-bafd0c31-2a11-4c7d-b3a8-caae4a4218d9%22:%91%22background_color%22%93}\" da_is_popup=\"off\" da_exit_intent=\"off\" da_has_close=\"on\" da_alt_close=\"off\" da_dark_close=\"off\" da_not_modal=\"on\" da_is_singular=\"off\" da_with_loader=\"off\" da_has_shadow=\"on\"][et_pb_row column_structure=\"3_5,2_5\" _builder_version=\"4.24.0\" _module_preset=\"default\" custom_padding=\"11px|||||\" global_colors_info=\"{}\"][et_pb_column type=\"3_5\" _builder_version=\"4.16\" _module_preset=\"default\" global_colors_info=\"{}\"][et_pb_text _builder_version=\"4.24.0\" _module_preset=\"e864d11f-3dab-4fa3-ac06-4f0e1a260807\" header_font=\"||||||||\" header_text_color=\"#15414a\" header_font_size=\"75px\" header_line_height=\"1.1em\" custom_margin=\"||10px||false|false\" header_font_size_tablet=\"40px\" header_font_size_phone=\"24px\" header_font_size_last_edited=\"on|desktop\" locked=\"off\" global_colors_info=\"{}\"]<\/p>\n<h1 style=\"text-align: center;\">MONICA OTTONE<\/h1>\n<h3 style=\"text-align: center;\">Treinadora Hol\u00edstica &amp; Coach - Cabo Verde<\/h3>\n<p>[\/et_pb_text][et_pb_text _builder_version=\"4.24.0\" _module_preset=\"41d5859c-fbaa-458a-88e4-5d886857f235\" text_font=\"Lato||||||||\" text_text_color=\"#15414a\" text_line_height=\"1.8em\" custom_padding=\"2em||||false|false\" text_font_size_tablet=\"16px\" text_font_size_phone=\"14px\" text_font_size_last_edited=\"on|phone\" locked=\"off\" global_colors_info=\"{}\"]<\/p>\n<div class=\"et_pb_module et_pb_text et_pb_text_20 et_pb_text_align_left et_pb_bg_layout_light\">\n<div class=\"et_pb_text_inner\">\n<p><span class=\"fe5nidar khvhiq1o r5qsrrlp i5tg98hk f9ovudaz przvwfww gx1rr48f gfz4du6o r7fjleex nz2484kf svot0ezm dcnh1tix sxl192xd t3g6t33p\"><span class=\"mpj7bzys xzlurrtv\">\u2705FUNDADORA E GESTORA DO HOLISTIC HOLIDAYS CABO VERDE<\/span><\/span><\/p>\n<p><span class=\"fe5nidar khvhiq1o r5qsrrlp i5tg98hk f9ovudaz przvwfww gx1rr48f gfz4du6o r7fjleex nz2484kf svot0ezm dcnh1tix sxl192xd t3g6t33p\"><span class=\"mpj7bzys xzlurrtv\">\u2705<\/span><\/span>TREINADORA DE GYROTONIC EXPANSION SYSTEM\u00ae<\/p>\n<p><span class=\"fe5nidar khvhiq1o r5qsrrlp i5tg98hk f9ovudaz przvwfww gx1rr48f gfz4du6o r7fjleex nz2484kf svot0ezm dcnh1tix sxl192xd t3g6t33p\"><span class=\"mpj7bzys xzlurrtv\">\u2705TERAPISTA CRANIOSACRAL<\/span><\/span><\/p>\n<p><span class=\"fe5nidar khvhiq1o r5qsrrlp i5tg98hk f9ovudaz przvwfww gx1rr48f gfz4du6o r7fjleex nz2484kf svot0ezm dcnh1tix sxl192xd t3g6t33p\"><span class=\"mpj7bzys xzlurrtv\">\u2705PROFESSORA DE MINDFULLNESS<\/span><\/span><\/p>\n<p><span class=\"fe5nidar khvhiq1o r5qsrrlp i5tg98hk f9ovudaz przvwfww gx1rr48f gfz4du6o r7fjleex nz2484kf svot0ezm dcnh1tix sxl192xd t3g6t33p\"><span class=\"mpj7bzys xzlurrtv\">\u2705TREINADORA DE LIFE&amp;HEALTH IPHM<\/span><\/span><\/p>\n<p><span class=\"fe5nidar khvhiq1o r5qsrrlp i5tg98hk f9ovudaz przvwfww gx1rr48f gfz4du6o r7fjleex nz2484kf svot0ezm dcnh1tix sxl192xd t3g6t33p\"><span class=\"mpj7bzys xzlurrtv\">\u2705 PROFESSOR CERTIFICADO USUI REIKI MASTER<br \/><\/span><\/span><\/p>\n<p><span class=\"fe5nidar khvhiq1o r5qsrrlp i5tg98hk f9ovudaz przvwfww gx1rr48f gfz4du6o r7fjleex nz2484kf svot0ezm dcnh1tix sxl192xd t3g6t33p\"><span class=\"mpj7bzys xzlurrtv\">\u2705 L\u00cdDER DE KUNDALINI YOGA E <\/span><\/span><span style=\"font-size: 18px;\">YOGA DO RISO<\/span><\/p>\n<\/div>\n<\/div>\n<p>[\/et_pb_text][\/et_pb_column][et_pb_column type=\"2_5\" _builder_version=\"4.16\" _module_preset=\"default\" global_colors_info=\"{}\"][et_pb_video src=\"https:\/\/www.youtube.com\/watch?v=N-2_zECWppo\" _builder_version=\"4.24.2\" _module_preset=\"default\" module_alignment=\"center\" custom_padding=\"8em||||false|false\" global_colors_info=\"{}\"][\/et_pb_video][\/et_pb_column][\/et_pb_row][\/et_pb_section][et_pb_section fb_built=\"1\" disabled_on=\"on|on|off\" _builder_version=\"4.24.0\" background_color=\"#4CA3B6\" custom_padding=\"0px||2em||false|false\" da_disable_devices=\"off|off|off\" global_colors_info=\"{}\" da_is_popup=\"off\" da_exit_intent=\"off\" da_has_close=\"on\" da_alt_close=\"off\" da_dark_close=\"off\" da_not_modal=\"on\" da_is_singular=\"off\" da_with_loader=\"off\" da_has_shadow=\"on\"][et_pb_row _builder_version=\"4.24.0\" _module_preset=\"default\" global_colors_info=\"{}\"][et_pb_column type=\"4_4\" _builder_version=\"4.24.0\" _module_preset=\"default\" global_colors_info=\"{}\"][et_pb_text _builder_version=\"4.24.0\" _module_preset=\"default\" text_font=\"|700|||||||\" text_letter_spacing=\"5px\" background_layout=\"dark\" text_font_size_tablet=\"\" text_font_size_phone=\"\" text_font_size_last_edited=\"on|tablet\" text_text_shadow_style=\"preset1\" global_colors_info=\"{}\"]<\/p>\n<p style=\"text-align: center;\">Escolha como come\u00e7ar a sua Jornada de Bem-Estar<\/p>\n<p>[\/et_pb_text][\/et_pb_column][\/et_pb_row][et_pb_row column_structure=\"1_3,1_3,1_3\" use_custom_gutter=\"on\" gutter_width=\"4\" _builder_version=\"4.24.0\" _module_preset=\"default\" global_colors_info=\"{}\"][et_pb_column type=\"1_3\" _builder_version=\"4.19.3\" _module_preset=\"default\" global_colors_info=\"{}\"][et_pb_text _builder_version=\"4.24.0\" _dynamic_attributes=\"link_option_url\" _module_preset=\"default\" text_font=\"Amsterdam Two||||||||\" text_text_color=\"#ffffff\" text_letter_spacing=\"3px\" background_color=\"#397d8c\" text_orientation=\"center\" background_layout=\"dark\" link_option_url=\"@ET-DC@eyJkeW5hbWljIjp0cnVlLCJjb250ZW50IjoicG9zdF9saW5rX3VybF9wYWdlIiwic2V0dGluZ3MiOnsicG9zdF9pZCI6IjU2NjMiLCJlbmFibGVfaHRtbCI6Im9mZiJ9fQ==@\" link_option_url_new_window=\"on\" text_text_shadow_style=\"preset1\" global_colors_info=\"{}\"]<\/p>\n<p>Online<\/p>\n<p>[\/et_pb_text][\/et_pb_column][et_pb_column type=\"1_3\" _builder_version=\"4.19.3\" _module_preset=\"default\" global_colors_info=\"{}\"][et_pb_text _builder_version=\"4.24.0\" _dynamic_attributes=\"link_option_url\" _module_preset=\"default\" text_font=\"Amsterdam Two||||||||\" text_text_color=\"#ffffff\" text_letter_spacing=\"3px\" background_color=\"#397d8c\" text_orientation=\"center\" background_layout=\"dark\" link_option_url=\"@ET-DC@eyJkeW5hbWljIjp0cnVlLCJjb250ZW50IjoicG9zdF9saW5rX3VybF9wYWdlIiwic2V0dGluZ3MiOnsicG9zdF9pZCI6IjkxMCIsImVuYWJsZV9odG1sIjoib2ZmIn19@\" text_text_shadow_style=\"preset1\" global_colors_info=\"{}\"]<\/p>\n<p>Em Presen\u00e7a<br \/><strong><\/strong><\/p>\n<p>[\/et_pb_text][\/et_pb_column][et_pb_column type=\"1_3\" _builder_version=\"4.19.3\" _module_preset=\"default\" global_colors_info=\"{}\"][et_pb_text _builder_version=\"4.24.0\" _module_preset=\"default\" text_font=\"Amsterdam Two||||||||\" text_text_color=\"#ffffff\" text_letter_spacing=\"3px\" background_color=\"#397d8c\" text_orientation=\"center\" background_layout=\"dark\" text_text_shadow_style=\"preset1\" global_colors_info=\"{}\"]<\/p>\n<p>Em Tour<\/p>\n<p>[\/et_pb_text][\/et_pb_column][\/et_pb_row][\/et_pb_section][et_pb_section fb_built=\"1\" admin_label=\"About Us\" _builder_version=\"4.19.3\" _module_preset=\"default\" background_enable_color=\"off\" custom_padding=\"0px||2px|||\" da_disable_devices=\"off|off|off\" global_colors_info=\"{%22gcid-bafd0c31-2a11-4c7d-b3a8-caae4a4218d9%22:%91%22background_color%22%93}\" da_is_popup=\"off\" da_exit_intent=\"off\" da_has_close=\"on\" da_alt_close=\"off\" da_dark_close=\"off\" da_not_modal=\"on\" da_is_singular=\"off\" da_with_loader=\"off\" da_has_shadow=\"on\"][et_pb_row column_structure=\"1_2,1_2\" _builder_version=\"4.19.3\" _module_preset=\"default\" global_colors_info=\"{}\"][et_pb_column type=\"1_2\" _builder_version=\"4.24.2\" _module_preset=\"default\" global_colors_info=\"{}\"][et_pb_image src=\"https:\/\/monicaottone.com\/wp-content\/uploads\/2024\/01\/2-1.jpg\" title_text=\"2\" show_in_lightbox=\"on\" show_bottom_space=\"off\" _builder_version=\"4.24.2\" _module_preset=\"default\" transform_scale=\"85%|85%\" global_colors_info=\"{}\"][\/et_pb_image][et_pb_image src=\"https:\/\/monicaottone.com\/wp-content\/uploads\/2023\/10\/DSC8715RID-scaled.jpg\" title_text=\"_DSC8715RID\" show_in_lightbox=\"on\" show_bottom_space=\"off\" _builder_version=\"4.24.0\" _module_preset=\"default\" transform_scale=\"85%|85%\" custom_padding=\"0px||0px|||\" global_colors_info=\"{}\"][\/et_pb_image][et_pb_image src=\"https:\/\/monicaottone.com\/wp-content\/uploads\/2023\/09\/Immagine-WhatsApp-2023-09-27-ore-14.56.22-2.jpg\" title_text=\"Immagine WhatsApp 2023-09-27 ore 14.56.22\" show_in_lightbox=\"on\" show_bottom_space=\"off\" _builder_version=\"4.24.0\" _module_preset=\"default\" transform_scale=\"85%|85%\" global_colors_info=\"{}\"][\/et_pb_image][et_pb_text _builder_version=\"4.24.2\" _module_preset=\"default\" text_font=\"Inter||||||||\" text_text_color=\"#15414a\" text_font_size=\"16px\" text_line_height=\"1.8em\" link_text_color=\"#FF5D67\" custom_margin=\"||-1px|||\" text_font_size_tablet=\"15px\" text_font_size_phone=\"14px\" text_font_size_last_edited=\"on|phone\" global_colors_info=\"{}\"]<\/p>\n<p>Em 2022 M\u00f3nica muda-se para Cabo Verde para oferecer toda uma experi\u00eancia de bem-estar aos turistas enquanto continua a trabalhar online como coach oferecendo o seu m\u00e9todo exclusivo CAM Bio, que integra Corpo, Alma e Mente num caminho de transforma\u00e7\u00e3o rumo ao bem-estar psicof\u00edsico global.<\/p>\n<p>[\/et_pb_text][\/et_pb_column][et_pb_column type=\"1_2\" _builder_version=\"4.19.3\" _module_preset=\"default\" global_colors_info=\"{}\"][et_pb_text _builder_version=\"4.21.0\" _module_preset=\"df96b77a-cd4f-44a8-a771-2d6347592b53\" header_2_font=\"Times New Roman||||||||\" header_2_text_color=\"#15414a\" header_2_font_size=\"55px\" header_2_line_height=\"1.1em\" custom_margin=\"||27px||false|false\" custom_padding=\"||0px|||\" header_2_font_size_tablet=\"32px\" header_2_font_size_phone=\"20px\" header_2_font_size_last_edited=\"on|desktop\" locked=\"off\" global_colors_info=\"{}\"]<\/p>\n<h2 style=\"text-align: center;\">  A HIST\u00d3RIA DE M\u00d4NICA<\/h2>\n<p>[\/et_pb_text][et_pb_text _builder_version=\"4.24.0\" _module_preset=\"5ff55506-da7d-4dd7-b409-9d62c7203201\" text_font=\"Inter||||||||\" text_text_color=\"#15414a\" text_font_size=\"16px\" text_line_height=\"1.8em\" link_text_color=\"#FF5D67\" custom_margin=\"||-1px|||\" text_font_size_tablet=\"15px\" text_font_size_phone=\"14px\" text_font_size_last_edited=\"on|phone\" header_font_size_tablet=\"55px\" header_font_size_last_edited=\"off|desktop\" locked=\"off\" global_colors_info=\"{}\"]<\/p>\n<p style=\"text-align: justify;\">Durante muitos anos, gerente de vendas na \u00e1rea m\u00e9dica e farmac\u00eautica multinacional, Monica se aproximou da Gyrotonic\u00ae em 2017 como cliente da Gyrotonic\u00ae Eur em Roma, iniciando assim seu caminho para recuperar a forma e o bem-estar psicof\u00edsico. Uma licenciatura em qu\u00edmica e o conhecimento profissional da medicina alop\u00e1tica s\u00e3o a base para aprofundar com o m\u00e9todo cient\u00edfico tanto o treino f\u00edsico como as abordagens terap\u00eauticas de auto-cura.<\/p>\n<p style=\"text-align: justify;\">Sob a orienta\u00e7\u00e3o dos experientes e generosos instrutores Jennifer e Marco, treinando com alguns dos melhores Master Trainers da It\u00e1lia, em 2020 Monica se certifica como treinadora de Gyrotonic\u00ae N\u00edvel 1, especializando-se ent\u00e3o com programas terap\u00eauticos espec\u00edficos do Sistema\u00ae de Expans\u00e3o Gyrot\u00f4nica.<\/p>\n<p style=\"text-align: justify;\">Mais tarde, cada vez mais motivada para transmitir aos outros os benef\u00edcios transformacionais do m\u00e9todo, em 2022 desafia-se novamente, adquirindo mais uma certifica\u00e7\u00e3o como formadora de Girocinese\u00ae.<br \/>A pesquisa pessoal de Monica tamb\u00e9m a leva a conhecer a terapia craniossacral, t\u00e9cnica n\u00e3o manipulativa de deriva\u00e7\u00e3o osteop\u00e1tica, que atua no sistema \u00f3sseo, f\u00e1scia e articula\u00e7\u00f5es auscultando e facilitando o ritmo respirat\u00f3rio prim\u00e1rio do sistema craniossacral. Ap\u00f3s a forma\u00e7\u00e3o no Upledger Institute, em It\u00e1lia, come\u00e7a a aplicar a t\u00e9cnica em sinergia com o m\u00e9todo Gyrotonic\u00ae para facilitar e melhorar o bem-estar psicof\u00edsico dos seus clientes.<\/p>\n<p style=\"text-align: justify;\">O crescimento pessoal de Monica ent\u00e3o a v\u00ea se tornar Treinadora de Mindfullness, instrutora de Yoga de Riso e Kundalini, mestre de Reiki Usui como um complemento ao seu treinamento impar\u00e1vel e pr\u00e1tica como profissional hol\u00edstica e Life &amp; Health Coach.<\/p>\n<p>[\/et_pb_text][et_pb_image src=\"https:\/\/monicaottone.com\/wp-content\/uploads\/2023\/09\/Immagine-WhatsApp-2023-09-27-ore-16.54.40.jpg\" title_text=\"Immagine WhatsApp 2023-09-27 ore 14.56.22\" show_in_lightbox=\"on\" show_bottom_space=\"off\" _builder_version=\"4.24.0\" _module_preset=\"default\" transform_scale=\"85%|85%\" global_colors_info=\"{}\"][\/et_pb_image][\/et_pb_column][\/et_pb_row][et_pb_row _builder_version=\"4.21.0\" _module_preset=\"default\" global_colors_info=\"{}\"][et_pb_column type=\"4_4\" _builder_version=\"4.21.0\" _module_preset=\"default\" global_colors_info=\"{}\"][et_pb_toggle title=\"CURRICULUM VITAE\" _builder_version=\"4.21.0\" _module_preset=\"default\" title_level=\"h2\" title_font=\"Inter||||||||\" text_orientation=\"center\" border_radii=\"on|5px|5px|5px|5px\" border_width_all=\"3px\" border_color_all=\"#4ca3b6\" global_colors_info=\"{}\" text_font_size_tablet=\"15px\" text_font_size_phone=\"14px\" text_font_size_last_edited=\"on|phone\"]<\/p>\n<p>MESTRADO EM QU\u00cdMICA - UNIVERSIDADE DE TURIM<\/p>\n<p>PR\u00c9-TREINO GYROTONIC N\u00cdVEL I &gt; MARCO METOLDO<br \/>FUNDA\u00c7\u00c3O GYROTONIC N\u00cdVEL I &gt; EMANUELA LATTANZI<br \/>CERTIFICA\u00c7\u00c3O &gt; FINAL GYROTONIC PIETRO GAGLIARDI<br \/>GIROCINESE PR\u00c9-TREINO N\u00cdVEL I &gt; MARCO METOLDO<br \/>FUNDA\u00c7\u00c3O GIROCINESE N\u00cdVEL 1 &gt; MARIKA VANNUZZI<br \/>GYROKINESIS CERTIFICA\u00c7\u00c3O &gt; FINAL SILVIA FROSALI<br \/>GYROTONIC LEU \u2013 UNIDADE &gt; DE EXTENS\u00c3O DE PERNA MARIKA VANNUZZI<\/p>\n<p>APLICA\u00c7\u00d5ES TERAP\u00caUTICAS GYROTONIC PARA CINTURA P\u00c9LVICA &gt; UWE HERBSTREIT<br \/>APLICA\u00c7\u00d5ES TERAP\u00caUTICAS GYROTONIC PARA CINTURA &gt; ESCAPULAR UWE HERBSTREIT<br \/>PRINC\u00cdPIOS GIROT\u00d3NICOS NO CONTEXTO DA OSTEOFACIA &gt; SILVIA FROSALI<\/p>\n<p>MASSAGEM &gt; GERAL FAUSTA OLIVIERI ADHARA<\/p>\n<p>CST1 \u2013 TERAPIA SACRAL CRANIANA N\u00cdVEL 1 &gt; PATRICIA QUIRINI UPLEDGER INSTITUTE INTERNATIONAL<br \/>CST2 \u2013 TERAPIA SACRAL CRANIO, N\u00cdVEL 2 &gt; , PATRICIA QUIRINI, UPLEDGER INSTITUTE INTERNATIONAL<br \/>SER 1 \u2013 SOMATO EMOCIONAL RELEASE&gt; PATRICIA QUIRINI UPLEDGER INSTITUTE INTERNATIONAL<br \/>CRN 1+2 \u2013 CST E RIMEDI NATUROPATICI &gt; DEVID CARESSA UPLEDGER INSTITUTE INTERNACIONAL<\/p>\n<p>LIFE COACH EM CI\u00caNCIAS NATUROP\u00c1TICAS E HOL\u00cdSTICAS PARA A SA\u00daDE - ESCOLA ITALIANA DE CI\u00caNCIAS DO BEM-ESTAR<br \/>COACH DE VIDA HOL\u00cdSTICA - THE VISION ACADEMY - OMBRETTA FONTANINI<\/p>\n<p>PROFISSIONAIS AVAN\u00c7ADOS MINDFULLNESS - MINDFULLNESS<br \/>L\u00cdDER CERTIFICADO DE YOGA DO RISO - LAUGHTER YOGA INTERNATIONAL UNIVERSITY - SUCKVINDER SINGH<br \/>USUI REIKI MASTER TEACHER - ASSOCIA\u00c7\u00c3O DE CURA DE REIKI - GARY E ADELE MALONE<\/p>\n<p>[\/et_pb_toggle][\/et_pb_column][\/et_pb_row][\/et_pb_section][et_pb_section fb_built=\"1\" admin_label=\"Section\" _builder_version=\"4.24.0\" _module_preset=\"default\" use_background_color_gradient=\"on\" background_color_gradient_stops=\"rgba(255,255,255,0) 0%|#4ca3b6 100%\" custom_padding=\"15px||33px|||\" da_disable_devices=\"off|off|off\" global_colors_info=\"{}\" da_is_popup=\"off\" da_exit_intent=\"off\" da_has_close=\"on\" da_alt_close=\"off\" da_dark_close=\"off\" da_not_modal=\"on\" da_is_singular=\"off\" da_with_loader=\"off\" da_has_shadow=\"on\"][et_pb_row _builder_version=\"4.23.4\" _module_preset=\"default\" min_height=\"284.6px\" custom_padding=\"||17px|||\" global_colors_info=\"{}\"][et_pb_column type=\"4_4\" _builder_version=\"4.19.3\" _module_preset=\"default\" global_colors_info=\"{}\"][et_pb_cta title=\"\ud83d\udd25 DESCUBRA O QUE FA\u00c7O EM CABO VERDE\ud83d\udd25\" button_url=\"@ET-DC@eyJkeW5hbWljIjp0cnVlLCJjb250ZW50IjoicG9zdF9saW5rX3VybF9wYWdlIiwic2V0dGluZ3MiOnsicG9zdF9pZCI6IjkxMCIsImVuYWJsZV9odG1sIjoib2ZmIn19@\" button_text=\"ENTRE EM CONTACTO\" admin_label=\"Call-To-Action\" _builder_version=\"4.24.2\" _dynamic_attributes=\"button_url\" _module_preset=\"default\" header_font=\"|700|||||||\" header_text_color=\"#4ca3b6\" header_font_size=\"33px\" header_letter_spacing=\"3px\" body_font=\"|600|||||||\" body_text_color=\"#000000\" background_enable_color=\"off\" custom_button=\"on\" button_text_size=\"22px\" button_text_color=\"#ffffff\" button_bg_color=\"#4CA3B6\" button_border_width=\"3px\" button_border_color=\"#4CA3B6\" button_icon=\"&#xe031;||divi||400\" button_alignment=\"center\" custom_margin=\"||9px|||\" text_shadow_style=\"preset1\" global_colors_info=\"{}\"][\/et_pb_cta][\/et_pb_column][\/et_pb_row][\/et_pb_section]<\/p>\n","protected":false},"excerpt":{"rendered":"<p>MONICA OTTONE Treinadora Hol\u00edstica &amp; Coach - Cabo Verde \u2705FUNDADORA E GESTORA DO HOLISTIC HOLIDAYS CABO VERDE \u2705TREINADORA DE GYROTONIC EXPANSION SYSTEM\u00ae \u2705TERAPISTA CRANIOSACRAL \u2705PROFESSORA DE MINDFULLNESS \u2705TREINADORA DE LIFE&amp;HEALTH IPHM \u2705 PROFESSOR CERTIFICADO USUI REIKI MASTER \u2705 L\u00cdDER DE KUNDALINI YOGA E YOGA DO RISO Escolha como come\u00e7ar a sua Jornada de Bem-EstarOnlineEm Presen\u00e7aEm [&hellip;]<\/p>\n","protected":false},"author":1,"featured_media":0,"parent":0,"menu_order":1,"comment_status":"closed","ping_status":"closed","template":"","meta":{"_et_pb_use_builder":"on","_et_pb_old_content":"","_et_gb_content_width":"","footnotes":""},"class_list":["post-6157","page","type-page","status-publish","hentry"],"_links":{"self":[{"href":"https:\/\/monicaottone.com\/pt-pt\/wp-json\/wp\/v2\/pages\/6157","targetHints":{"allow":["GET"]}}],"collection":[{"href":"https:\/\/monicaottone.com\/pt-pt\/wp-json\/wp\/v2\/pages"}],"about":[{"href":"https:\/\/monicaottone.com\/pt-pt\/wp-json\/wp\/v2\/types\/page"}],"author":[{"embeddable":true,"href":"https:\/\/monicaottone.com\/pt-pt\/wp-json\/wp\/v2\/users\/1"}],"replies":[{"embeddable":true,"href":"https:\/\/monicaottone.com\/pt-pt\/wp-json\/wp\/v2\/comments?post=6157"}],"version-history":[{"count":3,"href":"https:\/\/monicaottone.com\/pt-pt\/wp-json\/wp\/v2\/pages\/6157\/revisions"}],"predecessor-version":[{"id":6521,"href":"https:\/\/monicaottone.com\/pt-pt\/wp-json\/wp\/v2\/pages\/6157\/revisions\/6521"}],"wp:attachment":[{"href":"https:\/\/monicaottone.com\/pt-pt\/wp-json\/wp\/v2\/media?parent=6157"}],"curies":[{"name":"wp","href":"https:\/\/api.w.org\/{rel}","templated":true}]}}