{"id":6203,"date":"2024-01-19T15:27:54","date_gmt":"2024-01-19T16:27:54","guid":{"rendered":"https:\/\/monicaottone.com\/consultancies\/"},"modified":"2024-04-06T09:49:00","modified_gmt":"2024-04-06T10:49:00","slug":"consultancies","status":"publish","type":"page","link":"https:\/\/monicaottone.com\/pt-pt\/consultancies\/","title":{"rendered":"CONSULT\u00d3RIA"},"content":{"rendered":"<p>[et_pb_section fb_built=\"1\" disabled_on=\"off|off|off\" admin_label=\"NATUROPATHIC CONSULTANCY IN AYURVEDA\" module_id=\"nutrition\" _builder_version=\"4.24.2\" _module_preset=\"default\" background_enable_image=\"off\" custom_margin=\"||||false|false\" custom_padding=\"0px||19px||false|false\" bottom_divider_style=\"ramp2\" bottom_divider_color=\"#4CA3B6\" da_disable_devices=\"off|off|off\" locked=\"off\" collapsed=\"on\" global_colors_info=\"{}\" da_is_popup=\"off\" da_exit_intent=\"off\" da_has_close=\"on\" da_alt_close=\"off\" da_dark_close=\"off\" da_not_modal=\"on\" da_is_singular=\"off\" da_with_loader=\"off\" da_has_shadow=\"on\"][et_pb_row _builder_version=\"4.22.0\" _module_preset=\"default\" max_width=\"800px\" collapsed=\"off\" global_colors_info=\"{}\"][et_pb_column type=\"4_4\" _builder_version=\"4.22.0\" _module_preset=\"default\" global_colors_info=\"{}\"][et_pb_text _builder_version=\"4.24.0\" _module_preset=\"808cd1c1-4ffe-40e5-9eb9-988fbf5b0710\" text_text_color=\"#000000\" header_text_color=\"#000000\" header_2_text_color=\"#000000\" text_orientation=\"center\" custom_margin=\"||10px||false|false\" global_colors_info=\"{}\"]<\/p>\n<h2>CONSULTORIA NATUROP\u00c1TICA DE LIFESTYLE<\/h2>\n<p>[\/et_pb_text][et_pb_text _builder_version=\"4.24.0\" _module_preset=\"28fd5b14-b6f8-4fa6-a1fe-4f6121a20447\" text_text_color=\"#000000\" text_orientation=\"center\" width=\"100%\" global_colors_info=\"{}\"]<\/p>\n<h3 style=\"text-align: center;\">A F\u00d3RMULA 1,2,3 EXCLUSIVA E EFICAZ PARA SI<\/h3>\n<p>[\/et_pb_text][et_pb_image src=\"https:\/\/monicaottone.com\/wp-content\/uploads\/2024\/01\/8a.jpg\" title_text=\"8a\" force_fullwidth=\"on\" _builder_version=\"4.24.2\" _module_preset=\"default\" border_radii=\"on|19px|19px|19px|19px\" border_width_all=\"11px\" border_color_all=\"#4CA3B6\" global_colors_info=\"{}\"][\/et_pb_image][\/et_pb_column][\/et_pb_row][et_pb_row _builder_version=\"4.21.0\" _module_preset=\"default\" custom_padding=\"||3px|||\" global_colors_info=\"{}\"][et_pb_column type=\"4_4\" _builder_version=\"4.21.0\" _module_preset=\"default\" global_colors_info=\"{}\"][et_pb_text _builder_version=\"4.24.2\" _module_preset=\"default\" global_colors_info=\"{}\"]<\/p>\n<p>ESTE \u00c9 PARA VOC\u00ca SE VOC\u00ca AINDA QUER PERDER 10Kg PARA SEMPRE, SE VOC\u00ca AINDA EST\u00c1 LUTANDO COM ESSE REFLUXO APESAR DAS P\u00cdLULAS, SE VOC\u00ca N\u00c3O PODE DORMIR PELO MENOS 6 HORAS POR NOITE....... E TUDO DEPOIS DE ANOS DE TENTATIVAS <img decoding=\"async\" src=\"https:\/\/monicaottone.com\/wp-content\/themes\/Divi\/includes\/builder\/frontend-builder\/assets\/vendors\/plugins\/emoticons\/img\/smiley-frown.gif\" alt=\"franzir a testa\" \/><\/p>\n<p>EU SEI COMO VOC\u00ca PODE SE SENTIR PORQUE EU ESTOU NESSA CONDI\u00c7\u00c3O H\u00c1 ANOS. AT\u00c9 QUE FINALMENTE PAREI PARA PROCURAR AJUDA APENAS DE FORA <img decoding=\"async\" src=\"https:\/\/monicaottone.com\/wp-content\/themes\/Divi\/includes\/builder\/frontend-builder\/assets\/vendors\/plugins\/emoticons\/img\/smiley-undecided.gif\" alt=\"indecisos\" \/> E COMECEI A BUSCAR ATIVAMENTE A SOLU\u00c7\u00c3O SOZINHO<\/p>\n<p>A DIETA PERFEITA PELO NUTRICIONISTA, O TREINAMENTO PESSOAL FINAL, A \u00daLTIMA DROGA SINTOM\u00c1TICA N\u00c3O PODE FUNCIONAR 100% SEM ............................................. VOC\u00ca!<\/p>\n<p>[\/et_pb_text][et_pb_text _builder_version=\"4.24.0\" _module_preset=\"default\" custom_padding=\"||10px|||\" global_colors_info=\"{}\"][\/et_pb_text][\/et_pb_column][\/et_pb_row][\/et_pb_section][et_pb_section fb_built=\"1\" disabled_on=\"off|off|off\" admin_label=\"AYURVEDIC CONSULTATION FOR WOMEN AND PRACTICAL DEEPENING PROGRAM\" module_id=\"women\" _builder_version=\"4.24.2\" _module_preset=\"default\" background_color=\"#4CA3B6\" background_enable_image=\"off\" min_height=\"291.2px\" overflow-x=\"hidden\" overflow-y=\"hidden\" custom_padding=\"4px||3px|||\" top_divider_style=\"none\" top_divider_color=\"#4CA3B6\" bottom_divider_style=\"arrow3\" bottom_divider_color=\"#4CA3B6\" da_disable_devices=\"off|off|off\" locked=\"off\" collapsed=\"on\" global_colors_info=\"{}\" da_is_popup=\"off\" da_exit_intent=\"off\" da_has_close=\"on\" da_alt_close=\"off\" da_dark_close=\"off\" da_not_modal=\"on\" da_is_singular=\"off\" da_with_loader=\"off\" da_has_shadow=\"on\"][et_pb_row column_structure=\"1_3,2_3\" _builder_version=\"4.21.0\" _module_preset=\"default\" width=\"91.7%\" global_colors_info=\"{}\"][et_pb_column type=\"1_3\" _builder_version=\"4.21.0\" _module_preset=\"default\" global_colors_info=\"{}\"][et_pb_text _builder_version=\"4.24.2\" _module_preset=\"28fd5b14-b6f8-4fa6-a1fe-4f6121a20447\" background_layout=\"dark\" custom_margin=\"26px|||||\" hover_enabled=\"0\" global_colors_info=\"{}\" sticky_enabled=\"0\"]<\/p>\n<p style=\"text-align: center;\">A f\u00f3rmula de 1,2,3 passos \u00e9 uma f\u00f3rmula de curto prazo, efetivamente n\u00edtida e consistentemente projetada para ajud\u00e1-LO a alcan\u00e7ar e manter seus objetivos de estilo de vida.<\/p>\n<p style=\"text-align: right;\">[\/et_pb_text][\/et_pb_column][et_pb_column type=\"2_3\" _builder_version=\"4.21.0\" _module_preset=\"default\" global_colors_info=\"{}\"][et_pb_image src=\"https:\/\/monicaottone.com\/wp-content\/uploads\/2024\/02\/123.jpg\" title_text=\"1,2,3\" show_bottom_space=\"off\" align=\"center\" _builder_version=\"4.24.2\" _module_preset=\"default\" module_alignment=\"center\" border_radii=\"on|19px|19px|19px|19px\" border_width_all=\"11px\" border_color_all=\"#4CA3B6\" global_colors_info=\"{}\"][\/et_pb_image][\/et_pb_column][\/et_pb_row][et_pb_row column_structure=\"2_5,3_5\" _builder_version=\"4.21.0\" _module_preset=\"default\" width=\"91.7%\" global_colors_info=\"{}\"][et_pb_column type=\"2_5\" _builder_version=\"4.24.2\" _module_preset=\"default\" global_colors_info=\"{}\"][et_pb_image src=\"https:\/\/monicaottone.com\/wp-content\/uploads\/2024\/02\/siamo-quello-che-mangiamo.jpg\" title_text=\"siamo quello che mangiamo\" align=\"center\" _builder_version=\"4.24.2\" _module_preset=\"default\" module_alignment=\"center\" border_radii=\"on|19px|19px|19px|19px\" border_width_all=\"11px\" border_color_all=\"#4CA3B6\" global_colors_info=\"{}\"][\/et_pb_image][\/et_pb_column][et_pb_column type=\"3_5\" _builder_version=\"4.21.0\" _module_preset=\"default\" global_colors_info=\"{}\"][et_pb_text _builder_version=\"4.24.3\" _module_preset=\"default\" background_layout=\"dark\" custom_padding=\"2px|||||\" hover_enabled=\"0\" global_colors_info=\"{}\" sticky_enabled=\"0\"]<\/p>\n<p style=\"text-align: center;\">\u00c9 uma abordagem naturop\u00e1tica porque envolve os 3 fatores b\u00e1sicos ligados \u00e0 nossa natureza que impulsionam e impactam o nosso bem-estar:<\/p>\n<ul>\n<li style=\"text-align: left;\">alimenta\u00e7\u00e3o<\/li>\n<li style=\"text-align: left;\">\u00c1gua<\/li>\n<li style=\"text-align: left;\">exerc\u00edcio<\/li>\n<\/ul>\n<p>[\/et_pb_text][\/et_pb_column][\/et_pb_row][et_pb_row column_structure=\"1_3,1_3,1_3\" _builder_version=\"4.24.0\" _module_preset=\"default\" global_colors_info=\"{}\"][et_pb_column type=\"1_3\" _builder_version=\"4.24.0\" _module_preset=\"default\" global_colors_info=\"{}\"][et_pb_text _builder_version=\"4.24.2\" _module_preset=\"default\" background_layout=\"dark\" global_colors_info=\"{}\"]<\/p>\n<p style=\"text-align: center;\">1,2,3 porque se estrutura em 3 etapas de interven\u00e7\u00e3o: defini\u00e7\u00e3o de metas, defini\u00e7\u00e3o e execu\u00e7\u00e3o de planos de a\u00e7\u00e3o, acompanhamento e manuten\u00e7\u00e3o<\/p>\n<p>[\/et_pb_text][et_pb_image src=\"https:\/\/monicaottone.com\/wp-content\/uploads\/2024\/02\/ENERGY.jpg\" title_text=\"ENERGY\" align=\"center\" _builder_version=\"4.24.3\" _module_preset=\"default\" hover_enabled=\"0\" global_colors_info=\"{}\" border_radii=\"on|13px|13px|13px|13px\" sticky_enabled=\"0\"][\/et_pb_image][et_pb_image src=\"https:\/\/monicaottone.com\/wp-content\/uploads\/2024\/02\/DSC02538-scaled.jpg\" title_text=\"DSC02538\" _builder_version=\"4.24.0\" _module_preset=\"default\" global_colors_info=\"{}\" align=\"center\" border_radii=\"on|13px|13px|13px|13px\"][\/et_pb_image][et_pb_image src=\"https:\/\/monicaottone.com\/wp-content\/uploads\/2024\/02\/Immagine-WhatsApp-2024-02-25-ore-15.11.03_1af69391.jpg\" title_text=\"Immagine WhatsApp 2024-02-25 ore 15.11.03_1af69391\" _builder_version=\"4.24.0\" _module_preset=\"default\" global_colors_info=\"{}\" align=\"center\" border_radii=\"on|13px|13px|13px|13px\"][\/et_pb_image][\/et_pb_column][et_pb_column type=\"1_3\" _builder_version=\"4.24.0\" _module_preset=\"default\" global_colors_info=\"{}\"][et_pb_text _builder_version=\"4.24.0\" _module_preset=\"default\" background_layout=\"dark\" global_colors_info=\"{}\"]<\/p>\n<p>1,2,3 porque se baseia em 3 \u00e1reas principais de interven\u00e7\u00e3o: nutri\u00e7\u00e3o, hidrata\u00e7\u00e3o e gest\u00e3o energ\u00e9tica<\/p>\n<p>[\/et_pb_text][et_pb_image src=\"https:\/\/monicaottone.com\/wp-content\/uploads\/2024\/02\/NUTRITION.jpg\" title_text=\"NUTRITION\" _builder_version=\"4.24.0\" _module_preset=\"default\" global_colors_info=\"{}\" align=\"center\" border_radii=\"on|13px|13px|13px|13px\"][\/et_pb_image][et_pb_image src=\"https:\/\/monicaottone.com\/wp-content\/uploads\/2024\/02\/cocco.jpg\" title_text=\"cocco\" _builder_version=\"4.24.0\" _module_preset=\"default\" global_colors_info=\"{}\" align=\"center\" border_radii=\"on|13px|13px|13px|13px\"][\/et_pb_image][\/et_pb_column][et_pb_column type=\"1_3\" _builder_version=\"4.24.0\" _module_preset=\"default\" global_colors_info=\"{}\"][et_pb_text _builder_version=\"4.24.2\" _module_preset=\"default\" background_layout=\"dark\" global_colors_info=\"{}\"]<\/p>\n<p style=\"text-align: center;\"><strong>1,2,3<\/strong> porque \u00e9 entregue em 3 sess\u00f5es, 1,5 hora cada presencial ou em linha: SIMPLES COMO BEBER UM COPO DE \u00c1GUA!<\/p>\n<p>[\/et_pb_text][et_pb_image src=\"https:\/\/monicaottone.com\/wp-content\/uploads\/2024\/02\/CARAFFA.jpg\" title_text=\"CARAFFA\" align=\"center\" _builder_version=\"4.24.0\" _module_preset=\"default\" global_colors_info=\"{}\" border_radii=\"on|13px|13px|13px|13px\"][\/et_pb_image][et_pb_image src=\"https:\/\/monicaottone.com\/wp-content\/uploads\/2024\/02\/mercato.jpg\" title_text=\"mercato\" _builder_version=\"4.24.0\" _module_preset=\"default\" global_colors_info=\"{}\" align=\"center\" border_radii=\"on|13px|13px|13px|13px\"][\/et_pb_image][\/et_pb_column][\/et_pb_row][\/et_pb_section][et_pb_section fb_built=\"1\" prev_background_color=\"#4CA3B6\" _builder_version=\"4.24.0\" _module_preset=\"default\" custom_padding=\"0px||15px||false|false\" top_divider_style=\"slant2\" da_disable_devices=\"off|off|off\" global_colors_info=\"{}\" da_is_popup=\"off\" da_exit_intent=\"off\" da_has_close=\"on\" da_alt_close=\"off\" da_dark_close=\"off\" da_not_modal=\"on\" da_is_singular=\"off\" da_with_loader=\"off\" da_has_shadow=\"on\"][et_pb_row _builder_version=\"4.24.2\" _module_preset=\"default\" custom_padding=\"62px|||||\" global_colors_info=\"{}\"][et_pb_column type=\"4_4\" _builder_version=\"4.24.2\" _module_preset=\"default\" global_colors_info=\"{}\"][et_pb_text _builder_version=\"4.24.2\" _module_preset=\"default\" global_colors_info=\"{}\"]<\/p>\n<h3>COMO FUNCIONA?<\/h3>\n<p>[\/et_pb_text][\/et_pb_column][\/et_pb_row][et_pb_row column_structure=\"1_2,1_6,1_6,1_6\" _builder_version=\"4.24.0\" _module_preset=\"default\" global_colors_info=\"{}\"][et_pb_column type=\"1_2\" _builder_version=\"4.24.0\" _module_preset=\"default\" global_colors_info=\"{}\"][et_pb_image src=\"https:\/\/monicaottone.com\/wp-content\/uploads\/2024\/02\/SUCCESS.jpg\" title_text=\"SUCCESS\" force_fullwidth=\"on\" _builder_version=\"4.24.0\" _module_preset=\"default\" border_radii=\"on|19px|19px|19px|19px\" border_width_all=\"11px\" border_color_all=\"#4CA3B6\" global_colors_info=\"{}\"][\/et_pb_image][\/et_pb_column][et_pb_column type=\"1_6\" _builder_version=\"4.24.0\" _module_preset=\"default\" global_colors_info=\"{}\"][et_pb_text _builder_version=\"4.24.3\" _module_preset=\"default\" global_colors_info=\"{}\" hover_enabled=\"0\" sticky_enabled=\"0\"]<\/p>\n<p style=\"text-align: center;\"><strong>PRIMEIRA SESS\u00c3O<\/strong><\/p>\n<p style=\"text-align: center;\">Avalia\u00e7\u00e3o do hist\u00f3rico individual, defini\u00e7\u00e3o inteligente de metas e plano de a\u00e7\u00e3o<\/p>\n<p>[\/et_pb_text][\/et_pb_column][et_pb_column type=\"1_6\" _builder_version=\"4.24.0\" _module_preset=\"default\" global_colors_info=\"{}\"][et_pb_text _builder_version=\"4.24.3\" _module_preset=\"default\" hover_enabled=\"0\" global_colors_info=\"{}\" sticky_enabled=\"0\"]<\/p>\n<p style=\"text-align: center;\"><strong>SEGUNDA SESS\u00c3O<\/strong><\/p>\n<p style=\"text-align: center;\">Ensino na execu\u00e7\u00e3o do plano de a\u00e7\u00e3o, Ajuda na procura de solu\u00e7\u00f5es, Otimiza\u00e7\u00e3o<\/p>\n<p>[\/et_pb_text][\/et_pb_column][et_pb_column type=\"1_6\" _builder_version=\"4.24.0\" _module_preset=\"default\" global_colors_info=\"{}\"][et_pb_text _builder_version=\"4.24.3\" _module_preset=\"default\" hover_enabled=\"0\" global_colors_info=\"{}\" sticky_enabled=\"0\"]<\/p>\n<p style=\"text-align: center;\"><strong>TERCEIRA SESS\u00c3O<\/strong><\/p>\n<p style=\"text-align: center;\">Acompanhamento e Avalia\u00e7\u00e3o de Resultados<\/p>\n<p>[\/et_pb_text][\/et_pb_column][\/et_pb_row][et_pb_row column_structure=\"1_6,1_6,1_6,1_2\" _builder_version=\"4.24.0\" _module_preset=\"default\" global_colors_info=\"{}\"][et_pb_column type=\"1_6\" _builder_version=\"4.24.0\" _module_preset=\"default\" global_colors_info=\"{}\"][et_pb_text _builder_version=\"4.24.3\" _module_preset=\"default\" hover_enabled=\"0\" global_colors_info=\"{}\" sticky_enabled=\"0\"]<\/p>\n<p style=\"text-align: center;\"><strong>NUTRI\u00c7\u00c3O<\/strong><\/p>\n<p style=\"text-align: center;\">Promovemos o consumo de alimentos alcalinos e low carb, fornecendo fatos metab\u00f3licos b\u00e1sicos e dicas para encontrar, cozinhar e combinar ingredientes adequados.<\/p>\n<p>[\/et_pb_text][\/et_pb_column][et_pb_column type=\"1_6\" _builder_version=\"4.24.0\" _module_preset=\"default\" global_colors_info=\"{}\"][et_pb_text _builder_version=\"4.24.3\" _module_preset=\"default\" hover_enabled=\"0\" global_colors_info=\"{}\" sticky_enabled=\"0\"]<\/p>\n<p style=\"text-align: center;\"><strong>HIDRATA\u00c7\u00c3O<\/strong><\/p>\n<p style=\"text-align: center;\">Todos sabemos que a \u00e1gua \u00e9 a base da vida, mas precisamos aprender a preparar, ingerir e informar a \u00e1gua como fonte de energia e juventude.<\/p>\n<p>[\/et_pb_text][\/et_pb_column][et_pb_column type=\"1_6\" _builder_version=\"4.24.0\" _module_preset=\"default\" global_colors_info=\"{}\"][et_pb_text _builder_version=\"4.24.3\" _module_preset=\"default\" hover_enabled=\"0\" global_colors_info=\"{}\" sticky_enabled=\"0\"]<\/p>\n<p style=\"text-align: center;\"><strong>ENERGIA<\/strong><\/p>\n<p style=\"text-align: center;\">A f\u00edsica qu\u00e2ntica afirma que tudo \u00e9 energia, incluindo os seres humanos. Aprenderemos a regular a nossa energia atrav\u00e9s do movimento, da respira\u00e7\u00e3o e do pensamento.<\/p>\n<p>[\/et_pb_text][\/et_pb_column][et_pb_column type=\"1_2\" _builder_version=\"4.24.0\" _module_preset=\"default\" global_colors_info=\"{}\"][et_pb_image src=\"https:\/\/monicaottone.com\/wp-content\/uploads\/2024\/02\/lemon-water.jpg\" title_text=\"lemon water\" force_fullwidth=\"on\" _builder_version=\"4.24.0\" _module_preset=\"default\" border_radii=\"on|19px|19px|19px|19px\" border_width_all=\"11px\" border_color_all=\"#4CA3B6\" global_colors_info=\"{}\"][\/et_pb_image][\/et_pb_column][\/et_pb_row][et_pb_row column_structure=\"1_4,1_4,1_4,1_4\" _builder_version=\"4.24.0\" _module_preset=\"default\" global_colors_info=\"{}\"][et_pb_column type=\"1_4\" _builder_version=\"4.24.2\" _module_preset=\"default\" global_colors_info=\"{}\"][et_pb_image src=\"https:\/\/monicaottone.com\/wp-content\/uploads\/2024\/02\/Immagine-WhatsApp-2024-02-25-ore-15.11.03_4ba102de.jpg\" title_text=\"Immagine WhatsApp 2024-02-25 ore 15.11.03_4ba102de\" force_fullwidth=\"on\" _builder_version=\"4.24.0\" _module_preset=\"default\" border_radii=\"on|19px|19px|19px|19px\" border_width_all=\"11px\" border_color_all=\"#4CA3B6\" global_colors_info=\"{}\"][\/et_pb_image][\/et_pb_column][et_pb_column type=\"1_4\" _builder_version=\"4.24.0\" _module_preset=\"default\" global_colors_info=\"{}\"][et_pb_text _builder_version=\"4.24.3\" _module_preset=\"default\" hover_enabled=\"0\" global_colors_info=\"{}\" sticky_enabled=\"0\"]<\/p>\n<p style=\"text-align: center;\"><strong>O QUE EST\u00c1 INCLU\u00cdDO<\/p>\n<p><\/strong><\/p>\n<ul>\n<li style=\"text-align: left;\">3 sess\u00f5es individuais de 1,5h com grava\u00e7\u00e3o<\/li>\n<li style=\"text-align: left;\">1 plano di\u00e1rio personalizado<\/li>\n<li style=\"text-align: left;\">1 m\u00eas de assist\u00eancia Telegram<\/li>\n<\/ul>\n<p>[\/et_pb_text][\/et_pb_column][et_pb_column type=\"1_4\" _builder_version=\"4.24.0\" _module_preset=\"default\" global_colors_info=\"{}\"][et_pb_text _builder_version=\"4.24.3\" _module_preset=\"default\" hover_enabled=\"0\" global_colors_info=\"{}\" sticky_enabled=\"0\"]<\/p>\n<p style=\"text-align: center;\"><strong>B\u00d3NUS<\/p>\n<p><\/strong><\/p>\n<ul>\n<li>\n<p><strong>\u00a0<\/strong>e-book - dieta quetog\u00e9nica<\/p>\n<\/li>\n<li>\n<p>e-book - hidrata\u00e7\u00e3o saud\u00e1vel<\/p>\n<\/li>\n<li>1 pr\u00e1tica de medita\u00e7\u00e3o registada<\/li>\n<\/ul>\n<p>[\/et_pb_text][\/et_pb_column][et_pb_column type=\"1_4\" _builder_version=\"4.24.0\" _module_preset=\"default\" global_colors_info=\"{}\"][et_pb_text _builder_version=\"4.24.3\" _module_preset=\"default\" hover_enabled=\"0\" global_colors_info=\"{}\" sticky_enabled=\"0\"]<\/p>\n<p><strong>EXCLUSIVO<\/strong><\/p>\n<p><strong><\/strong><\/p>\n<ul>\n<li style=\"text-align: left;\">50% de desconto no acesso a 8 aulas de Girokinesys ON LINE<\/li>\n<\/ul>\n<p>[\/et_pb_text][\/et_pb_column][\/et_pb_row][et_pb_row _builder_version=\"4.24.0\" _module_preset=\"default\" global_colors_info=\"{}\"][et_pb_column type=\"4_4\" _builder_version=\"4.24.0\" _module_preset=\"default\" global_colors_info=\"{}\"][et_pb_text _builder_version=\"4.24.2\" _module_preset=\"default\" custom_margin=\"||||false|false\" custom_padding=\"||||false|false\" global_colors_info=\"{}\"]<\/p>\n<p style=\"text-align: justify;\">\n<p style=\"text-align: justify;\">A consultoria geralmente \u00e9 realizada em um m\u00eas, dependendo das necessidades do cliente e inclui assist\u00eancia no Telegram Chat durante toda a dura\u00e7\u00e3o do programa. O programa inclui materiais de forma\u00e7\u00e3o, gr\u00e1ficos e ferramentas personalizadas, acesso a aulas on-line de Girocinese a pre\u00e7o com desconto.<\/p>\n<p style=\"text-align: justify;\">Disclaimer:<\/p>\n<p style=\"text-align: justify;\">Este \u00e9 um servi\u00e7o de consultoria para facilitar a ado\u00e7\u00e3o de um estilo de vida mais saud\u00e1vel por escolhas bem informadas e auto-respons\u00e1veis. Por conseguinte, n\u00e3o se destina, de modo algum, a substituir o diagn\u00f3stico ou o tratamento de quaisquer patologias por um prestador profissional de cuidados de sa\u00fade. \u00c9 altamente recomend\u00e1vel consultar o seu m\u00e9dico antes de introduzir grandes mudan\u00e7as na sua dieta ou outros h\u00e1bitos de vida.<\/p>\n<p>[\/et_pb_text][\/et_pb_column][\/et_pb_row][\/et_pb_section][et_pb_section fb_built=\"1\" _builder_version=\"4.21.0\" _module_preset=\"default\" custom_padding=\"0px||1px|||\" da_disable_devices=\"off|off|off\" global_colors_info=\"{}\" da_is_popup=\"off\" da_exit_intent=\"off\" da_has_close=\"on\" da_alt_close=\"off\" da_dark_close=\"off\" da_not_modal=\"on\" da_is_singular=\"off\" da_with_loader=\"off\" da_has_shadow=\"on\"][et_pb_row _builder_version=\"4.21.0\" _module_preset=\"default\" global_colors_info=\"{}\"][et_pb_column type=\"4_4\" _builder_version=\"4.24.0\" _module_preset=\"default\" global_colors_info=\"{}\"][et_pb_button button_url=\"https:\/\/monicaottone.com\/pt-pt\/services-list\/?view=servicesearch&id_service=36\" button_text=\"BOOK SERVICE\" button_alignment=\"center\" _builder_version=\"4.24.3\" _module_preset=\"88da5b7c-3bac-4430-8296-c10a3f42efbf\" button_text_color=\"#ffffff\" button_bg_color=\"#75CAE8\" button_border_width=\"0px\" button_icon=\"&#xf073;||fa||900\" button_icon_color=\"#ffffff\" hover_enabled=\"0\" box_shadow_style=\"preset2\" global_colors_info=\"{}\" sticky_enabled=\"0\"][\/et_pb_button][\/et_pb_column][\/et_pb_row][\/et_pb_section]<\/p>\n","protected":false},"excerpt":{"rendered":"<p>CONSULTORIA NATUROP\u00c1TICA DE LIFESTYLEA F\u00d3RMULA 1,2,3 EXCLUSIVA E EFICAZ PARA SIESTE \u00c9 PARA VOC\u00ca SE VOC\u00ca AINDA QUER PERDER 10Kg PARA SEMPRE, SE VOC\u00ca AINDA EST\u00c1 LUTANDO COM ESSE REFLUXO APESAR DAS P\u00cdLULAS, SE VOC\u00ca N\u00c3O PODE DORMIR PELO MENOS 6 HORAS POR NOITE....... E TUDO DEPOIS DE ANOS DE TENTATIVAS EU SEI COMO VOC\u00ca [&hellip;]<\/p>\n","protected":false},"author":3,"featured_media":0,"parent":0,"menu_order":0,"comment_status":"closed","ping_status":"closed","template":"","meta":{"_et_pb_use_builder":"on","_et_pb_old_content":"","_et_gb_content_width":"","footnotes":""},"class_list":["post-6203","page","type-page","status-publish","hentry"],"_links":{"self":[{"href":"https:\/\/monicaottone.com\/pt-pt\/wp-json\/wp\/v2\/pages\/6203","targetHints":{"allow":["GET"]}}],"collection":[{"href":"https:\/\/monicaottone.com\/pt-pt\/wp-json\/wp\/v2\/pages"}],"about":[{"href":"https:\/\/monicaottone.com\/pt-pt\/wp-json\/wp\/v2\/types\/page"}],"author":[{"embeddable":true,"href":"https:\/\/monicaottone.com\/pt-pt\/wp-json\/wp\/v2\/users\/3"}],"replies":[{"embeddable":true,"href":"https:\/\/monicaottone.com\/pt-pt\/wp-json\/wp\/v2\/comments?post=6203"}],"version-history":[{"count":5,"href":"https:\/\/monicaottone.com\/pt-pt\/wp-json\/wp\/v2\/pages\/6203\/revisions"}],"predecessor-version":[{"id":6439,"href":"https:\/\/monicaottone.com\/pt-pt\/wp-json\/wp\/v2\/pages\/6203\/revisions\/6439"}],"wp:attachment":[{"href":"https:\/\/monicaottone.com\/pt-pt\/wp-json\/wp\/v2\/media?parent=6203"}],"curies":[{"name":"wp","href":"https:\/\/api.w.org\/{rel}","templated":true}]}}